{"id":17353,"date":"2017-07-18T22:41:00","date_gmt":"2017-07-18T22:41:00","guid":{"rendered":"https:\/\/xenum.com\/strona-startowa\/produkty\/oleje\/silnik\/olej-konwencjonalny\/runner-10w40\/"},"modified":"2023-04-18T10:09:56","modified_gmt":"2023-04-18T09:09:56","slug":"runner-10w40","status":"publish","type":"page","link":"https:\/\/xenum.com\/pl\/strona-startowa\/produkty\/oleje\/silnik\/olej-konwencjonalny\/runner-10w40\/","title":{"rendered":"RUNNER 10W40"},"content":{"rendered":"<p>Zaawansowany olej silnikowy, opracowany specjalnie w celu ochrony krytycznych cz\u0119\u015bci silnika w pojazdach o wi\u0119kszym przebiegu (ponad 120.000 km). Olej sk\u0142ada si\u0119 ze specjalnych olej\u00f3w bazowych ze specjalnymi \u015brodkami uszczelniaj\u0105cymi i dodatkami, kt\u00f3re redukuj\u0105 szlam, zapobiegaj\u0105 powstawaniu osad\u00f3w i wyd\u0142u\u017caj\u0105 \u017cywotno\u015b\u0107 silnika. Specjalne \u015brodki uszczelniaj\u0105ce chroni\u0105 przed wyciekami w starszych silnikach i zmniejszaj\u0105 zu\u017cycie oleju.<\/p>\n<p>Ten olej silnikowy chroni Tw\u00f3j silnik, jednocze\u015bnie redukuj\u0105c efekty wieku.<\/p>\n<h3><strong>W\u0142a\u015bciwo\u015bci<\/strong><\/h3>\n<ul>\n<li>Spowalnia proces starzenia si\u0119 silnika<\/li>\n<li>Poprawia ochron\u0119 przed zu\u017cyciem<\/li>\n<li>Zwi\u0119ksza odporno\u015b\u0107 na utlenianie<\/li>\n<li>Zapewnia bardzo dobre w\u0142a\u015bciwo\u015bci czyszcz\u0105ce<\/li>\n<li>Zapewnia dobre w\u0142a\u015bciwo\u015bci rozruchu zimnego silnika<\/li>\n<li>Zmniejsza zu\u017cycie oleju<\/li>\n<li>Poprawia stan uszczelek i zapobiega wyciekom oleju<\/li>\n<\/ul>\n<h3><strong>SPECYFIKACJE<\/strong><\/h3>\n<ul>\n<li>ACEA: A3\/B3<\/li>\n<\/ul>\n<h3><strong>OPAKOWANIE<\/strong><\/h3>\n<p>12X1L, 4X4L, 4X5L, 20L, 60L, 208L<\/p>\n","protected":false},"excerpt":{"rendered":"<p>Zaawansowany olej silnikowy, opracowany specjalnie w celu ochrony krytycznych cz\u0119\u015bci silnika w pojazdach o wi\u0119kszym przebiegu (ponad 120.000 km). Olej sk\u0142ada si\u0119 ze specjalnych olej\u00f3w bazowych ze specjalnymi \u015brodkami uszczelniaj\u0105cymi i dodatkami, kt\u00f3re redukuj\u0105 szlam, zapobiegaj\u0105 powstawaniu osad\u00f3w i wyd\u0142u\u017caj\u0105 \u017cywotno\u015b\u0107 silnika. Specjalne \u015brodki uszczelniaj\u0105ce chroni\u0105 przed wyciekami w starszych silnikach i zmniejszaj\u0105 zu\u017cycie oleju. [&hellip;]<\/p>\n","protected":false},"author":1,"featured_media":15297,"parent":17289,"menu_order":14,"comment_status":"closed","ping_status":"closed","template":"product-page.php","meta":{"_acf_changed":false,"inline_featured_image":false,"footnotes":""},"class_list":["post-17353","page","type-page","status-publish","has-post-thumbnail","hentry"],"acf":[],"_links":{"self":[{"href":"https:\/\/xenum.com\/pl\/wp-json\/wp\/v2\/pages\/17353","targetHints":{"allow":["GET"]}}],"collection":[{"href":"https:\/\/xenum.com\/pl\/wp-json\/wp\/v2\/pages"}],"about":[{"href":"https:\/\/xenum.com\/pl\/wp-json\/wp\/v2\/types\/page"}],"author":[{"embeddable":true,"href":"https:\/\/xenum.com\/pl\/wp-json\/wp\/v2\/users\/1"}],"replies":[{"embeddable":true,"href":"https:\/\/xenum.com\/pl\/wp-json\/wp\/v2\/comments?post=17353"}],"version-history":[{"count":3,"href":"https:\/\/xenum.com\/pl\/wp-json\/wp\/v2\/pages\/17353\/revisions"}],"predecessor-version":[{"id":21412,"href":"https:\/\/xenum.com\/pl\/wp-json\/wp\/v2\/pages\/17353\/revisions\/21412"}],"up":[{"embeddable":true,"href":"https:\/\/xenum.com\/pl\/wp-json\/wp\/v2\/pages\/17289"}],"wp:featuredmedia":[{"embeddable":true,"href":"https:\/\/xenum.com\/pl\/wp-json\/wp\/v2\/media\/15297"}],"wp:attachment":[{"href":"https:\/\/xenum.com\/pl\/wp-json\/wp\/v2\/media?parent=17353"}],"curies":[{"name":"wp","href":"https:\/\/api.w.org\/{rel}","templated":true}]}}