{"id":17342,"date":"2020-02-17T18:57:26","date_gmt":"2020-02-17T18:57:26","guid":{"rendered":"https:\/\/xenum.com\/strona-startowa\/produkty\/oleje\/silnik\/syntetyk-hybrydowy\/semix-0w30\/"},"modified":"2023-06-22T11:40:58","modified_gmt":"2023-06-22T10:40:58","slug":"semix-0w30","status":"publish","type":"page","link":"https:\/\/xenum.com\/pl\/strona-startowa\/produkty\/oleje\/silnik\/syntetyk-hybrydowy\/semix-0w30\/","title":{"rendered":"SEMIX 0W30"},"content":{"rendered":"<p>SEMIX 0W30 to hybrydowy, syntetyczny olej silnikowy opracowany specjalnie do stosowania w silnikach benzynowych i wysokopr\u0119\u017cnych z turbodo\u0142adowaniem i bez w samochodach osobowych i dostawczych. Ten wszechstronny olej zosta\u0142 zaprojektowany z my\u015bl\u0105 o zapewnieniu doskona\u0142ej ochrony przed zu\u017cyciem i zwi\u0119kszeniu oszcz\u0119dno\u015bci paliwa. Mo\u017ce by\u0107 stosowany przez ca\u0142y rok, nawet w ekstremalnie niskich temperaturach.<\/p>\n<h2><strong>W\u0141A\u015aCIWO\u015aCI<\/strong><\/h2>\n<ul>\n<li>Zapewnia doskona\u0142\u0105 ochron\u0119 przed tarciem i zu\u017cyciem, nawet w ekstremalnie niskich temperaturach<\/li>\n<li>Zwi\u0119ksza oszcz\u0119dno\u015b\u0107 paliwa<\/li>\n<li>Zmniejsza emisj\u0119 CO\u2082<\/li>\n<li>Poprawia wydajno\u015b\u0107 rozruchu zimnego silnika<\/li>\n<li>Wykazuje silne w\u0142a\u015bciwo\u015bci detergencyjne, zapobiegaj\u0105c powstawaniu osad\u00f3w w silniku<\/li>\n<li>Wysoka odporno\u015b\u0107 na \u015bcinanie<\/li>\n<li>Utrzymuje niski i stabilny wska\u017anik lepko\u015bci<\/li>\n<li>Wykazuje wyj\u0105tkow\u0105 p\u0142ynno\u015b\u0107, nawet w niskich temperaturach<\/li>\n<\/ul>\n<h2><strong>APLIKACJA<\/strong><\/h2>\n<p>Przeznaczony do stosowania w silnikach wysokopr\u0119\u017cnych i benzynowych pojazd\u00f3w osobowych grupy BMW. Odpowiedni r\u00f3wnie\u017c do innych silnik\u00f3w wysokopr\u0119\u017cnych i benzynowych OEM, kt\u00f3re wymagaj\u0105 oleju o niskiej zawarto\u015bci SAPS i klasie lepko\u015bci 0W30.<\/p>\n<h3><strong>SPECYFIKACJE<\/strong><\/h3>\n<ul>\n<li>ACEA A3\/B4<\/li>\n<li>API SH\/CF<\/li>\n<li>BMW Longlife-01<\/li>\n<li>MB 229.3\/226.5<\/li>\n<li>Renault RN0700<\/li>\n<li>VW 502.00\/505.00<\/li>\n<li>API SN\/CF *)<\/li>\n<li>*) API SN quality only; not-licensable due to phosphorus-limit<\/li>\n<\/ul>\n<h3 class=\"TDSSection\"><strong>OPAKOWANIE<\/strong><\/h3>\n<div id=\"the-product-details\" class=\"ct-div-block\">\n<div id=\"text_block-25-15726\" class=\"ct-text-block\">\n<p>12X1L, 4X4L, 4X5L, 20L, 60L, 208L<\/p>\n<\/div>\n<\/div>\n","protected":false},"excerpt":{"rendered":"<p>SEMIX 0W30 to hybrydowy, syntetyczny olej silnikowy opracowany specjalnie do stosowania w silnikach benzynowych i wysokopr\u0119\u017cnych z turbodo\u0142adowaniem i bez w samochodach osobowych i dostawczych. Ten wszechstronny olej zosta\u0142 zaprojektowany z my\u015bl\u0105 o zapewnieniu doskona\u0142ej ochrony przed zu\u017cyciem i zwi\u0119kszeniu oszcz\u0119dno\u015bci paliwa. Mo\u017ce by\u0107 stosowany przez ca\u0142y rok, nawet w ekstremalnie niskich temperaturach. W\u0141A\u015aCIWO\u015aCI Zapewnia [&hellip;]<\/p>\n","protected":false},"author":9,"featured_media":14946,"parent":17286,"menu_order":0,"comment_status":"closed","ping_status":"closed","template":"product-page.php","meta":{"_acf_changed":false,"inline_featured_image":false,"footnotes":""},"class_list":["post-17342","page","type-page","status-publish","has-post-thumbnail","hentry"],"acf":[],"_links":{"self":[{"href":"https:\/\/xenum.com\/pl\/wp-json\/wp\/v2\/pages\/17342","targetHints":{"allow":["GET"]}}],"collection":[{"href":"https:\/\/xenum.com\/pl\/wp-json\/wp\/v2\/pages"}],"about":[{"href":"https:\/\/xenum.com\/pl\/wp-json\/wp\/v2\/types\/page"}],"author":[{"embeddable":true,"href":"https:\/\/xenum.com\/pl\/wp-json\/wp\/v2\/users\/9"}],"replies":[{"embeddable":true,"href":"https:\/\/xenum.com\/pl\/wp-json\/wp\/v2\/comments?post=17342"}],"version-history":[{"count":5,"href":"https:\/\/xenum.com\/pl\/wp-json\/wp\/v2\/pages\/17342\/revisions"}],"predecessor-version":[{"id":23364,"href":"https:\/\/xenum.com\/pl\/wp-json\/wp\/v2\/pages\/17342\/revisions\/23364"}],"up":[{"embeddable":true,"href":"https:\/\/xenum.com\/pl\/wp-json\/wp\/v2\/pages\/17286"}],"wp:featuredmedia":[{"embeddable":true,"href":"https:\/\/xenum.com\/pl\/wp-json\/wp\/v2\/media\/14946"}],"wp:attachment":[{"href":"https:\/\/xenum.com\/pl\/wp-json\/wp\/v2\/media?parent=17342"}],"curies":[{"name":"wp","href":"https:\/\/api.w.org\/{rel}","templated":true}]}}