{"id":17340,"date":"2021-08-13T12:45:49","date_gmt":"2021-08-13T12:45:49","guid":{"rendered":"https:\/\/xenum.com\/strona-startowa\/produkty\/oleje\/silnik\/syntetyk-hybrydowy\/semix-5w30\/"},"modified":"2023-06-22T12:20:27","modified_gmt":"2023-06-22T11:20:27","slug":"semix-5w30","status":"publish","type":"page","link":"https:\/\/xenum.com\/pl\/strona-startowa\/produkty\/oleje\/silnik\/syntetyk-hybrydowy\/semix-5w30\/","title":{"rendered":"SEMIX 5W30"},"content":{"rendered":"<p>SEMIX 5W30 to hybrydowy, syntetyczny olej silnikowy opracowany specjalnie do stosowania w silnikach benzynowych i wysokopr\u0119\u017cnych z turbodo\u0142adowaniem i bez w samochodach osobowych i dostawczych. Ten wszechstronny olej zapewnia doskona\u0142\u0105 ochron\u0119 przed zu\u017cyciem i oszcz\u0119dno\u015b\u0107 paliwa.<\/p>\n<h2><strong>W\u0141A\u015aCIWO\u015aCI<\/strong><\/h2>\n<ul>\n<li>Zapewnia doskona\u0142\u0105 ochron\u0119 przed tarciem i zu\u017cyciem<\/li>\n<li>Zwi\u0119ksza oszcz\u0119dno\u015b\u0107 paliwa<\/li>\n<li>Zmniejsza emisj\u0119 CO\u2082<\/li>\n<li>Poprawia wydajno\u015b\u0107 rozruchu zimnego silnika<\/li>\n<li>Wykazuje silne w\u0142a\u015bciwo\u015bci detergencyjne, zapobiegaj\u0105c powstawaniu osad\u00f3w w silniku<\/li>\n<li>Zapewnia doskona\u0142\u0105 odporno\u015b\u0107 na utlenianie i \u015bcinanie<\/li>\n<li>Utrzymuje stabilny wska\u017anik lepko\u015bci<\/li>\n<li>Wykazuje wyj\u0105tkow\u0105 p\u0142ynno\u015b\u0107 w niskich temperaturach<\/li>\n<\/ul>\n<h2><strong>APLIKACJA<\/strong><\/h2>\n<p>Specjalnie opracowany, aby spe\u0142ni\u0107 najnowsze wymagania r\u00f3\u017cnych ameryka\u0144skich i azjatyckich samochod\u00f3w osobowych, SUV-\u00f3w i van\u00f3w. Pierwotnie przeznaczony do silnik\u00f3w benzynowych z wtryskiem paliwa, w tym wyposa\u017conych w turbospr\u0119\u017carki i uk\u0142ady wielozaworowe, mo\u017ce by\u0107 r\u00f3wnie\u017c bezpiecznie stosowany w lekkich silnikach wysokopr\u0119\u017cnych bez filtr\u00f3w cz\u0105stek sta\u0142ych.<\/p>\n<h3><strong>SPECYFIKACJE<\/strong><\/h3>\n<ul>\n<li>API: SN\/CF<\/li>\n<li>ACEA: A3\/B4<\/li>\n<li>VW 502.00 \/ 505.00<\/li>\n<li>MB 229.3 \/ 226.5<\/li>\n<li>BMW: Longlife-01<\/li>\n<li>OPEL GM-LL-B-25<\/li>\n<li>RENAULT 0700<\/li>\n<\/ul>\n<h3><strong>OPAKOWANIE<\/strong><\/h3>\n<p>12X1L, 4X4L, 4X5L, 20L, 60L, 208L<\/p>\n","protected":false},"excerpt":{"rendered":"<p>SEMIX 5W30 to hybrydowy, syntetyczny olej silnikowy opracowany specjalnie do stosowania w silnikach benzynowych i wysokopr\u0119\u017cnych z turbodo\u0142adowaniem i bez w samochodach osobowych i dostawczych. Ten wszechstronny olej zapewnia doskona\u0142\u0105 ochron\u0119 przed zu\u017cyciem i oszcz\u0119dno\u015b\u0107 paliwa. W\u0141A\u015aCIWO\u015aCI Zapewnia doskona\u0142\u0105 ochron\u0119 przed tarciem i zu\u017cyciem Zwi\u0119ksza oszcz\u0119dno\u015b\u0107 paliwa Zmniejsza emisj\u0119 CO\u2082 Poprawia wydajno\u015b\u0107 rozruchu zimnego silnika [&hellip;]<\/p>\n","protected":false},"author":1,"featured_media":15432,"parent":17286,"menu_order":4,"comment_status":"closed","ping_status":"closed","template":"product-page.php","meta":{"_acf_changed":false,"inline_featured_image":false,"footnotes":""},"class_list":["post-17340","page","type-page","status-publish","has-post-thumbnail","hentry"],"acf":[],"_links":{"self":[{"href":"https:\/\/xenum.com\/pl\/wp-json\/wp\/v2\/pages\/17340","targetHints":{"allow":["GET"]}}],"collection":[{"href":"https:\/\/xenum.com\/pl\/wp-json\/wp\/v2\/pages"}],"about":[{"href":"https:\/\/xenum.com\/pl\/wp-json\/wp\/v2\/types\/page"}],"author":[{"embeddable":true,"href":"https:\/\/xenum.com\/pl\/wp-json\/wp\/v2\/users\/1"}],"replies":[{"embeddable":true,"href":"https:\/\/xenum.com\/pl\/wp-json\/wp\/v2\/comments?post=17340"}],"version-history":[{"count":4,"href":"https:\/\/xenum.com\/pl\/wp-json\/wp\/v2\/pages\/17340\/revisions"}],"predecessor-version":[{"id":23402,"href":"https:\/\/xenum.com\/pl\/wp-json\/wp\/v2\/pages\/17340\/revisions\/23402"}],"up":[{"embeddable":true,"href":"https:\/\/xenum.com\/pl\/wp-json\/wp\/v2\/pages\/17286"}],"wp:featuredmedia":[{"embeddable":true,"href":"https:\/\/xenum.com\/pl\/wp-json\/wp\/v2\/media\/15432"}],"wp:attachment":[{"href":"https:\/\/xenum.com\/pl\/wp-json\/wp\/v2\/media?parent=17340"}],"curies":[{"name":"wp","href":"https:\/\/api.w.org\/{rel}","templated":true}]}}