{"id":17339,"date":"2021-08-13T13:31:57","date_gmt":"2021-08-13T13:31:57","guid":{"rendered":"https:\/\/xenum.com\/strona-startowa\/produkty\/oleje\/silnik\/syntetyk-hybrydowy\/semix-5w40\/"},"modified":"2023-03-28T10:55:36","modified_gmt":"2023-03-28T09:55:36","slug":"semix-5w40","status":"publish","type":"page","link":"https:\/\/xenum.com\/pl\/strona-startowa\/produkty\/oleje\/silnik\/syntetyk-hybrydowy\/semix-5w40\/","title":{"rendered":"SEMIX 5W40"},"content":{"rendered":"<p>Uniwersalny, oszcz\u0119dzaj\u0105cy paliwo, specjalnie skomponowany hybrydowy syntetyczny olej silnikowy zalecany do stosowania w silnikach benzynowych i wysokopr\u0119\u017cnych, z turbodo\u0142adowaniem lub bez, w samochodach osobowych i dostawczych.<\/p>\n<h2><strong>W\u0141A\u015aCIWO\u015aCI<\/strong><\/h2>\n<ul>\n<li>Stabilny wska\u017anik lepko\u015bci.<\/li>\n<li>Wysoka odporno\u015b\u0107 na \u015bcinanie.<\/li>\n<li>Szybki i bezpieczny rozruch na zimno.<\/li>\n<li>Doskona\u0142a p\u0142ynno\u015b\u0107 w niskiej temperaturze.<\/li>\n<li>Oszcz\u0119dno\u015b\u0107 paliwa i redukcja CO2.<\/li>\n<li>Silna odporno\u015b\u0107 i ochrona przed zu\u017cyciem.<\/li>\n<li>Silne dzia\u0142anie detergentowe zapobiega powstawaniu osad\u00f3w w silniku.<\/li>\n<li>Bezpieczny film smarny.<\/li>\n<li>Bardzo silna odporno\u015b\u0107 na utlenianie.<\/li>\n<\/ul>\n<h2><strong>APLIKACJA<\/strong><\/h2>\n<p>Olej ten stosowany jest w silnikach benzynowych samochod\u00f3w, kt\u00f3re wymagaj\u0105 najwy\u017cszych osi\u0105g\u00f3w oraz w silnikach Diesla samochod\u00f3w osobowych z turbo i bezpo\u015brednim wtryskiem paliwa. Wysoka jako\u015b\u0107 pozwala na wyd\u0142u\u017cone okresy mi\u0119dzy wymianami oleju, zgodnie ze specyficznymi wymaganiami producent\u00f3w. Nie nadaje si\u0119 do samochod\u00f3w wyposa\u017conych w filtr DPF.<\/p>\n<h3><strong>SPECYFIKACJE<\/strong><\/h3>\n<ul>\n<li>ACEA: A3\/B4<\/li>\n<li><span style=\"font-size: revert; color: initial;\">API: SN\/CF<\/span><\/li>\n<li><span style=\"font-size: revert; color: initial;\">BMW: LONGLIFE-01<\/span><\/li>\n<li><span style=\"font-size: revert; color: initial;\">MB: 226.5<\/span><\/li>\n<li><span style=\"font-size: revert; color: initial;\">MB: 229.3<\/span><\/li>\n<li><span style=\"font-size: revert; color: initial;\">OPEL: GM-LL-B-025<\/span><\/li>\n<li><span style=\"font-size: revert; color: initial;\">Fiat 9.55535-M2<\/span><\/li>\n<li><span style=\"font-size: revert; color: initial;\">PORSCHE: A40<\/span><\/li>\n<li><span style=\"font-size: revert; color: initial;\">PSA: B71 2296<\/span><\/li>\n<li><span style=\"font-size: revert; color: initial;\">RENAULT: RN 0700<\/span><\/li>\n<li><span style=\"font-size: revert; color: initial;\">RENAULT: RN 0710<\/span><\/li>\n<li><span style=\"font-size: revert; color: initial;\">VW: 502 00<\/span><\/li>\n<li><span style=\"font-size: revert; color: initial;\">VW: 505 00<\/span><\/li>\n<li><span style=\"font-size: revert; color: initial;\">VW: 505 01<\/span><\/li>\n<\/ul>\n<h3><strong>OPAKOWANIE<\/strong><\/h3>\n<p>12X1L, 4X4L, 4X5L, 20L, 60L, 208L<\/p>\n","protected":false},"excerpt":{"rendered":"<p>Uniwersalny, oszcz\u0119dzaj\u0105cy paliwo, specjalnie skomponowany hybrydowy syntetyczny olej silnikowy zalecany do stosowania w silnikach benzynowych i wysokopr\u0119\u017cnych, z turbodo\u0142adowaniem lub bez, w samochodach osobowych i dostawczych. W\u0141A\u015aCIWO\u015aCI Stabilny wska\u017anik lepko\u015bci. Wysoka odporno\u015b\u0107 na \u015bcinanie. Szybki i bezpieczny rozruch na zimno. Doskona\u0142a p\u0142ynno\u015b\u0107 w niskiej temperaturze. Oszcz\u0119dno\u015b\u0107 paliwa i redukcja CO2. Silna odporno\u015b\u0107 i ochrona przed [&hellip;]<\/p>\n","protected":false},"author":1,"featured_media":15441,"parent":17286,"menu_order":5,"comment_status":"closed","ping_status":"closed","template":"product-page.php","meta":{"_acf_changed":false,"inline_featured_image":false,"footnotes":""},"class_list":["post-17339","page","type-page","status-publish","has-post-thumbnail","hentry"],"acf":[],"_links":{"self":[{"href":"https:\/\/xenum.com\/pl\/wp-json\/wp\/v2\/pages\/17339","targetHints":{"allow":["GET"]}}],"collection":[{"href":"https:\/\/xenum.com\/pl\/wp-json\/wp\/v2\/pages"}],"about":[{"href":"https:\/\/xenum.com\/pl\/wp-json\/wp\/v2\/types\/page"}],"author":[{"embeddable":true,"href":"https:\/\/xenum.com\/pl\/wp-json\/wp\/v2\/users\/1"}],"replies":[{"embeddable":true,"href":"https:\/\/xenum.com\/pl\/wp-json\/wp\/v2\/comments?post=17339"}],"version-history":[{"count":5,"href":"https:\/\/xenum.com\/pl\/wp-json\/wp\/v2\/pages\/17339\/revisions"}],"predecessor-version":[{"id":21255,"href":"https:\/\/xenum.com\/pl\/wp-json\/wp\/v2\/pages\/17339\/revisions\/21255"}],"up":[{"embeddable":true,"href":"https:\/\/xenum.com\/pl\/wp-json\/wp\/v2\/pages\/17286"}],"wp:featuredmedia":[{"embeddable":true,"href":"https:\/\/xenum.com\/pl\/wp-json\/wp\/v2\/media\/15441"}],"wp:attachment":[{"href":"https:\/\/xenum.com\/pl\/wp-json\/wp\/v2\/media?parent=17339"}],"curies":[{"name":"wp","href":"https:\/\/api.w.org\/{rel}","templated":true}]}}