{"id":17338,"date":"2021-08-18T08:14:28","date_gmt":"2021-08-18T08:14:28","guid":{"rendered":"https:\/\/xenum.com\/strona-startowa\/produkty\/oleje\/silnik\/syntetyk-hybrydowy\/semix-10w30\/"},"modified":"2023-03-28T11:28:41","modified_gmt":"2023-03-28T10:28:41","slug":"semix-10w30","status":"publish","type":"page","link":"https:\/\/xenum.com\/pl\/strona-startowa\/produkty\/oleje\/silnik\/syntetyk-hybrydowy\/semix-10w30\/","title":{"rendered":"SEMIX 10W30"},"content":{"rendered":"<p>Uniwersalny, oszcz\u0119dzaj\u0105cy paliwo, specjalnie skomponowany hybrydowy syntetyczny olej silnikowy zalecany do stosowania w silnikach benzynowych i wysokopr\u0119\u017cnych, z turbodo\u0142adowaniem lub bez, w samochodach osobowych i dostawczych.<\/p>\n<h2><strong>W\u0141A\u015aCIWO\u015aCI<\/strong><\/h2>\n<ul>\n<li>Stabilny wska\u017anik lepko\u015bci.<\/li>\n<li>Wysoka odporno\u015b\u0107 na \u015bcinanie.<\/li>\n<li>Szybki i bezpieczny rozruch na zimno.<\/li>\n<li>Doskona\u0142a p\u0142ynno\u015b\u0107 w niskiej temperaturze.<\/li>\n<li>Silna odporno\u015b\u0107 i ochrona przed zu\u017cyciem.<\/li>\n<li>Silne dzia\u0142anie detergentowe zapobiega powstawaniu osad\u00f3w w silniku.<\/li>\n<li>Silna odporno\u015b\u0107 na utlenianie.<\/li>\n<li>Niska zawarto\u015b\u0107 popio\u0142u.<\/li>\n<\/ul>\n<h2><strong>APLIKACJA<\/strong><\/h2>\n<p>4-suwowe silniki Diesla z lub bez turbo samochod\u00f3w osobowych.4-suwowe silniki benzynowe<\/p>\n<h3><strong>SPECYFIKACJE<\/strong><\/h3>\n<ul>\n<li>ACEA: A3\/B3<\/li>\n<li>ACEA: A3\/B4<\/li>\n<li>API: SM\/CF<\/li>\n<li>MB: 229.1<\/li>\n<\/ul>\n<h3><strong>OPAKOWANIE<\/strong><\/h3>\n<p>12X1L, 4X4L, 4X5L, 20L, 60L, 208L<\/p>\n","protected":false},"excerpt":{"rendered":"<p>Uniwersalny, oszcz\u0119dzaj\u0105cy paliwo, specjalnie skomponowany hybrydowy syntetyczny olej silnikowy zalecany do stosowania w silnikach benzynowych i wysokopr\u0119\u017cnych, z turbodo\u0142adowaniem lub bez, w samochodach osobowych i dostawczych. W\u0141A\u015aCIWO\u015aCI Stabilny wska\u017anik lepko\u015bci. Wysoka odporno\u015b\u0107 na \u015bcinanie. Szybki i bezpieczny rozruch na zimno. Doskona\u0142a p\u0142ynno\u015b\u0107 w niskiej temperaturze. Silna odporno\u015b\u0107 i ochrona przed zu\u017cyciem. Silne dzia\u0142anie detergentowe zapobiega [&hellip;]<\/p>\n","protected":false},"author":1,"featured_media":15450,"parent":17286,"menu_order":6,"comment_status":"closed","ping_status":"closed","template":"product-page.php","meta":{"_acf_changed":false,"inline_featured_image":false,"footnotes":""},"class_list":["post-17338","page","type-page","status-publish","has-post-thumbnail","hentry"],"acf":[],"_links":{"self":[{"href":"https:\/\/xenum.com\/pl\/wp-json\/wp\/v2\/pages\/17338","targetHints":{"allow":["GET"]}}],"collection":[{"href":"https:\/\/xenum.com\/pl\/wp-json\/wp\/v2\/pages"}],"about":[{"href":"https:\/\/xenum.com\/pl\/wp-json\/wp\/v2\/types\/page"}],"author":[{"embeddable":true,"href":"https:\/\/xenum.com\/pl\/wp-json\/wp\/v2\/users\/1"}],"replies":[{"embeddable":true,"href":"https:\/\/xenum.com\/pl\/wp-json\/wp\/v2\/comments?post=17338"}],"version-history":[{"count":3,"href":"https:\/\/xenum.com\/pl\/wp-json\/wp\/v2\/pages\/17338\/revisions"}],"predecessor-version":[{"id":21273,"href":"https:\/\/xenum.com\/pl\/wp-json\/wp\/v2\/pages\/17338\/revisions\/21273"}],"up":[{"embeddable":true,"href":"https:\/\/xenum.com\/pl\/wp-json\/wp\/v2\/pages\/17286"}],"wp:featuredmedia":[{"embeddable":true,"href":"https:\/\/xenum.com\/pl\/wp-json\/wp\/v2\/media\/15450"}],"wp:attachment":[{"href":"https:\/\/xenum.com\/pl\/wp-json\/wp\/v2\/media?parent=17338"}],"curies":[{"name":"wp","href":"https:\/\/api.w.org\/{rel}","templated":true}]}}