{"id":17337,"date":"2021-08-18T09:05:02","date_gmt":"2021-08-18T09:05:02","guid":{"rendered":"https:\/\/xenum.com\/strona-startowa\/produkty\/oleje\/silnik\/syntetyk-hybrydowy\/semix-10w40\/"},"modified":"2023-03-28T12:55:02","modified_gmt":"2023-03-28T11:55:02","slug":"semix-10w40","status":"publish","type":"page","link":"https:\/\/xenum.com\/pl\/strona-startowa\/produkty\/oleje\/silnik\/syntetyk-hybrydowy\/semix-10w40\/","title":{"rendered":"SEMIX 10W40"},"content":{"rendered":"<p>Uniwersalny, paliwooszcz\u0119dny, specjalnie skomponowany hybrydowy syntetyczny olej silnikowy zalecany do stosowania w silnikach benzynowych i wysokopr\u0119\u017cnych z turbodo\u0142adowaniem lub bez, w samochodach osobowych i dostawczych.<\/p>\n<h2><strong>W\u0141A\u015aCIWO\u015aCI<\/strong><\/h2>\n<ul>\n<li>Zmniejsza zu\u017cycie oleju.<\/li>\n<li>Bardzo stabilny wska\u017anik lepko\u015bci.<\/li>\n<li>Wysoka odporno\u015b\u0107 na \u015bcinanie.<\/li>\n<li>Zwi\u0119ksza ci\u015bnienie oleju.<\/li>\n<li>Silna odporno\u015b\u0107 i ochrona przed zu\u017cyciem.<\/li>\n<li>Silne dzia\u0142anie detergentowe zapobiega powstawaniu osad\u00f3w w silniku.<\/li>\n<li>Bezpieczny film smarny.<\/li>\n<li>Bardzo dobre w\u0142a\u015bciwo\u015bci detergentowe.<\/li>\n<\/ul>\n<h2><strong>APLIKACJA<\/strong><\/h2>\n<p>Zalecany do stosowania we wszystkich silnikach benzynowych i Diesla, z lub bez turbodo\u0142adowania, w samochodach osobowych i dostawczych, gdzie wymagane s\u0105 odpowiednie specyfikacje. Zastosowa\u0107 odpowiedni\u0105 ilo\u015b\u0107 oleju wskazan\u0105 w instrukcji obs\u0142ugi producenta pojazdu i silnika.<\/p>\n<h3><strong>SPECYFIKACJE<\/strong><\/h3>\n<ul>\n<li>ACEA A3\/B4<\/li>\n<li>API SN\/CF<\/li>\n<li>MB 229.1<\/li>\n<li>RN0700<\/li>\n<li>VW501.01\/505.00<\/li>\n<\/ul>\n<h3><strong>OPAKOWANIE<\/strong><\/h3>\n<p>12X1L, 4X4L, 4X5L, 20L, 60L, 208L<\/p>\n","protected":false},"excerpt":{"rendered":"<p>Uniwersalny, paliwooszcz\u0119dny, specjalnie skomponowany hybrydowy syntetyczny olej silnikowy zalecany do stosowania w silnikach benzynowych i wysokopr\u0119\u017cnych z turbodo\u0142adowaniem lub bez, w samochodach osobowych i dostawczych. W\u0141A\u015aCIWO\u015aCI Zmniejsza zu\u017cycie oleju. Bardzo stabilny wska\u017anik lepko\u015bci. Wysoka odporno\u015b\u0107 na \u015bcinanie. Zwi\u0119ksza ci\u015bnienie oleju. Silna odporno\u015b\u0107 i ochrona przed zu\u017cyciem. Silne dzia\u0142anie detergentowe zapobiega powstawaniu osad\u00f3w w silniku. Bezpieczny [&hellip;]<\/p>\n","protected":false},"author":1,"featured_media":15459,"parent":17286,"menu_order":7,"comment_status":"closed","ping_status":"closed","template":"product-page.php","meta":{"_acf_changed":false,"inline_featured_image":false,"footnotes":""},"class_list":["post-17337","page","type-page","status-publish","has-post-thumbnail","hentry"],"acf":[],"_links":{"self":[{"href":"https:\/\/xenum.com\/pl\/wp-json\/wp\/v2\/pages\/17337","targetHints":{"allow":["GET"]}}],"collection":[{"href":"https:\/\/xenum.com\/pl\/wp-json\/wp\/v2\/pages"}],"about":[{"href":"https:\/\/xenum.com\/pl\/wp-json\/wp\/v2\/types\/page"}],"author":[{"embeddable":true,"href":"https:\/\/xenum.com\/pl\/wp-json\/wp\/v2\/users\/1"}],"replies":[{"embeddable":true,"href":"https:\/\/xenum.com\/pl\/wp-json\/wp\/v2\/comments?post=17337"}],"version-history":[{"count":3,"href":"https:\/\/xenum.com\/pl\/wp-json\/wp\/v2\/pages\/17337\/revisions"}],"predecessor-version":[{"id":21291,"href":"https:\/\/xenum.com\/pl\/wp-json\/wp\/v2\/pages\/17337\/revisions\/21291"}],"up":[{"embeddable":true,"href":"https:\/\/xenum.com\/pl\/wp-json\/wp\/v2\/pages\/17286"}],"wp:featuredmedia":[{"embeddable":true,"href":"https:\/\/xenum.com\/pl\/wp-json\/wp\/v2\/media\/15459"}],"wp:attachment":[{"href":"https:\/\/xenum.com\/pl\/wp-json\/wp\/v2\/media?parent=17337"}],"curies":[{"name":"wp","href":"https:\/\/api.w.org\/{rel}","templated":true}]}}