{"id":17324,"date":"2018-12-04T13:28:34","date_gmt":"2018-12-04T13:28:34","guid":{"rendered":"https:\/\/xenum.com\/strona-startowa\/produkty\/oleje\/silnik\/pelnosyntetyczny\/pro-ll-5w30\/"},"modified":"2023-02-14T12:04:14","modified_gmt":"2023-02-14T11:04:14","slug":"pro-ll-5w30","status":"publish","type":"page","link":"https:\/\/xenum.com\/pl\/strona-startowa\/produkty\/oleje\/silnik\/pelnosyntetyczny\/pro-ll-5w30\/","title":{"rendered":"PRO LL 5W30"},"content":{"rendered":"<p>Syntetyczny olej silnikowy o wysokich osi\u0105gach produkowany ze specjalnie wyselekcjonowanych olej\u00f3w bazowych o wysokim wska\u017aniku lepko\u015bci i dobrze zbilansowanym doborze zaawansowanych dodatk\u00f3w. Zapewnia optymaln\u0105 ochron\u0119 oraz wyd\u0142u\u017con\u0105 \u017cywotno\u015b\u0107 i niezawodno\u015b\u0107 silnika. \u0141\u0105czy w sobie wyj\u0105tkowe dzia\u0142anie przeciwzu\u017cyciowe i znakomit\u0105 ochron\u0119 w wysokich temperaturach z doskona\u0142\u0105 charakterystyk\u0105 zimnego rozruchu. Ten olej silnikowy przyczynia si\u0119 r\u00f3wnie\u017c do wyd\u0142u\u017cenia \u017cywotno\u015bci filtr\u00f3w cz\u0105stek sta\u0142ych.<\/p>\n<h2>Korzy\u015bci<\/h2>\n<ul>\n<li>Oszcz\u0119dno\u015b\u0107 paliwa.<\/li>\n<li>Wysoki i bardzo stabilny wska\u017anik lepko\u015bci.<\/li>\n<li>Najwy\u017csza odporno\u015b\u0107 na \u015bcinanie.<\/li>\n<li>Szybki rozruch na zimno.<\/li>\n<li>Bezpieczny film smarny w ekstremalnych temperaturach.<\/li>\n<li>Elastyczne i wyd\u0142u\u017cone okresy mi\u0119dzy wymianami oleju.<\/li>\n<li>Wysoka ochrona przed zu\u017cyciem.<\/li>\n<li>Niski poziom SAPS \/ kompatybilny z DPF.<\/li>\n<\/ul>\n<h2>Aplikacja<\/h2>\n<p>Odpowiedni zar\u00f3wno dla silnik\u00f3w z turbodo\u0142adowaniem, jak i normalnie zasysaj\u0105cych, aby zapewni\u0107 maksymaln\u0105 oszcz\u0119dno\u015b\u0107 i zmniejszon\u0105 emisj\u0119 (CO2). Technologia LOW SAPS. Specjalnie zaprojektowany w celu uzyskania optymalnych osi\u0105g\u00f3w we wsp\u00f3\u0142czesnych silnikach grupy VW, gdzie wymagane s\u0105 specyfikacje VW 507.00\/504.00. Zastosuj odpowiedni\u0105 ilo\u015b\u0107 oleju wskazan\u0105 w instrukcji obs\u0142ugi producenta pojazdu i silnika.<\/p>\n<h2>Specyfikacje<\/h2>\n<ul>\n<li>ACEA C2\/C3<\/li>\n<li>API SN<\/li>\n<li>BMW LL-04<\/li>\n<li>MB 229.51<\/li>\n<li>VW 504.00\/507.00<\/li>\n<li>Porsche C30<\/li>\n<li>FIAT 9.55535-S1<\/li>\n<li>GM DEXOS 2<\/li>\n<\/ul>\n<h3 class=\"TDSSection\">Opakowanie<\/h3>\n<p>12X1L, 4X4L, 4X5L, 20L, 60L, 208L<\/p>\n","protected":false},"excerpt":{"rendered":"<p>Syntetyczny olej silnikowy o wysokich osi\u0105gach produkowany ze specjalnie wyselekcjonowanych olej\u00f3w bazowych o wysokim wska\u017aniku lepko\u015bci i dobrze zbilansowanym doborze zaawansowanych dodatk\u00f3w. Zapewnia optymaln\u0105 ochron\u0119 oraz wyd\u0142u\u017con\u0105 \u017cywotno\u015b\u0107 i niezawodno\u015b\u0107 silnika. \u0141\u0105czy w sobie wyj\u0105tkowe dzia\u0142anie przeciwzu\u017cyciowe i znakomit\u0105 ochron\u0119 w wysokich temperaturach z doskona\u0142\u0105 charakterystyk\u0105 zimnego rozruchu. Ten olej silnikowy przyczynia si\u0119 r\u00f3wnie\u017c do [&hellip;]<\/p>\n","protected":false},"author":1,"featured_media":13920,"parent":17283,"menu_order":9,"comment_status":"closed","ping_status":"closed","template":"product-page.php","meta":{"_acf_changed":false,"inline_featured_image":false,"footnotes":""},"class_list":["post-17324","page","type-page","status-publish","has-post-thumbnail","hentry"],"acf":[],"_links":{"self":[{"href":"https:\/\/xenum.com\/pl\/wp-json\/wp\/v2\/pages\/17324","targetHints":{"allow":["GET"]}}],"collection":[{"href":"https:\/\/xenum.com\/pl\/wp-json\/wp\/v2\/pages"}],"about":[{"href":"https:\/\/xenum.com\/pl\/wp-json\/wp\/v2\/types\/page"}],"author":[{"embeddable":true,"href":"https:\/\/xenum.com\/pl\/wp-json\/wp\/v2\/users\/1"}],"replies":[{"embeddable":true,"href":"https:\/\/xenum.com\/pl\/wp-json\/wp\/v2\/comments?post=17324"}],"version-history":[{"count":5,"href":"https:\/\/xenum.com\/pl\/wp-json\/wp\/v2\/pages\/17324\/revisions"}],"predecessor-version":[{"id":20515,"href":"https:\/\/xenum.com\/pl\/wp-json\/wp\/v2\/pages\/17324\/revisions\/20515"}],"up":[{"embeddable":true,"href":"https:\/\/xenum.com\/pl\/wp-json\/wp\/v2\/pages\/17283"}],"wp:featuredmedia":[{"embeddable":true,"href":"https:\/\/xenum.com\/pl\/wp-json\/wp\/v2\/media\/13920"}],"wp:attachment":[{"href":"https:\/\/xenum.com\/pl\/wp-json\/wp\/v2\/media?parent=17324"}],"curies":[{"name":"wp","href":"https:\/\/api.w.org\/{rel}","templated":true}]}}