{"id":17323,"date":"2019-06-24T08:52:32","date_gmt":"2019-06-24T08:52:32","guid":{"rendered":"https:\/\/xenum.com\/strona-startowa\/produkty\/oleje\/silnik\/pelnosyntetyczny\/pro-f-5w30\/"},"modified":"2023-03-09T16:14:52","modified_gmt":"2023-03-09T15:14:52","slug":"pro-f-5w30","status":"publish","type":"page","link":"https:\/\/xenum.com\/pl\/strona-startowa\/produkty\/oleje\/silnik\/pelnosyntetyczny\/pro-f-5w30\/","title":{"rendered":"PRO F 5W30"},"content":{"rendered":"<p>Syntetyczny olej silnikowy o wysokich osi\u0105gach produkowany ze specjalnie wyselekcjonowanych olej\u00f3w bazowych o wysokim wska\u017aniku lepko\u015bci i dobrze zbilansowanym doborze zaawansowanych dodatk\u00f3w. Zapewnia optymaln\u0105 ochron\u0119 oraz wyd\u0142u\u017con\u0105 \u017cywotno\u015b\u0107 i niezawodno\u015b\u0107 silnika. \u0141\u0105czy w sobie wyj\u0105tkowe dzia\u0142anie przeciwzu\u017cyciowe i znakomit\u0105 ochron\u0119 w wysokich temperaturach z doskona\u0142\u0105 charakterystyk\u0105 zimnego rozruchu. Ten olej silnikowy przyczynia si\u0119 r\u00f3wnie\u017c do wyd\u0142u\u017cenia \u017cywotno\u015bci filtr\u00f3w cz\u0105stek sta\u0142ych.<\/p>\n<h2>W\u0142a\u015bciwo\u015bci<\/h2>\n<ul>\n<li>Oszcz\u0119dno\u015b\u0107 paliwa.<\/li>\n<li>Wysoki i bardzo stabilny wska\u017anik lepko\u015bci.<\/li>\n<li>Najwy\u017csza odporno\u015b\u0107 na \u015bcinanie.<\/li>\n<li>Szybki rozruch na zimno.<\/li>\n<li>Bezpieczny film smarny w ekstremalnych temperaturach.<\/li>\n<li>Elastyczne i wyd\u0142u\u017cone okresy mi\u0119dzy wymianami oleju.<\/li>\n<li>Wysoka ochrona przed zu\u017cyciem.<\/li>\n<li>Niski SAPS \/ kompatybilny z DPF.<\/li>\n<\/ul>\n<h2>Aplikacja<\/h2>\n<p>Ten uniwersalny, oszcz\u0119dzaj\u0105cy paliwo syntetyczny olej silnikowy zosta\u0142 opracowany specjalnie dla silnik\u00f3w Diesla z jednostkowymi wtryskiwaczami w samochodach osobowych. Ponadto, ten \u015brodek smarny jest bardzo odpowiedni do stosowania w silnikach benzynowych i wysokopr\u0119\u017cnych, z lub bez turbodo\u0142adowania. Produkt ten spe\u0142nia wymagania kilku producent\u00f3w OEM, dzi\u0119ki czemu ma szerokie zastosowanie. Zastosuj odpowiedni\u0105 ilo\u015b\u0107 oleju wskazan\u0105 w instrukcji obs\u0142ugi producenta pojazdu i silnika.<\/p>\n<h2>Specyfikacje<\/h2>\n<ul>\n<li>ACEA C1<\/li>\n<li>FORD WSS-M2C934B<\/li>\n<li>JASO DL-1<\/li>\n<li>JAGUAR\/LAND ROVER STJR.03.5005<\/li>\n<li>MAZDA (DPF &amp; FAP)<\/li>\n<\/ul>\n<h3>Dost\u0119pne w<\/h3>\n<p>12X1L, 4X4L, 4X5L, 20L, 60L, 208L<\/p>\n","protected":false},"excerpt":{"rendered":"<p>Syntetyczny olej silnikowy o wysokich osi\u0105gach produkowany ze specjalnie wyselekcjonowanych olej\u00f3w bazowych o wysokim wska\u017aniku lepko\u015bci i dobrze zbilansowanym doborze zaawansowanych dodatk\u00f3w. Zapewnia optymaln\u0105 ochron\u0119 oraz wyd\u0142u\u017con\u0105 \u017cywotno\u015b\u0107 i niezawodno\u015b\u0107 silnika. \u0141\u0105czy w sobie wyj\u0105tkowe dzia\u0142anie przeciwzu\u017cyciowe i znakomit\u0105 ochron\u0119 w wysokich temperaturach z doskona\u0142\u0105 charakterystyk\u0105 zimnego rozruchu. Ten olej silnikowy przyczynia si\u0119 r\u00f3wnie\u017c do [&hellip;]<\/p>\n","protected":false},"author":1,"featured_media":14415,"parent":17283,"menu_order":10,"comment_status":"closed","ping_status":"closed","template":"product-page.php","meta":{"_acf_changed":false,"inline_featured_image":false,"footnotes":""},"class_list":["post-17323","page","type-page","status-publish","has-post-thumbnail","hentry"],"acf":[],"_links":{"self":[{"href":"https:\/\/xenum.com\/pl\/wp-json\/wp\/v2\/pages\/17323","targetHints":{"allow":["GET"]}}],"collection":[{"href":"https:\/\/xenum.com\/pl\/wp-json\/wp\/v2\/pages"}],"about":[{"href":"https:\/\/xenum.com\/pl\/wp-json\/wp\/v2\/types\/page"}],"author":[{"embeddable":true,"href":"https:\/\/xenum.com\/pl\/wp-json\/wp\/v2\/users\/1"}],"replies":[{"embeddable":true,"href":"https:\/\/xenum.com\/pl\/wp-json\/wp\/v2\/comments?post=17323"}],"version-history":[{"count":3,"href":"https:\/\/xenum.com\/pl\/wp-json\/wp\/v2\/pages\/17323\/revisions"}],"predecessor-version":[{"id":20922,"href":"https:\/\/xenum.com\/pl\/wp-json\/wp\/v2\/pages\/17323\/revisions\/20922"}],"up":[{"embeddable":true,"href":"https:\/\/xenum.com\/pl\/wp-json\/wp\/v2\/pages\/17283"}],"wp:featuredmedia":[{"embeddable":true,"href":"https:\/\/xenum.com\/pl\/wp-json\/wp\/v2\/media\/14415"}],"wp:attachment":[{"href":"https:\/\/xenum.com\/pl\/wp-json\/wp\/v2\/media?parent=17323"}],"curies":[{"name":"wp","href":"https:\/\/api.w.org\/{rel}","templated":true}]}}