{"id":17318,"date":"2020-02-11T18:43:38","date_gmt":"2020-02-11T18:43:38","guid":{"rendered":"https:\/\/xenum.com\/strona-startowa\/produkty\/oleje\/silnik\/pelnosyntetyczny\/pro-dx1-5w30\/"},"modified":"2023-10-17T12:34:53","modified_gmt":"2023-10-17T11:34:53","slug":"pro-dx1-5w30","status":"publish","type":"page","link":"https:\/\/xenum.com\/pl\/strona-startowa\/produkty\/oleje\/silnik\/pelnosyntetyczny\/pro-dx1-5w30\/","title":{"rendered":"PRO-DX1 5W30"},"content":{"rendered":"<p>Uniwersalny, syntetyczny olej silnikowy o obni\u017conym zu\u017cyciu paliwa, opracowany wed\u0142ug najnowszej technologii. Oparty na specjalnie wyselekcjonowanych olejach bazowych o wysokim naturalnym wska\u017aniku lepko\u015bci z dodatkiem odpowiednio wywa\u017conego zestawu zaawansowanych dodatk\u00f3w.<\/p>\n<h2>W\u0142a\u015bciwo\u015bci<\/h2>\n<ul>\n<li>Ni\u017csze zu\u017cycie paliwa.<\/li>\n<li>Wysoki i bardzo stabilny wska\u017anik lepko\u015bci.<\/li>\n<li>Wysoka odporno\u015b\u0107 na \u015bcinanie.<\/li>\n<li>Szybki rozruch na zimno.<\/li>\n<li>Bardzo silna odporno\u015b\u0107 na utlenianie.<\/li>\n<li>Bezpieczny film smarny w bardzo wysokich temperaturach.<\/li>\n<li>Bardzo dobra detergencja i dyspersja.<\/li>\n<li>Bardzo silna ochrona przed zu\u017cyciem, korozj\u0105 i pienieniem.<\/li>\n<\/ul>\n<h2>Aplikacja<\/h2>\n<p>Paliwooszcz\u0119dny, syntetyczny olej silnikowy o specjalnym sk\u0142adzie, zalecany do stosowania w silnikach benzynowych samochod\u00f3w osobowych, kt\u00f3re zalecaj\u0105 olej o specyfikacji GM dexos1 \u2122 Gen 3.<\/p>\n<h2>Specyfikacje<\/h2>\n<ul>\n<li>API SP Resource Conserving<\/li>\n<li>ILSAC GF-6A<\/li>\n<li>GM DEXOS 1 (TM) GEN 3<\/li>\n<li>CHRYSLER MS6395<\/li>\n<li>FORD WSS-M2C946-A\/WSS-M2C961-A1<\/li>\n<\/ul>\n<h2>Dost\u0119pne w<\/h2>\n<p>12X1L, 4X4L, 4X5L, 20L, 60L, 208L<\/p>\n","protected":false},"excerpt":{"rendered":"<p>Uniwersalny, syntetyczny olej silnikowy o obni\u017conym zu\u017cyciu paliwa, opracowany wed\u0142ug najnowszej technologii. Oparty na specjalnie wyselekcjonowanych olejach bazowych o wysokim naturalnym wska\u017aniku lepko\u015bci z dodatkiem odpowiednio wywa\u017conego zestawu zaawansowanych dodatk\u00f3w. W\u0142a\u015bciwo\u015bci Ni\u017csze zu\u017cycie paliwa. Wysoki i bardzo stabilny wska\u017anik lepko\u015bci. Wysoka odporno\u015b\u0107 na \u015bcinanie. Szybki rozruch na zimno. Bardzo silna odporno\u015b\u0107 na utlenianie. Bezpieczny film [&hellip;]<\/p>\n","protected":false},"author":9,"featured_media":25222,"parent":17283,"menu_order":0,"comment_status":"closed","ping_status":"closed","template":"product-page.php","meta":{"_acf_changed":false,"inline_featured_image":false,"footnotes":""},"class_list":["post-17318","page","type-page","status-publish","has-post-thumbnail","hentry"],"acf":[],"_links":{"self":[{"href":"https:\/\/xenum.com\/pl\/wp-json\/wp\/v2\/pages\/17318","targetHints":{"allow":["GET"]}}],"collection":[{"href":"https:\/\/xenum.com\/pl\/wp-json\/wp\/v2\/pages"}],"about":[{"href":"https:\/\/xenum.com\/pl\/wp-json\/wp\/v2\/types\/page"}],"author":[{"embeddable":true,"href":"https:\/\/xenum.com\/pl\/wp-json\/wp\/v2\/users\/9"}],"replies":[{"embeddable":true,"href":"https:\/\/xenum.com\/pl\/wp-json\/wp\/v2\/comments?post=17318"}],"version-history":[{"count":4,"href":"https:\/\/xenum.com\/pl\/wp-json\/wp\/v2\/pages\/17318\/revisions"}],"predecessor-version":[{"id":24854,"href":"https:\/\/xenum.com\/pl\/wp-json\/wp\/v2\/pages\/17318\/revisions\/24854"}],"up":[{"embeddable":true,"href":"https:\/\/xenum.com\/pl\/wp-json\/wp\/v2\/pages\/17283"}],"wp:featuredmedia":[{"embeddable":true,"href":"https:\/\/xenum.com\/pl\/wp-json\/wp\/v2\/media\/25222"}],"wp:attachment":[{"href":"https:\/\/xenum.com\/pl\/wp-json\/wp\/v2\/media?parent=17318"}],"curies":[{"name":"wp","href":"https:\/\/api.w.org\/{rel}","templated":true}]}}