{"id":17317,"date":"2020-02-11T19:15:36","date_gmt":"2020-02-11T19:15:36","guid":{"rendered":"https:\/\/xenum.com\/strona-startowa\/produkty\/oleje\/silnik\/pelnosyntetyczny\/pro-s-5w40\/"},"modified":"2023-03-03T13:37:36","modified_gmt":"2023-03-03T12:37:36","slug":"pro-s-5w40","status":"publish","type":"page","link":"https:\/\/xenum.com\/pl\/strona-startowa\/produkty\/oleje\/silnik\/pelnosyntetyczny\/pro-s-5w40\/","title":{"rendered":"PRO S 5W40"},"content":{"rendered":"<p>Syntetyczny olej silnikowy o wysokich osi\u0105gach produkowany ze specjalnie wyselekcjonowanych olej\u00f3w bazowych o wysokim wska\u017aniku lepko\u015bci i dobrze zbilansowanym doborze zaawansowanych dodatk\u00f3w. Zapewnia optymaln\u0105 ochron\u0119 oraz wyd\u0142u\u017con\u0105 \u017cywotno\u015b\u0107 i niezawodno\u015b\u0107 silnika. \u0141\u0105czy w sobie wyj\u0105tkowe dzia\u0142anie przeciwzu\u017cyciowe i znakomit\u0105 ochron\u0119 w wysokich temperaturach z doskona\u0142\u0105 charakterystyk\u0105 zimnego rozruchu. Ten olej silnikowy przyczynia si\u0119 r\u00f3wnie\u017c do wyd\u0142u\u017cenia \u017cywotno\u015bci filtr\u00f3w cz\u0105stek sta\u0142ych.<\/p>\n<h2>W\u0142a\u015bciwo\u015bci<\/h2>\n<ul>\n<li>Oszcz\u0119dno\u015b\u0107 paliwa.<\/li>\n<li>Wysoki i bardzo stabilny wska\u017anik lepko\u015bci.<\/li>\n<li>Najwy\u017csza odporno\u015b\u0107 na \u015bcinanie.<\/li>\n<li>Szybki rozruch na zimno.<\/li>\n<li>Bezpieczny film smarny w ekstremalnych temperaturach.<\/li>\n<li>Elastyczne i wyd\u0142u\u017cone okresy mi\u0119dzy wymianami oleju.<\/li>\n<li>Wysoka ochrona przed zu\u017cyciem.<\/li>\n<li>Niski poziom SAPS \/ kompatybilny z DPF.<\/li>\n<\/ul>\n<h2>Aplikacja<\/h2>\n<p>Szczeg\u00f3lnie zalecany do smarowania wszystkich silnik\u00f3w TDI z pompowtryskiwaczami oraz do turbodo\u0142adowanych silnik\u00f3w Common Rail. PRO-S 5W40 jest r\u00f3wnie\u017c doskona\u0142y do smarowania samochod\u00f3w benzynowych najnowszej generacji.<\/p>\n<h2>Specyfikacje<\/h2>\n<ul>\n<li>ACEA C3<\/li>\n<li>API SN, SN Plus<\/li>\n<li>BMW LONGLIFE-04<\/li>\n<li>FIAT 9.55535-T2<\/li>\n<li>FORD WSS-M2C917-A<\/li>\n<li>MB 229.31\/229.51\/229.52<\/li>\n<li>GM dexos 2<\/li>\n<li>PORSCHE A40<\/li>\n<li>RENAULT RN 0700, RN 0710<\/li>\n<li>VW 502.00, 505.00, 505.01<\/li>\n<\/ul>\n<h2>Dost\u0119pne w<\/h2>\n<p>12X1L, 4X4L, 4X5L, 20L, 60L, 208L<\/p>\n","protected":false},"excerpt":{"rendered":"<p>Syntetyczny olej silnikowy o wysokich osi\u0105gach produkowany ze specjalnie wyselekcjonowanych olej\u00f3w bazowych o wysokim wska\u017aniku lepko\u015bci i dobrze zbilansowanym doborze zaawansowanych dodatk\u00f3w. Zapewnia optymaln\u0105 ochron\u0119 oraz wyd\u0142u\u017con\u0105 \u017cywotno\u015b\u0107 i niezawodno\u015b\u0107 silnika. \u0141\u0105czy w sobie wyj\u0105tkowe dzia\u0142anie przeciwzu\u017cyciowe i znakomit\u0105 ochron\u0119 w wysokich temperaturach z doskona\u0142\u0105 charakterystyk\u0105 zimnego rozruchu. Ten olej silnikowy przyczynia si\u0119 r\u00f3wnie\u017c do [&hellip;]<\/p>\n","protected":false},"author":9,"featured_media":14910,"parent":17283,"menu_order":0,"comment_status":"closed","ping_status":"closed","template":"product-page.php","meta":{"_acf_changed":false,"inline_featured_image":false,"footnotes":""},"class_list":["post-17317","page","type-page","status-publish","has-post-thumbnail","hentry"],"acf":[],"_links":{"self":[{"href":"https:\/\/xenum.com\/pl\/wp-json\/wp\/v2\/pages\/17317","targetHints":{"allow":["GET"]}}],"collection":[{"href":"https:\/\/xenum.com\/pl\/wp-json\/wp\/v2\/pages"}],"about":[{"href":"https:\/\/xenum.com\/pl\/wp-json\/wp\/v2\/types\/page"}],"author":[{"embeddable":true,"href":"https:\/\/xenum.com\/pl\/wp-json\/wp\/v2\/users\/9"}],"replies":[{"embeddable":true,"href":"https:\/\/xenum.com\/pl\/wp-json\/wp\/v2\/comments?post=17317"}],"version-history":[{"count":6,"href":"https:\/\/xenum.com\/pl\/wp-json\/wp\/v2\/pages\/17317\/revisions"}],"predecessor-version":[{"id":20786,"href":"https:\/\/xenum.com\/pl\/wp-json\/wp\/v2\/pages\/17317\/revisions\/20786"}],"up":[{"embeddable":true,"href":"https:\/\/xenum.com\/pl\/wp-json\/wp\/v2\/pages\/17283"}],"wp:featuredmedia":[{"embeddable":true,"href":"https:\/\/xenum.com\/pl\/wp-json\/wp\/v2\/media\/14910"}],"wp:attachment":[{"href":"https:\/\/xenum.com\/pl\/wp-json\/wp\/v2\/media?parent=17317"}],"curies":[{"name":"wp","href":"https:\/\/api.w.org\/{rel}","templated":true}]}}