{"id":17315,"date":"2020-02-12T20:39:22","date_gmt":"2020-02-12T20:39:22","guid":{"rendered":"https:\/\/xenum.com\/strona-startowa\/produkty\/oleje\/silnik\/pelnosyntetyczny\/eco-pro-dx1-5w20\/"},"modified":"2025-06-26T15:21:29","modified_gmt":"2025-06-26T14:21:29","slug":"eco-pro-dx1-5w20","status":"publish","type":"page","link":"https:\/\/xenum.com\/pl\/strona-startowa\/produkty\/oleje\/silnik\/pelnosyntetyczny\/eco-pro-dx1-5w20\/","title":{"rendered":"ECO PRO-DX1 5W20"},"content":{"rendered":"<p>Nowoczesny, syntetyczny, oszcz\u0119dzaj\u0105cy paliwo olej silnikowy oparty na specjalnie wyselekcjonowanych syntetycznych olejach bazowych o wysokim wska\u017aniku lepko\u015bci i odpowiednio zbilansowanym doborze zaawansowanych dodatk\u00f3w.<\/p>\n<h2><strong>PROPERTIES<\/strong><\/h2>\n<ul>\n<li>Ni\u017csze zu\u017cycie paliwa.<\/li>\n<li>Wysoki i bardzo stabilny wska\u017anik lepko\u015bci.<\/li>\n<li>Wysoka odporno\u015b\u0107 na \u015bcinanie.<\/li>\n<li>Szybki rozruch na zimno.<\/li>\n<li>Bardzo silna odporno\u015b\u0107 na utlenianie.<\/li>\n<li>Bezpieczny film smarny w bardzo wysokich temperaturach.<\/li>\n<li>Bardzo dobra detergencja i dyspersja.<\/li>\n<li>Bardzo silna ochrona przed zu\u017cyciem, korozj\u0105 i pienieniem.<\/li>\n<\/ul>\n<h2><strong>APLIKACJA<\/strong><\/h2>\n<p>Paliwooszcz\u0119dny, syntetyczny olej silnikowy o specjalnym sk\u0142adzie, zalecany do stosowania w silnikach benzynowych samochod\u00f3w osobowych, kt\u00f3re zalecaj\u0105 olej o specyfikacji GM dexos1 \u2122 Gen 3.<\/p>\n<h3><strong>SPECYFIKACJE<\/strong><\/h3>\n<ul>\n<li>API: SP Resource Conserving, SQ Resource Conserving<\/li>\n<li>ILSAC: GF-6A, GF-7A<\/li>\n<li>GM: DEXOS 1 (TM) GEN 3<\/li>\n<li>CHRYSLER: MS6395<\/li>\n<li>FORD: WSS-M2C945A\/B1 \/ WSS-M2C960-A1 \/ WSS-M2C930-A<\/li>\n<li>FIAT: 9.55535-CR1<\/li>\n<\/ul>\n<h3 class=\"TDSSection\"><strong>OPAKOWANIE<\/strong><\/h3>\n<div id=\"the-product-details\" class=\"ct-div-block\">\n<div id=\"text_block-25-15726\" class=\"ct-text-block\">\n<p>12X1L, 4X4L, 4X5L, 20L, 60L, 208L<\/p>\n<\/div>\n<\/div>\n","protected":false},"excerpt":{"rendered":"<p>Nowoczesny, syntetyczny, oszcz\u0119dzaj\u0105cy paliwo olej silnikowy oparty na specjalnie wyselekcjonowanych syntetycznych olejach bazowych o wysokim wska\u017aniku lepko\u015bci i odpowiednio zbilansowanym doborze zaawansowanych dodatk\u00f3w. PROPERTIES Ni\u017csze zu\u017cycie paliwa. Wysoki i bardzo stabilny wska\u017anik lepko\u015bci. Wysoka odporno\u015b\u0107 na \u015bcinanie. Szybki rozruch na zimno. Bardzo silna odporno\u015b\u0107 na utlenianie. Bezpieczny film smarny w bardzo wysokich temperaturach. Bardzo dobra [&hellip;]<\/p>\n","protected":false},"author":9,"featured_media":25132,"parent":17283,"menu_order":0,"comment_status":"closed","ping_status":"closed","template":"product-page.php","meta":{"_acf_changed":false,"inline_featured_image":false,"footnotes":""},"class_list":["post-17315","page","type-page","status-publish","has-post-thumbnail","hentry"],"acf":[],"_links":{"self":[{"href":"https:\/\/xenum.com\/pl\/wp-json\/wp\/v2\/pages\/17315","targetHints":{"allow":["GET"]}}],"collection":[{"href":"https:\/\/xenum.com\/pl\/wp-json\/wp\/v2\/pages"}],"about":[{"href":"https:\/\/xenum.com\/pl\/wp-json\/wp\/v2\/types\/page"}],"author":[{"embeddable":true,"href":"https:\/\/xenum.com\/pl\/wp-json\/wp\/v2\/users\/9"}],"replies":[{"embeddable":true,"href":"https:\/\/xenum.com\/pl\/wp-json\/wp\/v2\/comments?post=17315"}],"version-history":[{"count":9,"href":"https:\/\/xenum.com\/pl\/wp-json\/wp\/v2\/pages\/17315\/revisions"}],"predecessor-version":[{"id":25991,"href":"https:\/\/xenum.com\/pl\/wp-json\/wp\/v2\/pages\/17315\/revisions\/25991"}],"up":[{"embeddable":true,"href":"https:\/\/xenum.com\/pl\/wp-json\/wp\/v2\/pages\/17283"}],"wp:featuredmedia":[{"embeddable":true,"href":"https:\/\/xenum.com\/pl\/wp-json\/wp\/v2\/media\/25132"}],"wp:attachment":[{"href":"https:\/\/xenum.com\/pl\/wp-json\/wp\/v2\/media?parent=17315"}],"curies":[{"name":"wp","href":"https:\/\/api.w.org\/{rel}","templated":true}]}}