{"id":17312,"date":"2018-11-12T15:33:12","date_gmt":"2018-11-12T15:33:12","guid":{"rendered":"https:\/\/xenum.com\/strona-startowa\/produkty\/oleje\/silnik\/ester-syntetyczny\/x1-0w40\/"},"modified":"2023-02-10T14:50:30","modified_gmt":"2023-02-10T13:50:30","slug":"x1-0w40","status":"publish","type":"page","link":"https:\/\/xenum.com\/pl\/strona-startowa\/produkty\/oleje\/silnik\/ester-syntetyczny\/x1-0w40\/","title":{"rendered":"X1 0W40"},"content":{"rendered":"<p>Syntetyczny olej silnikowy o wysokiej wydajno\u015bci na bazie estr\u00f3w, kt\u00f3ry zapewnia optymaln\u0105 ochron\u0119 oraz wyd\u0142u\u017con\u0105 \u017cywotno\u015b\u0107 i niezawodno\u015b\u0107 silnika. Przewy\u017csza wymagania wydajno\u015bciowe praktycznie wszystkich producent\u00f3w silnik\u00f3w. \u0141\u0105czy w sobie wyj\u0105tkowe dzia\u0142anie przeciwzu\u017cyciowe i znakomit\u0105 ochron\u0119 w wysokich temperaturach z doskona\u0142\u0105 charakterystyk\u0105 zimnego rozruchu.<\/p>\n<h2>W\u0142a\u015bciwo\u015bci<\/h2>\n<ul>\n<li>Wysoka odporno\u015b\u0107 na \u015bcinanie.<\/li>\n<li>Wysoki i stabilny wska\u017anik lepko\u015bci.<\/li>\n<li>Bardzo szybki start na zimno.<\/li>\n<li>Bardzo silna odporno\u015b\u0107 na utlenianie.<\/li>\n<li>Zmniejszone powstawanie popio\u0142\u00f3w ze spalania.<\/li>\n<li>Bezpieczny film smarny w wysokich temperaturach.<\/li>\n<li>Bardzo dobra si\u0142a detergencji i dyspersji.<\/li>\n<li>Bardzo silna ochrona przed zu\u017cyciem, korozj\u0105 i pienieniem.<\/li>\n<\/ul>\n<h2>Aplikacja<\/h2>\n<p>Ten uniwersalny syntetyczny olej silnikowy nadaje si\u0119 do stosowania w silnikach benzynowych i Diesla, z lub bez turbodo\u0142adowania. Produkt ten spe\u0142nia wymagania kilku producent\u00f3w OEM, dzi\u0119ki czemu ma szerokie zastosowanie.<\/p>\n<h2>Specyfikacje<\/h2>\n<ul>\n<li>ACEA C3<\/li>\n<li>API SN\/CF<\/li>\n<li>BMW Longlife-04<\/li>\n<li>MB 229.31\/229.51<\/li>\n<li>Dexos 2<\/li>\n<\/ul>\n<h3>Opakowanie<\/h3>\n<p>12X1L, 4X4L, 4X5L, 20L, 60L, 208L<\/p>\n","protected":false},"excerpt":{"rendered":"<p>Syntetyczny olej silnikowy o wysokiej wydajno\u015bci na bazie estr\u00f3w, kt\u00f3ry zapewnia optymaln\u0105 ochron\u0119 oraz wyd\u0142u\u017con\u0105 \u017cywotno\u015b\u0107 i niezawodno\u015b\u0107 silnika. Przewy\u017csza wymagania wydajno\u015bciowe praktycznie wszystkich producent\u00f3w silnik\u00f3w. \u0141\u0105czy w sobie wyj\u0105tkowe dzia\u0142anie przeciwzu\u017cyciowe i znakomit\u0105 ochron\u0119 w wysokich temperaturach z doskona\u0142\u0105 charakterystyk\u0105 zimnego rozruchu. W\u0142a\u015bciwo\u015bci Wysoka odporno\u015b\u0107 na \u015bcinanie. Wysoki i stabilny wska\u017anik lepko\u015bci. Bardzo szybki [&hellip;]<\/p>\n","protected":false},"author":1,"featured_media":15063,"parent":17277,"menu_order":2,"comment_status":"closed","ping_status":"closed","template":"product-page.php","meta":{"_acf_changed":false,"inline_featured_image":false,"footnotes":""},"class_list":["post-17312","page","type-page","status-publish","has-post-thumbnail","hentry"],"acf":[],"_links":{"self":[{"href":"https:\/\/xenum.com\/pl\/wp-json\/wp\/v2\/pages\/17312","targetHints":{"allow":["GET"]}}],"collection":[{"href":"https:\/\/xenum.com\/pl\/wp-json\/wp\/v2\/pages"}],"about":[{"href":"https:\/\/xenum.com\/pl\/wp-json\/wp\/v2\/types\/page"}],"author":[{"embeddable":true,"href":"https:\/\/xenum.com\/pl\/wp-json\/wp\/v2\/users\/1"}],"replies":[{"embeddable":true,"href":"https:\/\/xenum.com\/pl\/wp-json\/wp\/v2\/comments?post=17312"}],"version-history":[{"count":4,"href":"https:\/\/xenum.com\/pl\/wp-json\/wp\/v2\/pages\/17312\/revisions"}],"predecessor-version":[{"id":20385,"href":"https:\/\/xenum.com\/pl\/wp-json\/wp\/v2\/pages\/17312\/revisions\/20385"}],"up":[{"embeddable":true,"href":"https:\/\/xenum.com\/pl\/wp-json\/wp\/v2\/pages\/17277"}],"wp:featuredmedia":[{"embeddable":true,"href":"https:\/\/xenum.com\/pl\/wp-json\/wp\/v2\/media\/15063"}],"wp:attachment":[{"href":"https:\/\/xenum.com\/pl\/wp-json\/wp\/v2\/media?parent=17312"}],"curies":[{"name":"wp","href":"https:\/\/api.w.org\/{rel}","templated":true}]}}