{"id":17309,"date":"2018-11-21T16:20:55","date_gmt":"2018-11-21T16:20:55","guid":{"rendered":"https:\/\/xenum.com\/strona-startowa\/produkty\/oleje\/silnik\/ester-syntetyczny\/x1-10w60\/"},"modified":"2023-02-09T15:27:44","modified_gmt":"2023-02-09T14:27:44","slug":"x1-10w60","status":"publish","type":"page","link":"https:\/\/xenum.com\/pl\/strona-startowa\/produkty\/oleje\/silnik\/ester-syntetyczny\/x1-10w60\/","title":{"rendered":"X1 10W60"},"content":{"rendered":"<p>Syntetyczny olej silnikowy o wysokiej wydajno\u015bci na bazie estr\u00f3w, kt\u00f3ry zapewnia optymaln\u0105 ochron\u0119 oraz wyd\u0142u\u017con\u0105 \u017cywotno\u015b\u0107 i niezawodno\u015b\u0107 silnika. Przewy\u017csza wymagania wydajno\u015bciowe praktycznie wszystkich producent\u00f3w silnik\u00f3w. \u0141\u0105czy w sobie wyj\u0105tkowe w\u0142a\u015bciwo\u015bci przeciwzu\u017cyciowe i znakomit\u0105 ochron\u0119 w wysokich temperaturach. Dzi\u0119ki zastosowaniu zaawansowanych dodatk\u00f3w i wysokiej lepko\u015bci olej ten sprawdza si\u0119 r\u00f3wnie\u017c w \u015brodowisku wy\u015bcigowym.<\/p>\n<h2><strong>W<\/strong>\u0142a\u015bciwo\u015bci<\/h2>\n<ul>\n<li>Wysoki i bardzo stabilny wska\u017anik lepko\u015bci<\/li>\n<li>Wysoka odporno\u015b\u0107 na \u015bcinanie<\/li>\n<li>Szybki rozruch na zimno<\/li>\n<li>Bezpieczny film smarny w bardzo wysokich temperaturach<\/li>\n<li>Zmniejszone powstawanie popio\u0142\u00f3w ze spalania<\/li>\n<li>Bardzo dobre w\u0142a\u015bciwo\u015bci detergentowe i dyspersyjne<\/li>\n<li>Bardzo silna ochrona przed zu\u017cyciem, korozj\u0105 i pienieniem si\u0119<\/li>\n<\/ul>\n<h2>Aplikacja<\/h2>\n<p>Jest to uniwersalny, wzmocniony estrami, syntetyczny olej silnikowy. Olej ten zosta\u0142 specjalnie opracowany dla silnik\u00f3w samochod\u00f3w osobowych. Ponadto ten \u015brodek smarny jest bardzo odpowiedni do stosowania w silnikach benzynowych i wysokopr\u0119\u017cnych, z lub bez turbodo\u0142adowania.<\/p>\n<h2>Specyfikacje<\/h2>\n<ul>\n<li>ACEA C3<\/li>\n<li>API SN\/CF<\/li>\n<li>BMW M-Engines \/ LL-01<\/li>\n<li>PORSCHE A 40<\/li>\n<\/ul>\n<h3>Dost\u0119pne w<\/h3>\n<p><span style=\"font-size: revert;\">1 L,\u00a05 L,\u00a060 L,\u00a0208 L<\/span><\/p>\n","protected":false},"excerpt":{"rendered":"<p>Syntetyczny olej silnikowy o wysokiej wydajno\u015bci na bazie estr\u00f3w, kt\u00f3ry zapewnia optymaln\u0105 ochron\u0119 oraz wyd\u0142u\u017con\u0105 \u017cywotno\u015b\u0107 i niezawodno\u015b\u0107 silnika. Przewy\u017csza wymagania wydajno\u015bciowe praktycznie wszystkich producent\u00f3w silnik\u00f3w. \u0141\u0105czy w sobie wyj\u0105tkowe w\u0142a\u015bciwo\u015bci przeciwzu\u017cyciowe i znakomit\u0105 ochron\u0119 w wysokich temperaturach. Dzi\u0119ki zastosowaniu zaawansowanych dodatk\u00f3w i wysokiej lepko\u015bci olej ten sprawdza si\u0119 r\u00f3wnie\u017c w \u015brodowisku wy\u015bcigowym. W\u0142a\u015bciwo\u015bci Wysoki [&hellip;]<\/p>\n","protected":false},"author":1,"featured_media":15099,"parent":17277,"menu_order":8,"comment_status":"closed","ping_status":"closed","template":"product-page.php","meta":{"_acf_changed":false,"inline_featured_image":false,"footnotes":""},"class_list":["post-17309","page","type-page","status-publish","has-post-thumbnail","hentry"],"acf":[],"_links":{"self":[{"href":"https:\/\/xenum.com\/pl\/wp-json\/wp\/v2\/pages\/17309","targetHints":{"allow":["GET"]}}],"collection":[{"href":"https:\/\/xenum.com\/pl\/wp-json\/wp\/v2\/pages"}],"about":[{"href":"https:\/\/xenum.com\/pl\/wp-json\/wp\/v2\/types\/page"}],"author":[{"embeddable":true,"href":"https:\/\/xenum.com\/pl\/wp-json\/wp\/v2\/users\/1"}],"replies":[{"embeddable":true,"href":"https:\/\/xenum.com\/pl\/wp-json\/wp\/v2\/comments?post=17309"}],"version-history":[{"count":4,"href":"https:\/\/xenum.com\/pl\/wp-json\/wp\/v2\/pages\/17309\/revisions"}],"predecessor-version":[{"id":20198,"href":"https:\/\/xenum.com\/pl\/wp-json\/wp\/v2\/pages\/17309\/revisions\/20198"}],"up":[{"embeddable":true,"href":"https:\/\/xenum.com\/pl\/wp-json\/wp\/v2\/pages\/17277"}],"wp:featuredmedia":[{"embeddable":true,"href":"https:\/\/xenum.com\/pl\/wp-json\/wp\/v2\/media\/15099"}],"wp:attachment":[{"href":"https:\/\/xenum.com\/pl\/wp-json\/wp\/v2\/media?parent=17309"}],"curies":[{"name":"wp","href":"https:\/\/api.w.org\/{rel}","templated":true}]}}