{"id":17308,"date":"2018-11-26T16:02:59","date_gmt":"2018-11-26T16:02:59","guid":{"rendered":"https:\/\/xenum.com\/strona-startowa\/produkty\/oleje\/silnik\/ester-syntetyczny\/x1-5w50\/"},"modified":"2023-02-10T14:31:05","modified_gmt":"2023-02-10T13:31:05","slug":"x1-5w50","status":"publish","type":"page","link":"https:\/\/xenum.com\/pl\/strona-startowa\/produkty\/oleje\/silnik\/ester-syntetyczny\/x1-5w50\/","title":{"rendered":"X1 5W50"},"content":{"rendered":"<p>Syntetyczny olej silnikowy o wysokiej wydajno\u015bci na bazie estr\u00f3w, kt\u00f3ry zapewnia optymaln\u0105 ochron\u0119 oraz wyd\u0142u\u017con\u0105 \u017cywotno\u015b\u0107 i niezawodno\u015b\u0107 silnika. Przewy\u017csza wymagania wydajno\u015bciowe praktycznie wszystkich producent\u00f3w silnik\u00f3w. \u0141\u0105czy w sobie wyj\u0105tkowe dzia\u0142anie przeciwzu\u017cyciowe i znakomit\u0105 ochron\u0119 w wysokich temperaturach. Olej ten wyr\u00f3\u017cnia si\u0119 doskona\u0142\u0105 p\u0142ynno\u015bci\u0105 w niskiej temperaturze, co umo\u017cliwia doskona\u0142y rozruch zimnego silnika, wraz z wysok\u0105 lepko\u015bci\u0105 w gor\u0105cym silniku.<\/p>\n<h2>W\u0142a\u015bciwo\u015bci<\/h2>\n<ul>\n<li>Wysoki i bardzo stabilny wska\u017anik lepko\u015bci<\/li>\n<li>Wysoka odporno\u015b\u0107 na \u015bcinanie<\/li>\n<li>Szybki start na zimno<\/li>\n<li>Bezpieczny film smarowy w bardzo wysokich temperaturach<\/li>\n<li>Bardzo dobra detergencja i dyspersja<\/li>\n<li>Bardzo silna ochrona przed zu\u017cyciem, korozj\u0105 i pienieniem si\u0119<\/li>\n<\/ul>\n<h2>Specyfikacje<\/h2>\n<ul>\n<li>ACEA A3\/B4<\/li>\n<li>API SN\/CF<\/li>\n<li>BMW Longlife-01<\/li>\n<li>PORSCHE A40<\/li>\n<li>MB 229.3<\/li>\n<li>VW 500.00\/505.00<\/li>\n<\/ul>\n<h3>Dost\u0119pne w<\/h3>\n<p>12X1L, 4X4L, 4X5L, 20L, 60L, 208L<\/p>\n","protected":false},"excerpt":{"rendered":"<p>Syntetyczny olej silnikowy o wysokiej wydajno\u015bci na bazie estr\u00f3w, kt\u00f3ry zapewnia optymaln\u0105 ochron\u0119 oraz wyd\u0142u\u017con\u0105 \u017cywotno\u015b\u0107 i niezawodno\u015b\u0107 silnika. Przewy\u017csza wymagania wydajno\u015bciowe praktycznie wszystkich producent\u00f3w silnik\u00f3w. \u0141\u0105czy w sobie wyj\u0105tkowe dzia\u0142anie przeciwzu\u017cyciowe i znakomit\u0105 ochron\u0119 w wysokich temperaturach. Olej ten wyr\u00f3\u017cnia si\u0119 doskona\u0142\u0105 p\u0142ynno\u015bci\u0105 w niskiej temperaturze, co umo\u017cliwia doskona\u0142y rozruch zimnego silnika, wraz z [&hellip;]<\/p>\n","protected":false},"author":1,"featured_media":15090,"parent":17277,"menu_order":5,"comment_status":"closed","ping_status":"closed","template":"product-page.php","meta":{"_acf_changed":false,"inline_featured_image":false,"footnotes":""},"class_list":["post-17308","page","type-page","status-publish","has-post-thumbnail","hentry"],"acf":[],"_links":{"self":[{"href":"https:\/\/xenum.com\/pl\/wp-json\/wp\/v2\/pages\/17308","targetHints":{"allow":["GET"]}}],"collection":[{"href":"https:\/\/xenum.com\/pl\/wp-json\/wp\/v2\/pages"}],"about":[{"href":"https:\/\/xenum.com\/pl\/wp-json\/wp\/v2\/types\/page"}],"author":[{"embeddable":true,"href":"https:\/\/xenum.com\/pl\/wp-json\/wp\/v2\/users\/1"}],"replies":[{"embeddable":true,"href":"https:\/\/xenum.com\/pl\/wp-json\/wp\/v2\/comments?post=17308"}],"version-history":[{"count":4,"href":"https:\/\/xenum.com\/pl\/wp-json\/wp\/v2\/pages\/17308\/revisions"}],"predecessor-version":[{"id":20353,"href":"https:\/\/xenum.com\/pl\/wp-json\/wp\/v2\/pages\/17308\/revisions\/20353"}],"up":[{"embeddable":true,"href":"https:\/\/xenum.com\/pl\/wp-json\/wp\/v2\/pages\/17277"}],"wp:featuredmedia":[{"embeddable":true,"href":"https:\/\/xenum.com\/pl\/wp-json\/wp\/v2\/media\/15090"}],"wp:attachment":[{"href":"https:\/\/xenum.com\/pl\/wp-json\/wp\/v2\/media?parent=17308"}],"curies":[{"name":"wp","href":"https:\/\/api.w.org\/{rel}","templated":true}]}}