{"id":17258,"date":"2017-07-22T13:05:57","date_gmt":"2017-07-22T13:05:57","guid":{"rendered":"https:\/\/xenum.com\/strona-startowa\/produkty\/obsluga\/srodki-smarujace\/chain-pro\/"},"modified":"2023-10-17T09:32:14","modified_gmt":"2023-10-17T08:32:14","slug":"chain-pro","status":"publish","type":"page","link":"https:\/\/xenum.com\/pl\/strona-startowa\/produkty\/obsluga\/srodki-smarujace\/chain-pro\/","title":{"rendered":"Chain Pro"},"content":{"rendered":"<p>Chain Pro to wysoko wydajny \u015brodek smarny do \u0142a\u0144cuch\u00f3w o ultra-penetracyjnej i przeciwdzia\u0142aj\u0105cej korozji formule syntetycznej. Zapewnia wyj\u0105tkow\u0105 ochron\u0119 \u0142a\u0144cuch\u00f3w, gwarantuj\u0105c optymaln\u0105 wydajno\u015b\u0107 w ka\u017cdych warunkach \u015brodowiskowych.<\/p>\n<h3><strong>W\u0142a\u015bciwo\u015bci<\/strong><\/h3>\n<ul>\n<li>Zapewnia niezawodn\u0105 ochron\u0119 przed rdz\u0105 i korozj\u0105<\/li>\n<li>Formu\u0142a o ultra-penetracji dla doskona\u0142ego smarowania wszystkich ruchomych cz\u0119\u015bci<\/li>\n<li>Tworzy ochronn\u0105 warstw\u0119 wodoodporn\u0105<\/li>\n<li>Szeroki zakres temperatur od -40\u00b0C do +250\u00b0C<\/li>\n<li>Nie reaguje z niemetalicznymi materia\u0142ami takimi jak lakier, plastik i guma<\/li>\n<\/ul>\n<h3><strong>Zastosowanie<\/strong><\/h3>\n<p>Nadaje si\u0119 do standardowych \u0142a\u0144cuch\u00f3w oraz \u0142a\u0144cuch\u00f3w O-RING, X-RING i Z-RING. Idealny do u\u017cytku w motocyklach, gokartach i nap\u0119dach przemys\u0142owych.<\/p>\n<h4><strong>Dost\u0119pny w opakowaniach:<\/strong><\/h4>\n<p>500 ML \u2013 REF. 4090500<\/p>\n","protected":false},"excerpt":{"rendered":"<p>Chain Pro to wysoko wydajny \u015brodek smarny do \u0142a\u0144cuch\u00f3w o ultra-penetracyjnej i przeciwdzia\u0142aj\u0105cej korozji formule syntetycznej. Zapewnia wyj\u0105tkow\u0105 ochron\u0119 \u0142a\u0144cuch\u00f3w, gwarantuj\u0105c optymaln\u0105 wydajno\u015b\u0107 w ka\u017cdych warunkach \u015brodowiskowych. W\u0142a\u015bciwo\u015bci Zapewnia niezawodn\u0105 ochron\u0119 przed rdz\u0105 i korozj\u0105 Formu\u0142a o ultra-penetracji dla doskona\u0142ego smarowania wszystkich ruchomych cz\u0119\u015bci Tworzy ochronn\u0105 warstw\u0119 wodoodporn\u0105 Szeroki zakres temperatur od -40\u00b0C do +250\u00b0C [&hellip;]<\/p>\n","protected":false},"author":1,"featured_media":14541,"parent":17220,"menu_order":0,"comment_status":"closed","ping_status":"closed","template":"product-page.php","meta":{"_acf_changed":false,"inline_featured_image":false,"footnotes":""},"class_list":["post-17258","page","type-page","status-publish","has-post-thumbnail","hentry"],"acf":[],"_links":{"self":[{"href":"https:\/\/xenum.com\/pl\/wp-json\/wp\/v2\/pages\/17258","targetHints":{"allow":["GET"]}}],"collection":[{"href":"https:\/\/xenum.com\/pl\/wp-json\/wp\/v2\/pages"}],"about":[{"href":"https:\/\/xenum.com\/pl\/wp-json\/wp\/v2\/types\/page"}],"author":[{"embeddable":true,"href":"https:\/\/xenum.com\/pl\/wp-json\/wp\/v2\/users\/1"}],"replies":[{"embeddable":true,"href":"https:\/\/xenum.com\/pl\/wp-json\/wp\/v2\/comments?post=17258"}],"version-history":[{"count":8,"href":"https:\/\/xenum.com\/pl\/wp-json\/wp\/v2\/pages\/17258\/revisions"}],"predecessor-version":[{"id":24836,"href":"https:\/\/xenum.com\/pl\/wp-json\/wp\/v2\/pages\/17258\/revisions\/24836"}],"up":[{"embeddable":true,"href":"https:\/\/xenum.com\/pl\/wp-json\/wp\/v2\/pages\/17220"}],"wp:featuredmedia":[{"embeddable":true,"href":"https:\/\/xenum.com\/pl\/wp-json\/wp\/v2\/media\/14541"}],"wp:attachment":[{"href":"https:\/\/xenum.com\/pl\/wp-json\/wp\/v2\/media?parent=17258"}],"curies":[{"name":"wp","href":"https:\/\/api.w.org\/{rel}","templated":true}]}}