{"id":17253,"date":"2017-07-22T13:21:18","date_gmt":"2017-07-22T13:21:18","guid":{"rendered":"https:\/\/xenum.com\/strona-startowa\/produkty\/obsluga\/silnik\/intake-pro-petrol\/"},"modified":"2024-08-23T15:45:27","modified_gmt":"2024-08-23T14:45:27","slug":"intake-pro-petrol","status":"publish","type":"page","link":"https:\/\/xenum.com\/pl\/strona-startowa\/produkty\/obsluga\/silnik\/intake-pro-petrol\/","title":{"rendered":"Intake Pro Petrol"},"content":{"rendered":"<p>Intake Pro Petrol to zaawansowany i wysoce wydajny \u015brodek do czyszczenia uk\u0142adu dolotowego. Jego pot\u0119\u017cna formu\u0142a oczyszcza ca\u0142y uk\u0142ad dolotowy w ci\u0105gu 10 minut, bez konieczno\u015bci pe\u0142nego rozk\u0142adania.<\/p>\n<h3><strong>W\u0142a\u015bciwo\u015bci<\/strong><\/h3>\n<ul>\n<li>Aktywnie usuwa gum\u0119, lakier, smo\u0142\u0119, w\u0119giel i inne osady<\/li>\n<li>Optymalizuje przep\u0142yw powietrza w celu zwi\u0119kszenia efektywno\u015bci komory spalania<\/li>\n<li>Zapewnia p\u0142ynn\u0105 i stabiln\u0105 prac\u0119 silnika<\/li>\n<li>Przywraca i utrzymuje wydajno\u015b\u0107 silnika, optymalizuj\u0105c zu\u017cycie paliwa<\/li>\n<li>Zapobiega i rozwi\u0105zuje problemy z rozruchem<\/li>\n<li>Redukuje emisj\u0119 czarnego dymu z wydechu<\/li>\n<li>Poprawia funkcjonalno\u015b\u0107 sond lambda i filtr\u00f3w DPF<\/li>\n<\/ul>\n<h3><strong>Zastosowanie<\/strong><\/h3>\n<p>Do skutecznego czyszczenia uk\u0142adu dolotowego. Intake Pro Petrol mo\u017cna stosowa\u0107 na r\u00f3\u017cnych komponentach, w tym zaworze EGR, zaworze regulacji powietrza w stanie ja\u0142owym, przepustnicy i obudowie, modu\u0142 elektronicznej przepustnicy (ETM), czujniku ci\u015bnienia w kolektorze dolotowym, zaworach dolotowych i uk\u0142adzie wentylacji obudowy korbowej.<\/p>\n<h4><strong>Dost\u0119pny w rozmiarze:<\/strong><\/h4>\n<p>500 ML \u2013 REF. 4151500<\/p>\n","protected":false},"excerpt":{"rendered":"<p>Intake Pro Petrol to zaawansowany i wysoce wydajny \u015brodek do czyszczenia uk\u0142adu dolotowego. Jego pot\u0119\u017cna formu\u0142a oczyszcza ca\u0142y uk\u0142ad dolotowy w ci\u0105gu 10 minut, bez konieczno\u015bci pe\u0142nego rozk\u0142adania. W\u0142a\u015bciwo\u015bci Aktywnie usuwa gum\u0119, lakier, smo\u0142\u0119, w\u0119giel i inne osady Optymalizuje przep\u0142yw powietrza w celu zwi\u0119kszenia efektywno\u015bci komory spalania Zapewnia p\u0142ynn\u0105 i stabiln\u0105 prac\u0119 silnika Przywraca i [&hellip;]<\/p>\n","protected":false},"author":4,"featured_media":13704,"parent":17217,"menu_order":0,"comment_status":"closed","ping_status":"closed","template":"product-page.php","meta":{"_acf_changed":false,"inline_featured_image":false,"footnotes":""},"class_list":["post-17253","page","type-page","status-publish","has-post-thumbnail","hentry"],"acf":[],"_links":{"self":[{"href":"https:\/\/xenum.com\/pl\/wp-json\/wp\/v2\/pages\/17253","targetHints":{"allow":["GET"]}}],"collection":[{"href":"https:\/\/xenum.com\/pl\/wp-json\/wp\/v2\/pages"}],"about":[{"href":"https:\/\/xenum.com\/pl\/wp-json\/wp\/v2\/types\/page"}],"author":[{"embeddable":true,"href":"https:\/\/xenum.com\/pl\/wp-json\/wp\/v2\/users\/4"}],"replies":[{"embeddable":true,"href":"https:\/\/xenum.com\/pl\/wp-json\/wp\/v2\/comments?post=17253"}],"version-history":[{"count":4,"href":"https:\/\/xenum.com\/pl\/wp-json\/wp\/v2\/pages\/17253\/revisions"}],"predecessor-version":[{"id":25578,"href":"https:\/\/xenum.com\/pl\/wp-json\/wp\/v2\/pages\/17253\/revisions\/25578"}],"up":[{"embeddable":true,"href":"https:\/\/xenum.com\/pl\/wp-json\/wp\/v2\/pages\/17217"}],"wp:featuredmedia":[{"embeddable":true,"href":"https:\/\/xenum.com\/pl\/wp-json\/wp\/v2\/media\/13704"}],"wp:attachment":[{"href":"https:\/\/xenum.com\/pl\/wp-json\/wp\/v2\/media?parent=17253"}],"curies":[{"name":"wp","href":"https:\/\/api.w.org\/{rel}","templated":true}]}}