{"id":17252,"date":"2018-09-06T07:45:26","date_gmt":"2018-09-06T07:45:26","guid":{"rendered":"https:\/\/xenum.com\/strona-startowa\/produkty\/obsluga\/silnik\/intake-pro-diesel\/"},"modified":"2024-07-12T09:15:08","modified_gmt":"2024-07-12T08:15:08","slug":"intake-pro-diesel","status":"publish","type":"page","link":"https:\/\/xenum.com\/pl\/strona-startowa\/produkty\/obsluga\/silnik\/intake-pro-diesel\/","title":{"rendered":"Intake Pro Diesel"},"content":{"rendered":"<p>Intake Pro Diesel to zaawansowany i wysoce wydajny \u015brodek do czyszczenia uk\u0142adu dolotowego. Jego pot\u0119\u017cna formu\u0142a oczyszcza ca\u0142y uk\u0142ad dolotowy w ci\u0105gu mniej ni\u017c 10 minut, bez konieczno\u015bci pe\u0142nego rozk\u0142adania.<\/p>\n<h3><strong>W\u0142a\u015bciwo\u015bci<\/strong><\/h3>\n<ul>\n<li>Aktywnie usuwa guma, lakier, smo\u0142\u0119, w\u0119giel i inne osady<\/li>\n<li>Optymalizuje przep\u0142yw powietrza, zwi\u0119kszaj\u0105c efektywno\u015b\u0107 komory spalania<\/li>\n<li>Zapewnia p\u0142ynn\u0105 i stabiln\u0105 prac\u0119 silnika<\/li>\n<li>Przywraca i utrzymuje wydajno\u015b\u0107 silnika, optymalizuj\u0105c zu\u017cycie paliwa<\/li>\n<li>Zapobiega i rozwi\u0105zuje problemy z rozruchem<\/li>\n<li>Redukuje emisje czarnego dymu z wydechu<\/li>\n<li>Poprawia dzia\u0142anie sond lambda i filtru DPF<\/li>\n<li>Brak ryzyka samozap\u0142onu<\/li>\n<\/ul>\n<h3><strong>Zastosowanie<\/strong><\/h3>\n<p>Do skutecznego czyszczenia uk\u0142adu dolotowego. Intake Pro Diesel mo\u017cna stosowa\u0107 do r\u00f3\u017cnych komponent\u00f3w, w tym zaworu EGR, zaworu regulacji ilo\u015bci powietrza na biegu ja\u0142owym, przepustnicy i obudowy, modu\u0142u elektronicznej przepustnicy (ETM), czujnika ci\u015bnienia w kolektorze dolotowym, zawor\u00f3w ss\u0105cych oraz uk\u0142adu wentylacji obudowy korbowej.<\/p>\n<h4><strong>Dost\u0119pne w opakowaniu:<\/strong><\/h4>\n<p>500 ML \u2013 REF. 4045500<\/p>\n","protected":false},"excerpt":{"rendered":"<p>Intake Pro Diesel to zaawansowany i wysoce wydajny \u015brodek do czyszczenia uk\u0142adu dolotowego. Jego pot\u0119\u017cna formu\u0142a oczyszcza ca\u0142y uk\u0142ad dolotowy w ci\u0105gu mniej ni\u017c 10 minut, bez konieczno\u015bci pe\u0142nego rozk\u0142adania. W\u0142a\u015bciwo\u015bci Aktywnie usuwa guma, lakier, smo\u0142\u0119, w\u0119giel i inne osady Optymalizuje przep\u0142yw powietrza, zwi\u0119kszaj\u0105c efektywno\u015b\u0107 komory spalania Zapewnia p\u0142ynn\u0105 i stabiln\u0105 prac\u0119 silnika Przywraca i [&hellip;]<\/p>\n","protected":false},"author":4,"featured_media":13713,"parent":17217,"menu_order":0,"comment_status":"closed","ping_status":"closed","template":"product-page.php","meta":{"_acf_changed":false,"inline_featured_image":false,"footnotes":""},"class_list":["post-17252","page","type-page","status-publish","has-post-thumbnail","hentry"],"acf":[],"_links":{"self":[{"href":"https:\/\/xenum.com\/pl\/wp-json\/wp\/v2\/pages\/17252","targetHints":{"allow":["GET"]}}],"collection":[{"href":"https:\/\/xenum.com\/pl\/wp-json\/wp\/v2\/pages"}],"about":[{"href":"https:\/\/xenum.com\/pl\/wp-json\/wp\/v2\/types\/page"}],"author":[{"embeddable":true,"href":"https:\/\/xenum.com\/pl\/wp-json\/wp\/v2\/users\/4"}],"replies":[{"embeddable":true,"href":"https:\/\/xenum.com\/pl\/wp-json\/wp\/v2\/comments?post=17252"}],"version-history":[{"count":5,"href":"https:\/\/xenum.com\/pl\/wp-json\/wp\/v2\/pages\/17252\/revisions"}],"predecessor-version":[{"id":25429,"href":"https:\/\/xenum.com\/pl\/wp-json\/wp\/v2\/pages\/17252\/revisions\/25429"}],"up":[{"embeddable":true,"href":"https:\/\/xenum.com\/pl\/wp-json\/wp\/v2\/pages\/17217"}],"wp:featuredmedia":[{"embeddable":true,"href":"https:\/\/xenum.com\/pl\/wp-json\/wp\/v2\/media\/13713"}],"wp:attachment":[{"href":"https:\/\/xenum.com\/pl\/wp-json\/wp\/v2\/media?parent=17252"}],"curies":[{"name":"wp","href":"https:\/\/api.w.org\/{rel}","templated":true}]}}