{"id":17188,"date":"2019-05-22T07:58:55","date_gmt":"2019-05-22T07:58:55","guid":{"rendered":"https:\/\/xenum.com\/strona-startowa\/produkty\/oleje\/heavy-duty\/diesel-power-e7-10w40\/"},"modified":"2023-05-09T13:48:34","modified_gmt":"2023-05-09T12:48:34","slug":"diesel-power-e7-10w40","status":"publish","type":"page","link":"https:\/\/xenum.com\/pl\/strona-startowa\/produkty\/oleje\/heavy-duty\/diesel-power-e7-10w40\/","title":{"rendered":"Diesel Power E7 10W40"},"content":{"rendered":"<p>Jest to p\u00f3\u0142syntetyczny \u015brodek smarny oparty na starannie dobranych wysokorafinowanych olejach bazowych. Olej ten zosta\u0142 zaprojektowany tak, aby spe\u0142nia\u0107 najnowsze specyfikacje zar\u00f3wno europejskich jak i ameryka\u0144skich producent\u00f3w ci\u0119\u017ckich silnik\u00f3w Diesla. Zapewnia doskona\u0142\u0105 ochron\u0119 przed osadami w przewodach olejowych, turbo oraz zapewnia lepsz\u0105 ochron\u0119 przed zu\u017cyciem wa\u0142k\u00f3w rozrz\u0105du.<\/p>\n<h2><strong>W\u0142a\u015bciwo\u015bci<\/strong><\/h2>\n<ul>\n<li>Bardzo dobre dzia\u0142anie detergentowe zapobiegaj\u0105ce powstawaniu osad\u00f3w w silniku<\/li>\n<li>Bardzo dobre dzia\u0142anie dysperguj\u0105ce zapobiegaj\u0105ce powstawaniu osad\u00f3w i pozosta\u0142o\u015bci<\/li>\n<li>Bardzo wysoka skuteczno\u015b\u0107 przeciwzu\u017cyciowa, przeciwkorozyjna i przeciwpienna<\/li>\n<li>Stabilny wska\u017anik lepko\u015bci.<\/li>\n<li>Wyd\u0142u\u017cone okresy mi\u0119dzy wymianami oleju.<\/li>\n<\/ul>\n<h2><strong>Aplikacja<\/strong><\/h2>\n<p>Nadaje si\u0119 do silnik\u00f3w o niskiej emisji spalin w normach Euro II i Euro III. Nie nadaje si\u0119 do silnik\u00f3w Euro IV z filtrem cz\u0105stek sta\u0142ych. Umo\u017cliwia bardzo d\u0142ugie okresy mi\u0119dzy wymianami oleju....<\/p>\n<h3><strong>SPECYFIKACJE<\/strong><\/h3>\n<ul>\n<li>ACEA A3\/B4\/E7<\/li>\n<li>API CI-4\/SL<\/li>\n<li>ALLISON C-4<\/li>\n<li>MB 228.3\/229.1<\/li>\n<li>MAN M 3275-1<\/li>\n<li>VOLVO VDS-3<\/li>\n<li>RENAULT VI RLD\/RLD-2<\/li>\n<li>MTU Type 2<\/li>\n<li>Cummins CES 20076\/20077\/20078<\/li>\n<li>Mack EO-N\/EO-M Plus<\/li>\n<li>Global DHD-1 Cat ECF-1<\/li>\n<li>-a\/ECF-2<\/li>\n<li>Deutz DQC III-10<\/li>\n<li>Detroit Diesel 93K215<\/li>\n<li>ZF TE-ML 07C<\/li>\n<\/ul>\n<h3><strong>OPAKOWANIE<\/strong><\/h3>\n<p>12X1L, 4X4L, 4X5L, 20L, 60L, 208L<\/p>\n<h3><\/h3>\n","protected":false},"excerpt":{"rendered":"<p>Jest to p\u00f3\u0142syntetyczny \u015brodek smarny oparty na starannie dobranych wysokorafinowanych olejach bazowych. Olej ten zosta\u0142 zaprojektowany tak, aby spe\u0142nia\u0107 najnowsze specyfikacje zar\u00f3wno europejskich jak i ameryka\u0144skich producent\u00f3w ci\u0119\u017ckich silnik\u00f3w Diesla. Zapewnia doskona\u0142\u0105 ochron\u0119 przed osadami w przewodach olejowych, turbo oraz zapewnia lepsz\u0105 ochron\u0119 przed zu\u017cyciem wa\u0142k\u00f3w rozrz\u0105du. W\u0142a\u015bciwo\u015bci Bardzo dobre dzia\u0142anie detergentowe zapobiegaj\u0105ce powstawaniu osad\u00f3w [&hellip;]<\/p>\n","protected":false},"author":1,"featured_media":12785,"parent":17173,"menu_order":1,"comment_status":"closed","ping_status":"closed","template":"product-page.php","meta":{"_acf_changed":false,"inline_featured_image":false,"footnotes":""},"class_list":["post-17188","page","type-page","status-publish","has-post-thumbnail","hentry"],"acf":[],"_links":{"self":[{"href":"https:\/\/xenum.com\/pl\/wp-json\/wp\/v2\/pages\/17188","targetHints":{"allow":["GET"]}}],"collection":[{"href":"https:\/\/xenum.com\/pl\/wp-json\/wp\/v2\/pages"}],"about":[{"href":"https:\/\/xenum.com\/pl\/wp-json\/wp\/v2\/types\/page"}],"author":[{"embeddable":true,"href":"https:\/\/xenum.com\/pl\/wp-json\/wp\/v2\/users\/1"}],"replies":[{"embeddable":true,"href":"https:\/\/xenum.com\/pl\/wp-json\/wp\/v2\/comments?post=17188"}],"version-history":[{"count":3,"href":"https:\/\/xenum.com\/pl\/wp-json\/wp\/v2\/pages\/17188\/revisions"}],"predecessor-version":[{"id":21692,"href":"https:\/\/xenum.com\/pl\/wp-json\/wp\/v2\/pages\/17188\/revisions\/21692"}],"up":[{"embeddable":true,"href":"https:\/\/xenum.com\/pl\/wp-json\/wp\/v2\/pages\/17173"}],"wp:featuredmedia":[{"embeddable":true,"href":"https:\/\/xenum.com\/pl\/wp-json\/wp\/v2\/media\/12785"}],"wp:attachment":[{"href":"https:\/\/xenum.com\/pl\/wp-json\/wp\/v2\/media?parent=17188"}],"curies":[{"name":"wp","href":"https:\/\/api.w.org\/{rel}","templated":true}]}}