{"id":17187,"date":"2019-09-12T15:59:32","date_gmt":"2019-09-12T15:59:32","guid":{"rendered":"https:\/\/xenum.com\/strona-startowa\/produkty\/oleje\/heavy-duty\/diesel-power-e6-e7-e9-10w40\/"},"modified":"2022-09-23T13:04:08","modified_gmt":"2022-09-23T12:04:08","slug":"diesel-power-e6-e7-e9-10w40","status":"publish","type":"page","link":"https:\/\/xenum.com\/pl\/strona-startowa\/produkty\/oleje\/heavy-duty\/diesel-power-e6-e7-e9-10w40\/","title":{"rendered":"DIESEL POWER E6-E7-E9 10W40"},"content":{"rendered":"<p style=\"font-weight: 400;\">Lubricante semisint\u00e9tico low SAPS. Basado en aceites base cuidadosamente seleccionados y altamente refinados. Este aceite de motor multigrado cumple los \u00faltimos requisitos de los OEM para su uso en motores di\u00e9sel de cuatro tiempos de alta velocidad de los \u00faltimos modelos.<\/p>\n<h2><strong>Propiedades<\/strong><\/h2>\n<ul>\n<li>Cumple o supera los requisitos de las actuales normas de bajas emisiones.<\/li>\n<li>Excelentes propiedades de arranque en fr\u00edo.<\/li>\n<li>Muy buena estabilidad al cizallamiento.<\/li>\n<li>Resistencia a la oxidaci\u00f3n mejorada.<\/li>\n<li>Dispersi\u00f3n muy fuerte, por lo que los dep\u00f3sitos y lodos se limitan al m\u00ednimo.<\/li>\n<li>Excelentes propiedades contra el desgaste, la corrosi\u00f3n y la espuma.<\/li>\n<\/ul>\n<h2><strong>Aplicaciones<\/strong><\/h2>\n<p style=\"font-weight: 400;\">Este aceite de motor especial para maquinaria pesada es adecuado para su uso en aplicaciones de carretera y fuera de carretera. Contribuye a reducir las emisiones de gases de escape y los niveles de part\u00edculas, lo que favorece en gran medida la vida \u00fatil de los sistemas de control de emisiones. Al cumplir los requisitos de los fabricantes de equipos originales de Europa y Norteam\u00e9rica, ofrece una amplia gama de posibilidades de aplicaci\u00f3n. Puede aplicarse en motores Euro 5 y Euro 6 con sistema de gases de escape SCR y en motores Euro 3 y Euro 4, cuando lo indique el fabricante.<\/p>\n<h2><strong>Especificaciones<\/strong><\/h2>\n<ul>\n<li>ACEA E6\/E7\/E9<\/li>\n<li>API CK-4\/SN<\/li>\n<li>Deutz DQC IV-10 LA<\/li>\n<li>Mack EOS-4.5<\/li>\n<li>MAN M 3477<\/li>\n<li>MB 228.51<\/li>\n<li>Renault VI RLD-3<\/li>\n<li>Volvo VDS-4.5<\/li>\n<li>Cat ECF-3<\/li>\n<li>Cummins CES 20086<\/li>\n<li>Detroit Diesel 93K218\/93K222<\/li>\n<li>JASO DH-2<\/li>\n<li>MTU Type 3.1<\/li>\n<\/ul>\n<h3><strong>Available in<\/strong><\/h3>\n<p>Lata de 1L can (caja de 12 x 1L)<\/p>\n<p>Lata de 4L can (caja de 4 litros)<\/p>\n<p>Lata de 5L can (caja de 4 x 5L)<\/p>\n<p>Lata de 20 L<\/p>\n<p>Bid\u00f3n de 60 L<\/p>\n<p>Bid\u00f3n de 208 L<\/p>\n","protected":false},"excerpt":{"rendered":"<p>Lubricante semisint\u00e9tico low SAPS. Basado en aceites base cuidadosamente seleccionados y altamente refinados. Este aceite de motor multigrado cumple los \u00faltimos requisitos de los OEM para su uso en motores di\u00e9sel de cuatro tiempos de alta velocidad de los \u00faltimos modelos. Propiedades Cumple o supera los requisitos de las actuales normas de bajas emisiones. Excelentes [&hellip;]<\/p>\n","protected":false},"author":1,"featured_media":12785,"parent":17173,"menu_order":2,"comment_status":"closed","ping_status":"closed","template":"product-page.php","meta":{"_acf_changed":false,"inline_featured_image":false,"footnotes":""},"class_list":["post-17187","page","type-page","status-publish","has-post-thumbnail","hentry"],"acf":[],"_links":{"self":[{"href":"https:\/\/xenum.com\/pl\/wp-json\/wp\/v2\/pages\/17187","targetHints":{"allow":["GET"]}}],"collection":[{"href":"https:\/\/xenum.com\/pl\/wp-json\/wp\/v2\/pages"}],"about":[{"href":"https:\/\/xenum.com\/pl\/wp-json\/wp\/v2\/types\/page"}],"author":[{"embeddable":true,"href":"https:\/\/xenum.com\/pl\/wp-json\/wp\/v2\/users\/1"}],"replies":[{"embeddable":true,"href":"https:\/\/xenum.com\/pl\/wp-json\/wp\/v2\/comments?post=17187"}],"version-history":[{"count":4,"href":"https:\/\/xenum.com\/pl\/wp-json\/wp\/v2\/pages\/17187\/revisions"}],"predecessor-version":[{"id":18853,"href":"https:\/\/xenum.com\/pl\/wp-json\/wp\/v2\/pages\/17187\/revisions\/18853"}],"up":[{"embeddable":true,"href":"https:\/\/xenum.com\/pl\/wp-json\/wp\/v2\/pages\/17173"}],"wp:featuredmedia":[{"embeddable":true,"href":"https:\/\/xenum.com\/pl\/wp-json\/wp\/v2\/media\/12785"}],"wp:attachment":[{"href":"https:\/\/xenum.com\/pl\/wp-json\/wp\/v2\/media?parent=17187"}],"curies":[{"name":"wp","href":"https:\/\/api.w.org\/{rel}","templated":true}]}}