{"id":17184,"date":"2021-09-09T09:28:59","date_gmt":"2021-09-09T09:28:59","guid":{"rendered":"https:\/\/xenum.com\/strona-startowa\/produkty\/oleje\/heavy-duty\/diesel-synth-10w40-e6-e7\/"},"modified":"2023-10-02T14:51:18","modified_gmt":"2023-10-02T13:51:18","slug":"diesel-synth-10w40-e6-e7","status":"publish","type":"page","link":"https:\/\/xenum.com\/pl\/strona-startowa\/produkty\/oleje\/heavy-duty\/diesel-synth-10w40-e6-e7\/","title":{"rendered":"DIESEL SYNTH 10W40 E6\/ E7\/E8\/E9\/E11"},"content":{"rendered":"<h2>OPIS<\/h2>\n<p>Jest to w pe\u0142ni syntetyczny \u015brodek smarny oparty na starannie dobranych bardzo wysokiej jako\u015bci olejach bazowych, spe\u0142niaj\u0105cy najwy\u017csze standardy wydajno\u015bci dla du\u017cych samochod\u00f3w ci\u0119\u017carowych. Mo\u017ce by\u0107 stosowany do silnik\u00f3w wyposa\u017conych w systemy oczyszczania spalin, w po\u0142\u0105czeniu z olejem nap\u0119dowym o niskiej zawarto\u015bci siarki (maksymalnie 50 ppm).<\/p>\n<h2>W\u0141A\u015aCIWO\u015aCI<\/h2>\n<ul>\n<li>Bardzo dobre dzia\u0142anie detergentowe zapobiegaj\u0105ce powstawaniu osad\u00f3w w silniku<\/li>\n<li>Bardzo dobre dzia\u0142anie dysperguj\u0105ce, zapobiegaj\u0105ce powstawaniu osad\u00f3w i pozosta\u0142o\u015bci<\/li>\n<li>Bardzo wysoka skuteczno\u015b\u0107 przeciwzu\u017cyciowa, przeciwkorozyjna i przeciwpienna<\/li>\n<li>Stabilny wska\u017anik lepko\u015bci.<\/li>\n<li>Niski poziom popio\u0142u siarczanowego.<\/li>\n<li>Wyd\u0142u\u017cone okresy mi\u0119dzy wymianami oleju.<\/li>\n<li>Pe\u0142na ochrona uk\u0142adu oczyszczania spalin.<\/li>\n<\/ul>\n<h2>APLIKACJA<\/h2>\n<p>Szczeg\u00f3lnie zalecany do du\u017cych silnik\u00f3w samochod\u00f3w ci\u0119\u017carowych spe\u0142niaj\u0105cych norm\u0119 EURO V i odpowiedni do wi\u0119kszo\u015bci silnik\u00f3w Euro VI. Doskonale wsp\u00f3\u0142pracuje ze wszystkimi systemami i urz\u0105dzeniami oczyszczania spalin (EGR, SCR, DPF itp.) w po\u0142\u0105czeniu z olejem nap\u0119dowym o niskiej zawarto\u015bci siarki (max 50 ppm). Mo\u017ce by\u0107 stosowany r\u00f3wnie\u017c w starszych silnikach Diesla (Euro II, III, IV). Nadaje si\u0119 r\u00f3wnie\u017c do niekt\u00f3rych silnik\u00f3w zasilanych gazem (CNG).<\/p>\n<h3><strong>SPECYFIKACJE<\/strong><\/h3>\n<ul>\n<li>ACEA: E6 \/ E7 \/ E8 \/ E9 \/ E11<\/li>\n<li>API: CI-4<\/li>\n<li>CAT: ECF-1<\/li>\n<li>CUMMINS: CES 20076 \/ CES 20077<\/li>\n<li>DAF Extended Drain<\/li>\n<li>DEUTZ: DQC-IV-18 LA<\/li>\n<li>DTFR15C110<\/li>\n<li>IVECO: 18-1804 TLS E6<\/li>\n<li>JASO: DH-2<\/li>\n<li>MACK: EO-N<\/li>\n<li>MAN: M3271-1 \/\u00a0M3477<\/li>\n<li>MB: 228.51<\/li>\n<li>MTU: Type 3.1<\/li>\n<li>RENAULT: RGD \/ RLD-2 \/\u00a0VI RXD<\/li>\n<li>VOLVO: VDS-3<\/li>\n<\/ul>\n<h3><strong>OPAKOWANIE<\/strong><\/h3>\n<p>12X1L, 4X4L, 4X5L, 20L, 60L, 208L<\/p>\n","protected":false},"excerpt":{"rendered":"<p>OPIS Jest to w pe\u0142ni syntetyczny \u015brodek smarny oparty na starannie dobranych bardzo wysokiej jako\u015bci olejach bazowych, spe\u0142niaj\u0105cy najwy\u017csze standardy wydajno\u015bci dla du\u017cych samochod\u00f3w ci\u0119\u017carowych. Mo\u017ce by\u0107 stosowany do silnik\u00f3w wyposa\u017conych w systemy oczyszczania spalin, w po\u0142\u0105czeniu z olejem nap\u0119dowym o niskiej zawarto\u015bci siarki (maksymalnie 50 ppm). W\u0141A\u015aCIWO\u015aCI Bardzo dobre dzia\u0142anie detergentowe zapobiegaj\u0105ce powstawaniu osad\u00f3w [&hellip;]<\/p>\n","protected":false},"author":1,"featured_media":12785,"parent":17173,"menu_order":6,"comment_status":"closed","ping_status":"closed","template":"product-page.php","meta":{"_acf_changed":false,"inline_featured_image":false,"footnotes":""},"class_list":["post-17184","page","type-page","status-publish","has-post-thumbnail","hentry"],"acf":[],"_links":{"self":[{"href":"https:\/\/xenum.com\/pl\/wp-json\/wp\/v2\/pages\/17184","targetHints":{"allow":["GET"]}}],"collection":[{"href":"https:\/\/xenum.com\/pl\/wp-json\/wp\/v2\/pages"}],"about":[{"href":"https:\/\/xenum.com\/pl\/wp-json\/wp\/v2\/types\/page"}],"author":[{"embeddable":true,"href":"https:\/\/xenum.com\/pl\/wp-json\/wp\/v2\/users\/1"}],"replies":[{"embeddable":true,"href":"https:\/\/xenum.com\/pl\/wp-json\/wp\/v2\/comments?post=17184"}],"version-history":[{"count":3,"href":"https:\/\/xenum.com\/pl\/wp-json\/wp\/v2\/pages\/17184\/revisions"}],"predecessor-version":[{"id":24566,"href":"https:\/\/xenum.com\/pl\/wp-json\/wp\/v2\/pages\/17184\/revisions\/24566"}],"up":[{"embeddable":true,"href":"https:\/\/xenum.com\/pl\/wp-json\/wp\/v2\/pages\/17173"}],"wp:featuredmedia":[{"embeddable":true,"href":"https:\/\/xenum.com\/pl\/wp-json\/wp\/v2\/media\/12785"}],"wp:attachment":[{"href":"https:\/\/xenum.com\/pl\/wp-json\/wp\/v2\/media?parent=17184"}],"curies":[{"name":"wp","href":"https:\/\/api.w.org\/{rel}","templated":true}]}}