{"id":8847,"date":"2019-05-02T16:04:31","date_gmt":"2019-05-02T16:04:31","guid":{"rendered":"https:\/\/xenum.com\/?page_id=8847"},"modified":"2023-09-01T11:21:01","modified_gmt":"2023-09-01T10:21:01","slug":"eco-fuel","status":"publish","type":"page","link":"https:\/\/xenum.com\/nl\/startpagina\/producten\/additieven\/brandstof\/benzine-reinigingsmiddelen\/eco-fuel\/","title":{"rendered":"ECO Fuel"},"content":{"rendered":"<p>ECO Fuel is een multifunctioneel brandstofadditief geschikt voor zowel diesel- als benzinemotoren. Het verbetert de algehele motorprestaties alsook de brandstofinjectie en optimaliseert de effici\u00ebntie van het uitlaatbehandelingssysteem.<\/p>\n<h3><strong>Basisvoordelen<\/strong><\/h3>\n<ul>\n<li>Verbetert de werking van de motor<\/li>\n<li>Vermindert geluid en trillingen<\/li>\n<li>Verhoogt brandstofeffici\u00ebntie<\/li>\n<li>Verbetert algemene motorprestaties en vermogen<\/li>\n<li>Verbetert de betrouwbaarheid van de motor<\/li>\n<li>Vermindert schadelijke uitlaatgassen en rook<\/li>\n<\/ul>\n<h3><strong>Eigenschappen<\/strong><\/h3>\n<ul>\n<li>Reinigt en smeert injectoren en brandstofsystemen<\/li>\n<li>Houdt EGR- en DPF\/GPF-systemen schoon<\/li>\n<li>Neutraliseert water in de brandstoftank<\/li>\n<li>Beschermt het brandstofsysteem tegen corrosie<\/li>\n<li>Beschermt injectiepompen tegen slijtage<\/li>\n<li>Voorkomt verstopping van de injectornaalden<\/li>\n<li>Voorkomt brandstofoxidatie en -degradatie<\/li>\n<\/ul>\n<h3><strong>Toepassing<\/strong><\/h3>\n<p>Geschikt voor preventief onderhoud van alle motoren uitgerust met directe injectie, EGR, roetfilter en katalysator.<\/p>\n<h3><strong>Advies<\/strong><\/h3>\n<p>Om optimale prestaties te behouden, raden we aan om regelmatig <a href=\"https:\/\/xenum.com\/nl\/startpagina\/producten\/additieven\/brandstof\/diesel-boosters\/diesel-multi-conditioner\/\">Diesel Multi Conditioner<\/a> of <a href=\"https:\/\/xenum.com\/nl\/startpagina\/producten\/additieven\/brandstof\/benzine-boosters\/petrol-multi-conditioner\/\">Petrol Multi Conditioner<\/a> te gebruiken.<\/p>\n<h3><strong>Gebruiksaanwijzing<\/strong><\/h3>\n<p>Voeg de inhoud van \u00e9\u00e9n flacon van 250 ml toe aan de tank voordat u gaat tanken. E\u00e9n flacon behandelt tot 70 liter brandstof.<\/p>\n<h4><strong>Verkrijgbaar in:<\/strong><\/h4>\n<p>250ML - REF. 3482250<br \/>\n12 x 250ML<\/p>\n","protected":false},"excerpt":{"rendered":"<p>ECO Fuel is een multifunctioneel brandstofadditief geschikt voor zowel diesel- als benzinemotoren. Het verbetert de algehele motorprestaties alsook de brandstofinjectie en optimaliseert de effici\u00ebntie van het uitlaatbehandelingssysteem. Basisvoordelen Verbetert de werking van de motor Vermindert geluid en trillingen Verhoogt brandstofeffici\u00ebntie Verbetert algemene motorprestaties en vermogen Verbetert de betrouwbaarheid van de motor Vermindert schadelijke uitlaatgassen en [&hellip;]<\/p>\n","protected":false},"author":4,"featured_media":9046,"parent":1253,"menu_order":0,"comment_status":"closed","ping_status":"closed","template":"product-page.php","meta":{"_acf_changed":false,"inline_featured_image":false,"footnotes":""},"class_list":["post-8847","page","type-page","status-publish","has-post-thumbnail","hentry"],"acf":[],"_links":{"self":[{"href":"https:\/\/xenum.com\/nl\/wp-json\/wp\/v2\/pages\/8847","targetHints":{"allow":["GET"]}}],"collection":[{"href":"https:\/\/xenum.com\/nl\/wp-json\/wp\/v2\/pages"}],"about":[{"href":"https:\/\/xenum.com\/nl\/wp-json\/wp\/v2\/types\/page"}],"author":[{"embeddable":true,"href":"https:\/\/xenum.com\/nl\/wp-json\/wp\/v2\/users\/4"}],"replies":[{"embeddable":true,"href":"https:\/\/xenum.com\/nl\/wp-json\/wp\/v2\/comments?post=8847"}],"version-history":[{"count":5,"href":"https:\/\/xenum.com\/nl\/wp-json\/wp\/v2\/pages\/8847\/revisions"}],"predecessor-version":[{"id":24013,"href":"https:\/\/xenum.com\/nl\/wp-json\/wp\/v2\/pages\/8847\/revisions\/24013"}],"up":[{"embeddable":true,"href":"https:\/\/xenum.com\/nl\/wp-json\/wp\/v2\/pages\/1253"}],"wp:featuredmedia":[{"embeddable":true,"href":"https:\/\/xenum.com\/nl\/wp-json\/wp\/v2\/media\/9046"}],"wp:attachment":[{"href":"https:\/\/xenum.com\/nl\/wp-json\/wp\/v2\/media?parent=8847"}],"curies":[{"name":"wp","href":"https:\/\/api.w.org\/{rel}","templated":true}]}}