{"id":2996,"date":"2017-07-24T17:13:02","date_gmt":"2017-07-24T17:13:02","guid":{"rendered":"https:\/\/xenum.com\/?page_id=2996"},"modified":"2023-09-01T11:11:44","modified_gmt":"2023-09-01T10:11:44","slug":"vaste-smeermiddelen","status":"publish","type":"page","link":"https:\/\/xenum.com\/nl\/startpagina\/bedrijf\/onze-technologie\/vaste-smeermiddelen\/","title":{"rendered":"Vaste smeermiddelen"},"content":{"rendered":"\n<p><strong>Vaste of droge smeermiddelen<\/strong> zijn stoffen die wrijving tussen oppervlakken verminderen zonder dat er vloeistof aan te pas komt.<\/p>\n\n\n\n<p>Ze bieden betere smering bij hoge temperaturen dan traditionele, op olie gebaseerde smeermiddelen dankzij hun <strong>gelaagde moleculaire structuur<\/strong> met zwakke bindingen tussen de lagen. Hierdoor kunnen de lagen met minimale kracht over elkaar heen glijden, wat resulteert in een <strong>verminderde wrijving<\/strong>. Hoewel een gelaagde kristalstructuur vaak wordt geassocieerd met vaste smeermiddelen, is dit niet altijd een vereiste voor hun effectiviteit. In sommige toepassingen zijn stoffen met niet-gelaagde structuren, zoals polytetrafluorethyleen (PTFE of Teflon\u00ae), ook doeltreffend als droge smeermiddelen.<\/p>\n\n\n\n<p>Enkele voorbeelden van <strong>veelgebruikte vaste smeermiddelen<\/strong> zijn:<\/p>\n\n\n\n<ul class=\"wp-block-list\">\n<li>Grafiet (C)<\/li>\n\n\n\n<li>Molybdeendisulfide (MoS\u2082)<\/li>\n\n\n\n<li>Hexagonaal boornitride (hBN)<\/li>\n\n\n\n<li>Polytetrafluorethyleen (PTFE of Cerflon\u00ae)<\/li>\n<\/ul>\n\n\n\n<h4 class=\"wp-block-heading\" id=\"h-vaste-smeermiddelen-in-olie-dispersies\">Vaste smeermiddelen in olie (dispersies)<\/h4>\n\n\n\n<p>Vaste smeermiddelen kunnen worden gedispergeerd in oli\u00ebn om een <strong>unieke combinatie van smeermiddelen<\/strong> met buitengewone eigenschappen te cre\u00ebren. Hoewel conventionele chemische additieven sommige van deze eigenschappen afzonderlijk kunnen benaderen, is een perfecte mix van collo\u00efdale vaste smeermiddelen nodig om de gewenste balans van eigenschappen te bereiken in zware industri\u00eble smeermiddelen en hoogwaardige auto-oli\u00ebn en vetten.<\/p>\n\n\n\n<figure class=\"wp-block-table has-small-font-size\"><table><tbody><tr><td><strong>Eigenschappen collo\u00efdale vaste smeermiddelen<\/strong><\/td><td><strong>Voordelen<\/strong><\/td><\/tr><tr><td>Vermindert wrijving<\/td><td>Verbeterde brandstofeffici\u00ebntie, lagere operationele temperatuur, verbeterd vermogen, soepele werking zonder vastlopen<\/td><\/tr><tr><td>Verhoogt de draagkracht<\/td><td>Verminderde wrijving tussen onderdelen tijdens het inloopproces, effici\u00ebntere en effectievere inloopperiode<\/td><\/tr><tr><td>Absorbeert schokken<\/td><td>Voorkomt slijtage veroorzaakt door trillingen, geschikt voor veeleisende omstandigheden, verlengde levensduur van onderdelen, verminderde onderhoudskosten<\/td><\/tr><tr><td>Wordt niet verbruikt tijdens gebruik<\/td><td>Langer verversingsinterval<\/td><\/tr><tr><td>Geschikt voor gebruik in droge omstandigheden<\/td><td>Dient als bescherming tegen schade of storing in geval van falen van de smeermiddeltoevoer<\/td><\/tr><\/tbody><\/table><\/figure>\n\n\n\n<h2 class=\"wp-block-heading\" id=\"h-deeltjesgrootte\">Deeltjesgrootte<\/h2>\n\n\n\n<p>Het nauwkeurig controleren van de deeltjesgrootte is cruciaal binnen vast\/vloeibare systemen, omdat dit een aanzienlijke invloed heeft op de <strong>bezinkingssnelheid<\/strong> van de deeltjes. Zo bezinken grotere deeltjes trager dan kleinere, wat het belang benadrukt van de deeltjesgrootte om de optimale prestaties van het smeermiddel te kunnen garanderen.<\/p>\n\n\n\n<p>Onze collo\u00efdale dispersies bevatten deeltjes die kleiner zijn dan menselijke bloedcellen en dus volkomen onzichtbaar zijn voor het blote oog. Deze opmerkelijke eigenschap stelt ze in staat om <strong>moeiteloos door de filters van voertuigen<\/strong> te bewegen, zonder enig risico op verstoppingen of ophoping van residu.<\/p>\n\n\n\n<h2 class=\"wp-block-heading\" id=\"h-stabiliteit\">Stabiliteit<\/h2>\n\n\n\n<p><strong>Stabiliteit is essentieel<\/strong> voor elke dispersie, ongeacht de deeltjesgrootte. Zelfs de allerkleinste deeltjes zullen samenklonteren en neerslaan als een dispersie instabiel is. Een oplossing hiervoor is het toevoegen van een <strong>stabilisator<\/strong> die de deeltjes omhult om samenklontering te voorkomen.<\/p>\n\n\n\n<p>Bij Xenum hebben we een zorgvuldig ontwikkelde stabilisator opgenomen in onze collo\u00efdale dispersies die zorgt voor <strong>minimale bezinking<\/strong>, zelfs wanneer het product voor een langere periode niet wordt gebruikt.<\/p>\n\n\n\n<h2 class=\"wp-block-heading\" id=\"h-compatibiliteit\">Compatibiliteit<\/h2>\n\n\n\n<p>Stabiliteit is van cruciaal belang voor de effectieve werking van onze producten. Onze stabilisatoren moeten niet alleen effectief werken binnen de dispersie, maar ook <strong>hun kracht behouden<\/strong> wanneer ze vermengd worden met veelgebruikte smeermiddelen. Om <strong>compatibiliteit<\/strong> met alle olietypes op de markt te waarborgen, testen we voortdurend de stabiliteit van onze additieven in combinatie met de nieuwste motor- en transmissieoli\u00ebn. Aangezien stabiliteit bij kamertemperatuur alleen niet volstaat, worden deze stabiliteitstesten uitgevoerd onder <strong>realistische omstandigheden<\/strong>, zoals bij hoge temperaturen en met vochtigheidsverontreiniging.<\/p>\n\n\n\n<h1 class=\"wp-block-heading\" id=\"h-xenum-toepassingen-van-collo-dale-vaste-smeermiddelen\">Xenum&nbsp;toepassingen van collo\u00efdale vaste smeermiddelen<\/h1>\n\n\n\n<h2 class=\"wp-block-heading\" id=\"h-ceramic-composite-technology\"><br>Ceramic Composite Technology<\/h2>\n\n\n\n<p><br>Ceramic Composite Technology, een concept ontwikkeld door Xenum, omvat de verspreiding van keramische deeltjes of <strong>hexagonaal boornitride (hBN) in esterolie<\/strong>. Deze combinatie biedt uitzonderlijke smeereigenschappen, wat resulteert in producten die onge\u00ebvenaard zijn qua prestaties. De polaire eigenschappen van de esteroli\u00ebn verbeteren de smering door een sterke oliefilm te cre\u00ebren en voorkomen terwijl ook dat de microscopische hBN-deeltjes bezinken.<\/p>\n\n\n\n<p>Keramische composietadditieven worden gebruikt in onze <strong>VRX 500 en keramische oli\u00ebn<\/strong> om wrijving spectaculair te verminderen. Dit resulteert in een verbetering van het vermogen, lager brandstofverbruik, minder vervuiling, lagere CO\u2082-uitstoot en minder slijtage. Deze technologie is ideaal voor toepassingen waarvoor hoge prestaties vereist zijn, zoals racen en industri\u00eble toepassingen.<\/p>\n\n\n\n<p>De hexagonaal boornitride (hBN) deeltjes die worden gebruikt in Xenum smeermiddelen zijn extreem klein (0.25\u00b5), waardoor er <strong>geen risico<\/strong> ontstaat dat ze zullen <strong>samenklonteren of filters zullen verstoppen<\/strong>. Dit zorgt voor soepele en betrouwbare prestaties.<\/p>\n\n\n\n<p><b>Wordt gebruikt in:<\/b><\/p>\n\n\n\n<ul class=\"wp-block-list\">\n<li><a href=\"https:\/\/xenum.com\/nl\/startpagina\/producten\/additieven\/motorolie\/vrx-500\/\">VRX 500<\/a><\/li>\n\n\n\n<li><a href=\"https:\/\/xenum.com\/nl\/startpagina\/producten\/olien\/motor\/keramische-olie\/vrx-5w30\/\">VRX 5w30<\/a><\/li>\n\n\n\n<li><a href=\"https:\/\/xenum.com\/nl\/startpagina\/producten\/olien\/motor\/keramische-olie\/vrx-5w40\/\">VRX 5w40<\/a><\/li>\n<\/ul>\n\n\n\n<h2 class=\"wp-block-heading\" id=\"h-cerflon\">Cerflon\u00ae<\/h2>\n\n\n\n<p><br>Cerflon\u00ae is een keramisch versterkt fluoropolymeer (PTFE) dat ontstaat wanneer boornitride, een sterk en hard materiaal, wordt ge\u00efntroduceerd in de matrix van PTFE.<\/p>\n\n\n\n<p>Dit proces <strong>versterkt het polymeer<\/strong> en verbetert de duurzaamheid en slijtvastheid ervan aanzienlijk. Cerflon\u00ae is een gepatenteerde technologie.<\/p>\n\n\n\n<p><b>Wordt gebruikt in:<\/b><\/p>\n\n\n\n<ul class=\"wp-block-list\">\n<li><a href=\"https:\/\/xenum.com\/nl\/startpagina\/producten\/onderhoud\/smeermiddelen\/chain-pro\/\">Chain Pro<\/a><\/li>\n\n\n\n<li><a href=\"https:\/\/xenum.com\/nl\/startpagina\/producten\/onderhoud\/smeermiddelen\/super-5-1\/\">Super 5.1<\/a><\/li>\n\n\n\n<li><a href=\"https:\/\/xenum.com\/nl\/startpagina\/producten\/onderhoud\/smeermiddelen\/xc-lube\/\">XC Lube<\/a><\/li>\n\n\n\n<li><a href=\"https:\/\/xenum.com\/nl\/startpagina\/producten\/onderhoud\/smeermiddelen\/deblock-shock\/\">Deblock Shock<\/a><\/li>\n<\/ul>\n\n\n\n<h2 class=\"wp-block-heading\" id=\"h-carbon-graphite-technology\">Carbon-graphite Technology<\/h2>\n\n\n\n<p><br>Carbon-graphite Technology is een dispersie van micrografietdeeltjes in olie.<\/p>\n\n\n\n<p>Deze minuscule deeltjes, met een grootte van slechts 1\u00b5, bestaan uit talloze zeshoekige koolstofkristallen, vergelijkbaar met die in diamanten. Onze op grafiet gebaseerde motoroli\u00ebn bieden een <strong>betaalbaar alternatief<\/strong> voor onze hoogwaardige keramische oli\u00ebn.<\/p>\n\n\n\n<p><b>Wordt gebruikt in:<\/b><\/p>\n\n\n\n<ul class=\"wp-block-list\">\n<li><a href=\"https:\/\/xenum.com\/nl\/startpagina\/producten\/olien\/motor\/grafiet-olie\/gp-10w40\/\">GP 10w40<\/a><\/li>\n\n\n\n<li><a href=\"https:\/\/xenum.com\/nl\/startpagina\/producten\/olien\/motor\/grafiet-olie\/gpx-5w40\/\">GPX 5w40<\/a><\/li>\n\n\n\n<li><a href=\"https:\/\/xenum.com\/nl\/startpagina\/producten\/olien\/motor\/grafiet-olie\/gpr-10w60\/\">GPR 10W60<\/a><\/li>\n\n\n\n<li><a href=\"https:\/\/xenum.com\/nl\/startpagina\/producten\/additieven\/motorolie\/super-g\/\">Super G<\/a><\/li>\n\n\n\n<li><a href=\"https:\/\/xenum.com\/nl\/startpagina\/producten\/additieven\/motorolie\/xg-100k\/\">XG 100K<\/a><\/li>\n<\/ul>\n","protected":false},"excerpt":{"rendered":"<p>Vaste of droge smeermiddelen zijn stoffen die wrijving tussen oppervlakken verminderen zonder dat er vloeistof aan te pas komt. Ze bieden betere smering bij hoge temperaturen dan traditionele, op olie gebaseerde smeermiddelen dankzij hun gelaagde moleculaire structuur met zwakke bindingen tussen de lagen. Hierdoor kunnen de lagen met minimale kracht over elkaar heen glijden, wat [&hellip;]<\/p>\n","protected":false},"author":4,"featured_media":2945,"parent":15788,"menu_order":0,"comment_status":"closed","ping_status":"closed","template":"tech-page.php","meta":{"_acf_changed":false,"inline_featured_image":false,"footnotes":""},"class_list":["post-2996","page","type-page","status-publish","has-post-thumbnail","hentry"],"acf":[],"_links":{"self":[{"href":"https:\/\/xenum.com\/nl\/wp-json\/wp\/v2\/pages\/2996","targetHints":{"allow":["GET"]}}],"collection":[{"href":"https:\/\/xenum.com\/nl\/wp-json\/wp\/v2\/pages"}],"about":[{"href":"https:\/\/xenum.com\/nl\/wp-json\/wp\/v2\/types\/page"}],"author":[{"embeddable":true,"href":"https:\/\/xenum.com\/nl\/wp-json\/wp\/v2\/users\/4"}],"replies":[{"embeddable":true,"href":"https:\/\/xenum.com\/nl\/wp-json\/wp\/v2\/comments?post=2996"}],"version-history":[{"count":13,"href":"https:\/\/xenum.com\/nl\/wp-json\/wp\/v2\/pages\/2996\/revisions"}],"predecessor-version":[{"id":24216,"href":"https:\/\/xenum.com\/nl\/wp-json\/wp\/v2\/pages\/2996\/revisions\/24216"}],"up":[{"embeddable":true,"href":"https:\/\/xenum.com\/nl\/wp-json\/wp\/v2\/pages\/15788"}],"wp:featuredmedia":[{"embeddable":true,"href":"https:\/\/xenum.com\/nl\/wp-json\/wp\/v2\/media\/2945"}],"wp:attachment":[{"href":"https:\/\/xenum.com\/nl\/wp-json\/wp\/v2\/media?parent=2996"}],"curies":[{"name":"wp","href":"https:\/\/api.w.org\/{rel}","templated":true}]}}