{"id":2253,"date":"2017-07-22T10:50:40","date_gmt":"2017-07-22T10:50:40","guid":{"rendered":"https:\/\/xenum.com\/?page_id=2253"},"modified":"2023-09-01T11:18:55","modified_gmt":"2023-09-01T10:18:55","slug":"valvex","status":"publish","type":"page","link":"https:\/\/xenum.com\/nl\/startpagina\/producten\/additieven\/brandstof\/benzine-boosters\/valvex\/","title":{"rendered":"Valvex"},"content":{"rendered":"<p>Valvex is een hoogwaardige loodvervanger dat gebruik maakt van innovatieve brandstoftechnologie. De zelfmengende formule van Valvex beschermt zachte klepzittingen tegen vroegtijdige slijtage bij gebruik van loodvrije benzine.<\/p>\n<h2><strong>Eigenschappen<\/strong><\/h2>\n<ul>\n<li>Cre\u00ebert een beschermende en smerende laag op kleppen en klepzittingen, vergelijkbaar met de laag gecre\u00eberd door lood in gelode benzine<\/li>\n<li>Veilig voor katalysatoren<\/li>\n<li>Be\u00efnvloedt het octaangetal van benzine niet<\/li>\n<li>Voorkomt schade aan klepzittingen veroorzaakt door micro-laswerk<\/li>\n<li>Beschermt het brandstofsysteem tegen corrosie<\/li>\n<li>Verbetert de betrouwbaarheid van de motor<\/li>\n<li>Economische en gebruiksvriendelijk met een aanbevolen doseringsverhouding van 1:1000<\/li>\n<li>Milieuvriendelijk<\/li>\n<\/ul>\n<h2><strong>Toepassing<\/strong><\/h2>\n<p>Geschikt voor gebruik in alle tweetakt en viertakt benzinemotoren met of zonder turbo. Ten zeerste aanbevolen voor gebruik in klassieke motoren die gelode brandstof vereisten en nu op loodvrije brandstof draaien.<\/p>\n<h3><strong>Verpakking<\/strong><\/h3>\n<div id=\"the-product-details\" class=\"ct-div-block\">\n<div id=\"text_block-25-15726\" class=\"ct-text-block\">\n<p>250 ML \u2013 REF. 3260250<\/p>\n<\/div>\n<\/div>\n","protected":false},"excerpt":{"rendered":"<p>Valvex is een hoogwaardige loodvervanger dat gebruik maakt van innovatieve brandstoftechnologie. De zelfmengende formule van Valvex beschermt zachte klepzittingen tegen vroegtijdige slijtage bij gebruik van loodvrije benzine. Eigenschappen Cre\u00ebert een beschermende en smerende laag op kleppen en klepzittingen, vergelijkbaar met de laag gecre\u00eberd door lood in gelode benzine Veilig voor katalysatoren Be\u00efnvloedt het octaangetal van [&hellip;]<\/p>\n","protected":false},"author":4,"featured_media":9323,"parent":2018,"menu_order":0,"comment_status":"closed","ping_status":"closed","template":"product-page.php","meta":{"_acf_changed":false,"inline_featured_image":false,"footnotes":""},"class_list":["post-2253","page","type-page","status-publish","has-post-thumbnail","hentry"],"acf":[],"_links":{"self":[{"href":"https:\/\/xenum.com\/nl\/wp-json\/wp\/v2\/pages\/2253","targetHints":{"allow":["GET"]}}],"collection":[{"href":"https:\/\/xenum.com\/nl\/wp-json\/wp\/v2\/pages"}],"about":[{"href":"https:\/\/xenum.com\/nl\/wp-json\/wp\/v2\/types\/page"}],"author":[{"embeddable":true,"href":"https:\/\/xenum.com\/nl\/wp-json\/wp\/v2\/users\/4"}],"replies":[{"embeddable":true,"href":"https:\/\/xenum.com\/nl\/wp-json\/wp\/v2\/comments?post=2253"}],"version-history":[{"count":10,"href":"https:\/\/xenum.com\/nl\/wp-json\/wp\/v2\/pages\/2253\/revisions"}],"predecessor-version":[{"id":23975,"href":"https:\/\/xenum.com\/nl\/wp-json\/wp\/v2\/pages\/2253\/revisions\/23975"}],"up":[{"embeddable":true,"href":"https:\/\/xenum.com\/nl\/wp-json\/wp\/v2\/pages\/2018"}],"wp:featuredmedia":[{"embeddable":true,"href":"https:\/\/xenum.com\/nl\/wp-json\/wp\/v2\/media\/9323"}],"wp:attachment":[{"href":"https:\/\/xenum.com\/nl\/wp-json\/wp\/v2\/media?parent=2253"}],"curies":[{"name":"wp","href":"https:\/\/api.w.org\/{rel}","templated":true}]}}