{"id":9895,"date":"2020-03-27T09:52:30","date_gmt":"2020-03-27T09:52:30","guid":{"rendered":"https:\/\/xenum.com\/?page_id=9895"},"modified":"2024-08-08T15:11:59","modified_gmt":"2024-08-08T14:11:59","slug":"ad-max","status":"publish","type":"page","link":"https:\/\/xenum.com\/fr\/accueil\/produits\/additifs\/adblue\/ad-max\/","title":{"rendered":"ADMAX"},"content":{"rendered":"<p>ADMAX est une solution professionnelle con\u00e7ue pour am\u00e9liorer la fiabilit\u00e9 du syst\u00e8me AdBlue\u00ae. Ce produit optimise l'efficacit\u00e9 de l'AdBlue\u00ae, emp\u00eache la formation de cristaux dans le syst\u00e8me de r\u00e9duction catalytique s\u00e9lective (SCR) et prot\u00e8ge les injecteurs AdBlue\u00ae contre la contamination. De plus, ADMAX aide \u00e0 conditionner et \u00e0 prot\u00e9ger l'AdBlue\u00ae lors de p\u00e9riodes de stockage prolong\u00e9es.<\/p>\n<h3><strong>Avantages<\/strong><\/h3>\n<ul>\n<li>Emp\u00eache la formation de cristaux dans le SCR<\/li>\n<li>R\u00e9duit les \u00e9missions d'oxydes d'azote (NOx)<\/li>\n<li>Pr\u00e9serve le SCR<\/li>\n<li>Pr\u00e9vient l'encrassement du SCR<\/li>\n<li>Aide \u00e0 maintenir une efficacit\u00e9 \u00e9nerg\u00e9tique optimale<\/li>\n<\/ul>\n<h3><strong>Propri\u00e9t\u00e9s<\/strong><\/h3>\n<ul>\n<li>Acc\u00e9l\u00e8re la conversion de l'ur\u00e9e en ammoniac<\/li>\n<li>Emp\u00eache la cristallisation \u00e0 des temp\u00e9ratures inf\u00e9rieures \u00e0 -10\u00b0C<\/li>\n<li>Am\u00e9liore l'efficacit\u00e9 du SCR<\/li>\n<li>Prolonge la dur\u00e9e de vie du SCR<\/li>\n<li>Prot\u00e8ge le syst\u00e8me d'\u00e9chappement contre la corrosion<\/li>\n<\/ul>\n<h3><strong>Application<\/strong><\/h3>\n<p>Compatible avec tous les v\u00e9hicules diesel \u00e9quip\u00e9s d'AdBlue\u00ae. ADMAX doit \u00eatre utilis\u00e9 exclusivement dans le r\u00e9servoir d'AdBlue\u00ae.<\/p>\n<h4><strong>Disponible en :<\/strong><\/h4>\n<p>FLACON DOSEUR DE 250 ML - R\u00c9F. 3567250<br \/>\nCARTON DE 12 x 250 ML<\/p>\n<p>1 L - R\u00c9F. 3581001<br \/>\n5 L - R\u00c9F. 3567005<br \/>\n20 L - R\u00c9F. 3567020<br \/>\n200 L - R\u00c9F. 3567200<\/p>\n","protected":false},"excerpt":{"rendered":"<p>ADMAX est une solution professionnelle con\u00e7ue pour am\u00e9liorer la fiabilit\u00e9 du syst\u00e8me AdBlue\u00ae. Ce produit optimise l'efficacit\u00e9 de l'AdBlue\u00ae, emp\u00eache la formation de cristaux dans le syst\u00e8me de r\u00e9duction catalytique s\u00e9lective (SCR) et prot\u00e8ge les injecteurs AdBlue\u00ae contre la contamination. De plus, ADMAX aide \u00e0 conditionner et \u00e0 prot\u00e9ger l'AdBlue\u00ae lors de p\u00e9riodes de stockage [&hellip;]<\/p>\n","protected":false},"author":4,"featured_media":20219,"parent":25661,"menu_order":3,"comment_status":"closed","ping_status":"closed","template":"product-page.php","meta":{"_acf_changed":false,"inline_featured_image":false,"footnotes":""},"class_list":["post-9895","page","type-page","status-publish","has-post-thumbnail","hentry"],"acf":[],"_links":{"self":[{"href":"https:\/\/xenum.com\/fr\/wp-json\/wp\/v2\/pages\/9895","targetHints":{"allow":["GET"]}}],"collection":[{"href":"https:\/\/xenum.com\/fr\/wp-json\/wp\/v2\/pages"}],"about":[{"href":"https:\/\/xenum.com\/fr\/wp-json\/wp\/v2\/types\/page"}],"author":[{"embeddable":true,"href":"https:\/\/xenum.com\/fr\/wp-json\/wp\/v2\/users\/4"}],"replies":[{"embeddable":true,"href":"https:\/\/xenum.com\/fr\/wp-json\/wp\/v2\/comments?post=9895"}],"version-history":[{"count":13,"href":"https:\/\/xenum.com\/fr\/wp-json\/wp\/v2\/pages\/9895\/revisions"}],"predecessor-version":[{"id":25568,"href":"https:\/\/xenum.com\/fr\/wp-json\/wp\/v2\/pages\/9895\/revisions\/25568"}],"up":[{"embeddable":true,"href":"https:\/\/xenum.com\/fr\/wp-json\/wp\/v2\/pages\/25661"}],"wp:featuredmedia":[{"embeddable":true,"href":"https:\/\/xenum.com\/fr\/wp-json\/wp\/v2\/media\/20219"}],"wp:attachment":[{"href":"https:\/\/xenum.com\/fr\/wp-json\/wp\/v2\/media?parent=9895"}],"curies":[{"name":"wp","href":"https:\/\/api.w.org\/{rel}","templated":true}]}}