{"id":9709,"date":"2020-02-21T19:40:18","date_gmt":"2020-02-21T19:40:18","guid":{"rendered":"https:\/\/xenum.com\/?page_id=9709"},"modified":"2020-03-27T10:15:40","modified_gmt":"2020-03-27T10:15:40","slug":"pro-bike-15w50","status":"publish","type":"page","link":"https:\/\/xenum.com\/fr\/accueil\/produits\/huiles\/moto\/synthese-complete\/pro-bike-15w50\/","title":{"rendered":"PRO-BIKE 15w50"},"content":{"rendered":"<p>Une huile pour v\u00e9lomoteurs synth\u00e9tique quatre-temps nouvelle g\u00e9n\u00e9ration bas\u00e9e sur une huile de base synth\u00e9tique de haute qualit\u00e9 combin\u00e9e \u00e0 des additifs \u00e9quilibr\u00e9s sp\u00e9cialement d\u00e9velopp\u00e9s.<\/p>\n<h2><strong>Avantages<\/strong><\/h2>\n<ul>\n<li>\u00c9conomie de combustible<\/li>\n<li>Indice de viscosit\u00e9 \u00e9lev\u00e9 et stable<\/li>\n<li>Tr\u00e8s bonnes caract\u00e9ristiques de d\u00e9marrage \u00e0 froid<\/li>\n<li>Caract\u00e9ristiques optimales de friction<\/li>\n<li>Bonne puissance anti-usure, anticorrosion et antimousse<\/li>\n<li>Tr\u00e8s bon effet d\u00e9tergent et dispersant<\/li>\n<\/ul>\n<h2><strong>Application<\/strong><\/h2>\n<p>Cette huile est sp\u00e9cialement d\u00e9velopp\u00e9e pour la lubrification des v\u00e9lomoteurs quatre-temps, afin que le patinage, l'adh\u00e9rence et\/ou le couplage difficile des disques d'embrayage soient de l'histoire ancienne. Cette huile est d\u00e9velopp\u00e9e et test\u00e9e en \u00e9troite collaboration avec les principaux producteurs de v\u00e9lomoteurs et a d\u00e9j\u00e0 fait ses preuves en pratique.<\/p>\n<h2><strong>Specifications<\/strong><\/h2>\n<ul>\n<li>API SL<\/li>\n<li>JASO MA\/MA2<\/li>\n<\/ul>\n<p><strong>Conditionnement<\/strong><\/p>\n<p>1 L bidon<br \/>\n20L f\u00fbt<br \/>\n60L f\u00fbt<br \/>\n208L f\u00fbt<\/p>\n","protected":false},"excerpt":{"rendered":"<p>Une huile pour v\u00e9lomoteurs synth\u00e9tique quatre-temps nouvelle g\u00e9n\u00e9ration bas\u00e9e sur une huile de base synth\u00e9tique de haute qualit\u00e9 combin\u00e9e \u00e0 des additifs \u00e9quilibr\u00e9s sp\u00e9cialement d\u00e9velopp\u00e9s. Avantages \u00c9conomie de combustible Indice de viscosit\u00e9 \u00e9lev\u00e9 et stable Tr\u00e8s bonnes caract\u00e9ristiques de d\u00e9marrage \u00e0 froid Caract\u00e9ristiques optimales de friction Bonne puissance anti-usure, anticorrosion et antimousse Tr\u00e8s bon effet [&hellip;]<\/p>\n","protected":false},"author":1,"featured_media":9695,"parent":9697,"menu_order":0,"comment_status":"closed","ping_status":"closed","template":"product-page.php","meta":{"_acf_changed":false,"inline_featured_image":false,"footnotes":""},"class_list":["post-9709","page","type-page","status-publish","has-post-thumbnail","hentry"],"acf":[],"_links":{"self":[{"href":"https:\/\/xenum.com\/fr\/wp-json\/wp\/v2\/pages\/9709","targetHints":{"allow":["GET"]}}],"collection":[{"href":"https:\/\/xenum.com\/fr\/wp-json\/wp\/v2\/pages"}],"about":[{"href":"https:\/\/xenum.com\/fr\/wp-json\/wp\/v2\/types\/page"}],"author":[{"embeddable":true,"href":"https:\/\/xenum.com\/fr\/wp-json\/wp\/v2\/users\/1"}],"replies":[{"embeddable":true,"href":"https:\/\/xenum.com\/fr\/wp-json\/wp\/v2\/comments?post=9709"}],"version-history":[{"count":2,"href":"https:\/\/xenum.com\/fr\/wp-json\/wp\/v2\/pages\/9709\/revisions"}],"predecessor-version":[{"id":9934,"href":"https:\/\/xenum.com\/fr\/wp-json\/wp\/v2\/pages\/9709\/revisions\/9934"}],"up":[{"embeddable":true,"href":"https:\/\/xenum.com\/fr\/wp-json\/wp\/v2\/pages\/9697"}],"wp:featuredmedia":[{"embeddable":true,"href":"https:\/\/xenum.com\/fr\/wp-json\/wp\/v2\/media\/9695"}],"wp:attachment":[{"href":"https:\/\/xenum.com\/fr\/wp-json\/wp\/v2\/media?parent=9709"}],"curies":[{"name":"wp","href":"https:\/\/api.w.org\/{rel}","templated":true}]}}