{"id":9681,"date":"2020-02-20T18:51:39","date_gmt":"2020-02-20T18:51:39","guid":{"rendered":"https:\/\/xenum.com\/?page_id=9681"},"modified":"2022-09-23T12:29:19","modified_gmt":"2022-09-23T11:29:19","slug":"x1-bike-10w50","status":"publish","type":"page","link":"https:\/\/xenum.com\/fr\/accueil\/produits\/huiles\/moto\/ester-synthetique\/x1-bike-10w50\/","title":{"rendered":"X1-BIKE 10W50"},"content":{"rendered":"<p>Une nouvelle g\u00e9n\u00e9ration de synth\u00e8se \u00e0 quatre temps huile moto \u00e0 base d'huiles de base sp\u00e9cialement s\u00e9lectionn\u00e9s combin\u00e9s avec des additifs \u00e9quilibr\u00e9s sp\u00e9cialement d\u00e9velopp\u00e9s.<\/p>\n<h2><strong>Avantages<\/strong><\/h2>\n<ul>\n<li>\u00c9conomie de combustible<\/li>\n<li>Indice de viscosit\u00e9 \u00e9lev\u00e9 et stable<\/li>\n<li>Excellentes propri\u00e9t\u00e9s lubrifiantes, m\u00eame \u00e0 haute temp\u00e9rature<\/li>\n<li>Caract\u00e9ristiques optimales de friction<\/li>\n<li>Bonne puissance anti-usure, anticorrosion et antimousse<\/li>\n<li>Tr\u00e8s bon effet d\u00e9tergent et dispersant<\/li>\n<\/ul>\n<h2><strong>Application<\/strong><\/h2>\n<p>Cette huile a \u00e9t\u00e9 sp\u00e9cialement d\u00e9velopp\u00e9e pour la lubrification des moteurs de moto \u00e0 quatre temps, il glisse, coller et \/ ou d\u00e9placer rugueuse les plaques d'embrayage appartiennent au pass\u00e9. Cette huile a \u00e9t\u00e9 d\u00e9velopp\u00e9e en \u00e9troite collaboration avec les principaux fabricants de moto et a \u00e9t\u00e9 capacit\u00e9s test\u00e9es et \u00e9prouv\u00e9es dans la pratique.<\/p>\n<p>Gr\u00e2ce \u00e0 toutes ces propri\u00e9t\u00e9s, cette huile est extr\u00eamement adapt\u00e9e \u00e0 une utilisation dans les courses et autres conditions extr\u00eames.<\/p>\n<h2><strong>Specifications<\/strong><\/h2>\n<ul>\n<li>API SL<\/li>\n<li>JASO MA2<\/li>\n<\/ul>\n<p><strong>Conditionnement<\/strong><\/p>\n<p>1 L bidon<br \/>\n20L f\u00fbt<br \/>\n60L f\u00fbt<br \/>\n208L f\u00fbt<\/p>\n","protected":false},"excerpt":{"rendered":"<p>Une nouvelle g\u00e9n\u00e9ration de synth\u00e8se \u00e0 quatre temps huile moto \u00e0 base d'huiles de base sp\u00e9cialement s\u00e9lectionn\u00e9s combin\u00e9s avec des additifs \u00e9quilibr\u00e9s sp\u00e9cialement d\u00e9velopp\u00e9s. Avantages \u00c9conomie de combustible Indice de viscosit\u00e9 \u00e9lev\u00e9 et stable Excellentes propri\u00e9t\u00e9s lubrifiantes, m\u00eame \u00e0 haute temp\u00e9rature Caract\u00e9ristiques optimales de friction Bonne puissance anti-usure, anticorrosion et antimousse Tr\u00e8s bon effet d\u00e9tergent [&hellip;]<\/p>\n","protected":false},"author":1,"featured_media":9671,"parent":9683,"menu_order":2,"comment_status":"closed","ping_status":"closed","template":"product-page.php","meta":{"_acf_changed":false,"inline_featured_image":false,"footnotes":""},"class_list":["post-9681","page","type-page","status-publish","has-post-thumbnail","hentry"],"acf":[],"_links":{"self":[{"href":"https:\/\/xenum.com\/fr\/wp-json\/wp\/v2\/pages\/9681","targetHints":{"allow":["GET"]}}],"collection":[{"href":"https:\/\/xenum.com\/fr\/wp-json\/wp\/v2\/pages"}],"about":[{"href":"https:\/\/xenum.com\/fr\/wp-json\/wp\/v2\/types\/page"}],"author":[{"embeddable":true,"href":"https:\/\/xenum.com\/fr\/wp-json\/wp\/v2\/users\/1"}],"replies":[{"embeddable":true,"href":"https:\/\/xenum.com\/fr\/wp-json\/wp\/v2\/comments?post=9681"}],"version-history":[{"count":4,"href":"https:\/\/xenum.com\/fr\/wp-json\/wp\/v2\/pages\/9681\/revisions"}],"predecessor-version":[{"id":18846,"href":"https:\/\/xenum.com\/fr\/wp-json\/wp\/v2\/pages\/9681\/revisions\/18846"}],"up":[{"embeddable":true,"href":"https:\/\/xenum.com\/fr\/wp-json\/wp\/v2\/pages\/9683"}],"wp:featuredmedia":[{"embeddable":true,"href":"https:\/\/xenum.com\/fr\/wp-json\/wp\/v2\/media\/9671"}],"wp:attachment":[{"href":"https:\/\/xenum.com\/fr\/wp-json\/wp\/v2\/media?parent=9681"}],"curies":[{"name":"wp","href":"https:\/\/api.w.org\/{rel}","templated":true}]}}