{"id":9512,"date":"2020-02-11T18:47:38","date_gmt":"2020-02-11T18:47:38","guid":{"rendered":"https:\/\/xenum.com\/?page_id=9512"},"modified":"2023-10-17T12:34:13","modified_gmt":"2023-10-17T11:34:13","slug":"pro-dx1-5w30","status":"publish","type":"page","link":"https:\/\/xenum.com\/fr\/accueil\/produits\/huiles\/moteur\/entierement-synthetique\/pro-dx1-5w30\/","title":{"rendered":"PRO-DX1 5W30"},"content":{"rendered":"<p>Huile moteur synth\u00e9tique universelle, \u00e9conomiseur de carburant, d\u00e9velopp\u00e9e suivant les techniques les plus r\u00e9centes et bas\u00e9e sur des huiles de base synth\u00e9tiques sp\u00e9cifiques auxquelles des additifs d\u2019avant-garde ont \u00e9t\u00e9 ajout\u00e9s. Assure une protection optimale et accroit la long\u00e9vit\u00e9 et la fiabilit\u00e9 du moteur. Combine la protection anti-usure exceptionnelle et la stabilit\u00e9 aux hautes temp\u00e9ratures avec d\u2019excellentes caract\u00e9ristiques de d\u00e9marrage \u00e0 froid.<\/p>\n<h2><strong>Propri\u00e9t\u00e9s<\/strong><\/h2>\n<ul>\n<li>R\u00e9duction de la consommation de carburant.<\/li>\n<li>un indice de viscosit\u00e9 \u00e9lev\u00e9 et tr\u00e8s stable.<\/li>\n<li>D\u00e9marrage ais\u00e9 \u00e0 froid.<\/li>\n<li>Maintien d\u2019un film graisseux lors des hautes temp\u00e9ratures de fonctionnement.<\/li>\n<li>Une tr\u00e8s grande r\u00e9sistance \u00e0 l'oxydation.<\/li>\n<li>Excellent pouvoir d\u00e9tergent et dispersant.<\/li>\n<li>Grande r\u00e9sistance \u00e0 l\u2019usure, \u00e0 la corrosion et \u00e0 l\u2019encrassement.<\/li>\n<li>une grande r\u00e9sistance au \"shearing\".<\/li>\n<\/ul>\n<h2><strong>Application<\/strong><\/h2>\n<p>Une huile moteur synth\u00e9tique compos\u00e9e de mani\u00e8re sp\u00e9ciale et permettant une \u00e9conomie de carburant, convenant aux moteurs \u00e0 essence de voitures personnelles, ce qui prescrit une huile avec la sp\u00e9cification GM dexos1 \u2122 Gen 3.<\/p>\n<h2><strong>Specifications<\/strong><\/h2>\n<ul>\n<li>API SP Resource Conserving<\/li>\n<li>ILSAC GF-6A<\/li>\n<li>GM DEXOS 1 (TM) GEN 3<\/li>\n<li>CHRYSLER MS6395<\/li>\n<li>FORD WSS-M2C946-A\/WSS-M2C961-A1<\/li>\n<\/ul>\n<h2><strong>Disponible en<\/strong><\/h2>\n<p>12X1L, 4X4L, 4X5L, 20L, 60L, 208L<\/p>\n\n\n<p><\/p>\n","protected":false},"excerpt":{"rendered":"<p>Huile moteur synth\u00e9tique universelle, \u00e9conomiseur de carburant, d\u00e9velopp\u00e9e suivant les techniques les plus r\u00e9centes et bas\u00e9e sur des huiles de base synth\u00e9tiques sp\u00e9cifiques auxquelles des additifs d\u2019avant-garde ont \u00e9t\u00e9 ajout\u00e9s. Assure une protection optimale et accroit la long\u00e9vit\u00e9 et la fiabilit\u00e9 du moteur. Combine la protection anti-usure exceptionnelle et la stabilit\u00e9 aux hautes temp\u00e9ratures avec [&hellip;]<\/p>\n","protected":false},"author":9,"featured_media":25219,"parent":9474,"menu_order":0,"comment_status":"closed","ping_status":"closed","template":"product-page.php","meta":{"_acf_changed":false,"inline_featured_image":false,"footnotes":""},"class_list":["post-9512","page","type-page","status-publish","has-post-thumbnail","hentry"],"acf":[],"_links":{"self":[{"href":"https:\/\/xenum.com\/fr\/wp-json\/wp\/v2\/pages\/9512","targetHints":{"allow":["GET"]}}],"collection":[{"href":"https:\/\/xenum.com\/fr\/wp-json\/wp\/v2\/pages"}],"about":[{"href":"https:\/\/xenum.com\/fr\/wp-json\/wp\/v2\/types\/page"}],"author":[{"embeddable":true,"href":"https:\/\/xenum.com\/fr\/wp-json\/wp\/v2\/users\/9"}],"replies":[{"embeddable":true,"href":"https:\/\/xenum.com\/fr\/wp-json\/wp\/v2\/comments?post=9512"}],"version-history":[{"count":8,"href":"https:\/\/xenum.com\/fr\/wp-json\/wp\/v2\/pages\/9512\/revisions"}],"predecessor-version":[{"id":24852,"href":"https:\/\/xenum.com\/fr\/wp-json\/wp\/v2\/pages\/9512\/revisions\/24852"}],"up":[{"embeddable":true,"href":"https:\/\/xenum.com\/fr\/wp-json\/wp\/v2\/pages\/9474"}],"wp:featuredmedia":[{"embeddable":true,"href":"https:\/\/xenum.com\/fr\/wp-json\/wp\/v2\/media\/25219"}],"wp:attachment":[{"href":"https:\/\/xenum.com\/fr\/wp-json\/wp\/v2\/media?parent=9512"}],"curies":[{"name":"wp","href":"https:\/\/api.w.org\/{rel}","templated":true}]}}