{"id":9495,"date":"2020-02-11T18:26:02","date_gmt":"2020-02-11T18:26:02","guid":{"rendered":"https:\/\/xenum.com\/?page_id=9495"},"modified":"2023-02-28T10:36:59","modified_gmt":"2023-02-28T09:36:59","slug":"pro-c4-5w30","status":"publish","type":"page","link":"https:\/\/xenum.com\/fr\/accueil\/produits\/huiles\/moteur\/entierement-synthetique\/pro-c4-5w30\/","title":{"rendered":"PRO-C4 5W30"},"content":{"rendered":"<p>Huile moteur synth\u00e9tique haute performance produite \u00e0 partir d'huiles de base sp\u00e9cialement s\u00e9lectionn\u00e9es avec un indice de viscosit\u00e9 \u00e9lev\u00e9 et un choix bien \u00e9quilibr\u00e9 d'additifs avanc\u00e9s. Offre une protection optimale et prolonge la dur\u00e9e de vie et la fiabilit\u00e9 du moteur. Combine une performance anti-usure exceptionnelle et une protection remarquable \u00e0 haute temp\u00e9rature avec d'excellentes caract\u00e9ristiques de d\u00e9marrage \u00e0 froid. Cette huile moteur contribue \u00e9galement \u00e0 l'extension de la dur\u00e9e de vie des filtres \u00e0 particules.<\/p>\n<h2><strong>PROPRI\u00c9T\u00c9S<\/strong><\/h2>\n<ul>\n<li>\u00c9conomie de carburant.<\/li>\n<li>Indice de viscosit\u00e9 tr\u00e8s stable.<\/li>\n<li>R\u00e9sistance sup\u00e9rieure au cisaillement.<\/li>\n<li>D\u00e9marrage rapide \u00e0 froid.<\/li>\n<li>Film lubrifiant s\u00fbr \u00e0 des temp\u00e9ratures extr\u00eames.<\/li>\n<li>Intervalles de vidange d'huile souples et prolong\u00e9s.<\/li>\n<li>Haute protection contre l'usure.<\/li>\n<li>Faible taux de SAPS \/ compatible avec le DPF.<\/li>\n<\/ul>\n<h2><strong>APPLICATION<\/strong><\/h2>\n<p>Une huile moteur synth\u00e9tique \u00e0 \u00e9conomie de carburant, sp\u00e9cialement compos\u00e9e, recommand\u00e9e pour les moteurs \u00e0 essence et diesel, avec ou sans turbocompresseur, dans les voitures particuli\u00e8res et les camionnettes. Gr\u00e2ce \u00e0 sa composition sp\u00e9ciale, ce produit peut \u00eatre utilis\u00e9 dans les v\u00e9hicules pour lesquels la sp\u00e9cification Renault RN0720 est demand\u00e9e et qui sont \u00e9quip\u00e9s de catalyseurs modernes \u00e0 trois voies et de filtres \u00e0 particules diesel. Gr\u00e2ce \u00e0 sa faible teneur en SAPS, cette huile moteur contribue \u00e0 prolonger la dur\u00e9e de vie des filtres \u00e0 particules pour moteurs diesel.<\/p>\n<h2><strong>SP\u00c9CIFICATIONS<\/strong><\/h2>\n<ul>\n<li>ACEA C3\/C4<\/li>\n<li>FIAT: 9.55535-S4<\/li>\n<li>MB: 226.51 \/ 229.51<\/li>\n<li>RENAULT: RN 0720<\/li>\n<\/ul>\n<h3><strong>Packaging<\/strong><\/h3>\n<p>12X1L, 4X4L, 4X5L, 20L, 60L, 208L<\/p>\n","protected":false},"excerpt":{"rendered":"<p>Huile moteur synth\u00e9tique haute performance produite \u00e0 partir d'huiles de base sp\u00e9cialement s\u00e9lectionn\u00e9es avec un indice de viscosit\u00e9 \u00e9lev\u00e9 et un choix bien \u00e9quilibr\u00e9 d'additifs avanc\u00e9s. Offre une protection optimale et prolonge la dur\u00e9e de vie et la fiabilit\u00e9 du moteur. Combine une performance anti-usure exceptionnelle et une protection remarquable \u00e0 haute temp\u00e9rature avec d'excellentes [&hellip;]<\/p>\n","protected":false},"author":9,"featured_media":9489,"parent":9474,"menu_order":0,"comment_status":"closed","ping_status":"closed","template":"product-page.php","meta":{"_acf_changed":false,"inline_featured_image":false,"footnotes":""},"class_list":["post-9495","page","type-page","status-publish","has-post-thumbnail","hentry"],"acf":[],"_links":{"self":[{"href":"https:\/\/xenum.com\/fr\/wp-json\/wp\/v2\/pages\/9495","targetHints":{"allow":["GET"]}}],"collection":[{"href":"https:\/\/xenum.com\/fr\/wp-json\/wp\/v2\/pages"}],"about":[{"href":"https:\/\/xenum.com\/fr\/wp-json\/wp\/v2\/types\/page"}],"author":[{"embeddable":true,"href":"https:\/\/xenum.com\/fr\/wp-json\/wp\/v2\/users\/9"}],"replies":[{"embeddable":true,"href":"https:\/\/xenum.com\/fr\/wp-json\/wp\/v2\/comments?post=9495"}],"version-history":[{"count":7,"href":"https:\/\/xenum.com\/fr\/wp-json\/wp\/v2\/pages\/9495\/revisions"}],"predecessor-version":[{"id":20697,"href":"https:\/\/xenum.com\/fr\/wp-json\/wp\/v2\/pages\/9495\/revisions\/20697"}],"up":[{"embeddable":true,"href":"https:\/\/xenum.com\/fr\/wp-json\/wp\/v2\/pages\/9474"}],"wp:featuredmedia":[{"embeddable":true,"href":"https:\/\/xenum.com\/fr\/wp-json\/wp\/v2\/media\/9489"}],"wp:attachment":[{"href":"https:\/\/xenum.com\/fr\/wp-json\/wp\/v2\/media?parent=9495"}],"curies":[{"name":"wp","href":"https:\/\/api.w.org\/{rel}","templated":true}]}}