{"id":9351,"date":"2020-02-10T19:51:38","date_gmt":"2020-02-10T19:51:38","guid":{"rendered":"https:\/\/xenum.com\/?page_id=9351"},"modified":"2020-02-10T19:51:38","modified_gmt":"2020-02-10T19:51:38","slug":"cerlub-x","status":"publish","type":"page","link":"https:\/\/xenum.com\/fr\/accueil\/produits\/entretien\/lubrifiants\/cerlub-x\/","title":{"rendered":"CERLUB X"},"content":{"rendered":"<article id=\"post-1743\" class=\"xenum-product-description\">P\u00e2te lubrifiante c\u00e9ramique, haute temp\u00e9rature. Excellente protection contre la corrosion et l\u2019usure.<\/p>\n<h2><strong>Avantages<\/strong><\/h2>\n<ul>\n<li>Fournit \u00e0 des temp\u00e9ratures \u00e9lev\u00e9es une protection r\u00e9sistant et une lubrification des pi\u00e8ces.<\/li>\n<li>Fournit une protection fiable contre la corrosion et \u00e0 l'usure.<\/li>\n<li>Facile \u00e0 utiliser, gr\u00e2ce \u00e0 la brosse.*<\/li>\n<li>\u00c0 pression d'air. (pas d'agents propulseurs nocifs)*<\/li>\n<\/ul>\n<p>* Seulement avec la Flacon \u00e0 pression d\u2019air.<\/p>\n<h2><strong>Propri\u00e9t\u00e9s<\/strong><\/h2>\n<ul>\n<li>Exempt d\u2019aluminium, de plomb, de cuivre, de MoS2 et de sulfate.<\/li>\n<li>R\u00e9siste aux r\u00e9actions chimiques de la liaison boulon-\u00e9crou.<\/li>\n<li>Temp\u00e9rature d\u2019utilisation de -40\u00b0C \u00e0 + 1.400\u00b0C<\/li>\n<li>R\u00e9pulsif \u00e0 l'eau.<\/li>\n<li>Anti-corrosion.<\/li>\n<\/ul>\n<h2><strong>Application<\/strong><\/h2>\n<p>Appliquer sur la surface ou la pi\u00e8ce avec la brosse livr\u00e9e \u00e0 cet effet ou avec une spatule. Nettoyez les pi\u00e8ces et la surface avant d\u2019appliquer. Ne pas utiliser aux endroits o\u00f9 une lubrification graisseuse est demand\u00e9e.<\/p>\n<p>A utiliser lors du montage des freins, \u00e9chappement et turbo, boulons de turbine, jonctions avec vis \u00e0 filet \u00e0 haute temp\u00e9rature dans l\u2019industrie chimique, les raffineries et les centrales \u00e9lectriques. Applicable comme p\u00e2te de montage pour la jonction boulon-\u00e9crou et sur les rails de guidage m\u00eame par temp\u00e9ratures \u00e9lev\u00e9es. Id\u00e9al sur filet de vis des sondes lambda.<\/p>\n<h3><strong>Conditionnement<\/strong><\/h3>\n<p>250 ml \u2013 REF. 5073200<br \/>\n250 g (4 x 250 g\/carton)<br \/>\n500 g (4 x 500 g\/carton)<\/p>\n<\/article>\n","protected":false},"excerpt":{"rendered":"<p>P\u00e2te lubrifiante c\u00e9ramique, haute temp\u00e9rature. Excellente protection contre la corrosion et l\u2019usure. Avantages Fournit \u00e0 des temp\u00e9ratures \u00e9lev\u00e9es une protection r\u00e9sistant et une lubrification des pi\u00e8ces. Fournit une protection fiable contre la corrosion et \u00e0 l'usure. Facile \u00e0 utiliser, gr\u00e2ce \u00e0 la brosse.* \u00c0 pression d'air. (pas d'agents propulseurs nocifs)* * Seulement avec la Flacon [&hellip;]<\/p>\n","protected":false},"author":1,"featured_media":9344,"parent":2385,"menu_order":0,"comment_status":"closed","ping_status":"closed","template":"product-page.php","meta":{"_acf_changed":false,"inline_featured_image":false,"footnotes":""},"class_list":["post-9351","page","type-page","status-publish","has-post-thumbnail","hentry"],"acf":[],"_links":{"self":[{"href":"https:\/\/xenum.com\/fr\/wp-json\/wp\/v2\/pages\/9351","targetHints":{"allow":["GET"]}}],"collection":[{"href":"https:\/\/xenum.com\/fr\/wp-json\/wp\/v2\/pages"}],"about":[{"href":"https:\/\/xenum.com\/fr\/wp-json\/wp\/v2\/types\/page"}],"author":[{"embeddable":true,"href":"https:\/\/xenum.com\/fr\/wp-json\/wp\/v2\/users\/1"}],"replies":[{"embeddable":true,"href":"https:\/\/xenum.com\/fr\/wp-json\/wp\/v2\/comments?post=9351"}],"version-history":[{"count":4,"href":"https:\/\/xenum.com\/fr\/wp-json\/wp\/v2\/pages\/9351\/revisions"}],"predecessor-version":[{"id":9356,"href":"https:\/\/xenum.com\/fr\/wp-json\/wp\/v2\/pages\/9351\/revisions\/9356"}],"up":[{"embeddable":true,"href":"https:\/\/xenum.com\/fr\/wp-json\/wp\/v2\/pages\/2385"}],"wp:featuredmedia":[{"embeddable":true,"href":"https:\/\/xenum.com\/fr\/wp-json\/wp\/v2\/media\/9344"}],"wp:attachment":[{"href":"https:\/\/xenum.com\/fr\/wp-json\/wp\/v2\/media?parent=9351"}],"curies":[{"name":"wp","href":"https:\/\/api.w.org\/{rel}","templated":true}]}}