{"id":9303,"date":"2020-01-28T18:19:25","date_gmt":"2020-01-28T18:19:25","guid":{"rendered":"https:\/\/xenum.com\/?page_id=9303"},"modified":"2020-01-28T18:19:25","modified_gmt":"2020-01-28T18:19:25","slug":"at-flux-3","status":"publish","type":"page","link":"https:\/\/xenum.com\/fr\/accueil\/produits\/equipement\/appareils\/at-flux-3\/","title":{"rendered":"AT-FLUX 3"},"content":{"rendered":"<p>Le syst\u00e8me XENUM avanc\u00e9 et innovant AT-Flux permet de rincer les transmissions automatiques, de les nettoyer en profondeur, ainsi que de les remplir enti\u00e8rement de fluide frais. Cela se fait de fa\u00e7on tr\u00e8s efficace et avec un minimum d\u2019effort, gr\u00e2ce \u00e0 \u00e7a tablette avec la base de donn\u00e9es actualis\u00e9e. La machine est reli\u00e9e en s\u00e9rie au circuit d\u2019huile via une conduite quelconque et l\u2019ATF circule \u00e0 travers de la transmission et de la machine. Le rin\u00e7age se fait automatiquement pendant que le moteur est en marche: le fluide usag\u00e9, en combinaison avec le nettoyant puissant T-Flush, est alors pomp\u00e9 dans tout le syst\u00e8me \u2013 y compris le convertisseur de couple.<\/p>\n<h2>\n<strong>Advantages\u00a0<\/strong><\/h2>\n<ul>\n<li>Complet avec tous les adaptateurs fr\u00e9quemment utilis\u00e9s.<\/li>\n<li>Base de donn\u00e9es actualis\u00e9e.<\/li>\n<li>Tablette avec des instructions claires (o\u00f9 brancher, quel adaptateur, quantit\u00e9 d'huile \u00e0 utiliser, ...)<\/li>\n<li>Un minimum d'huile perdue<\/li>\n<li>Adaptation sur mesure pour nos f\u00fbts d\u2019huile de 20L<\/li>\n<\/ul>\n<h2>\n<strong>Propi\u00e9t\u00e9s<\/strong><\/h2>\n<ul>\n<li>Le circuit entier est parfaitement rempli de fluide ATF frais.<\/li>\n<li>Pas de contamination entre le fluide ATF frais et l\u2019ancien fluide.<\/li>\n<li>Nettoyage efficace de tout le circuit d\u2019huile de la transmission automatique. Y compris le radiateur, le convertisseur de couple, les valves et conduites des actionneurs hydrauliques et les conduites d\u2019huile.<\/li>\n<li>Le fluide ATF \u00e9vite le d\u00e9rapage excessif et le surchauffement, ce qui r\u00e9sulte en de meilleurs passages de vitesses, ainsi qu\u2019en une diminution de la consommation de carburant.<\/li>\n<li>Le syst\u00e8me est tr\u00e8s efficace, pratique et respectueux de l\u2019environnement.<\/li>\n<li>Changements de vitesses plus souples et plus rapides.<\/li>\n<li>Support s\u00e9par\u00e9 pour l'additif de nettoyage et l'additif de performance.<\/li>\n<\/ul>\n","protected":false},"excerpt":{"rendered":"<p>Le syst\u00e8me XENUM avanc\u00e9 et innovant AT-Flux permet de rincer les transmissions automatiques, de les nettoyer en profondeur, ainsi que de les remplir enti\u00e8rement de fluide frais. Cela se fait de fa\u00e7on tr\u00e8s efficace et avec un minimum d\u2019effort, gr\u00e2ce \u00e0 \u00e7a tablette avec la base de donn\u00e9es actualis\u00e9e. La machine est reli\u00e9e en s\u00e9rie [&hellip;]<\/p>\n","protected":false},"author":9,"featured_media":9294,"parent":2445,"menu_order":0,"comment_status":"closed","ping_status":"closed","template":"product-page.php","meta":{"_acf_changed":false,"inline_featured_image":false,"footnotes":""},"class_list":["post-9303","page","type-page","status-publish","has-post-thumbnail","hentry"],"acf":[],"_links":{"self":[{"href":"https:\/\/xenum.com\/fr\/wp-json\/wp\/v2\/pages\/9303","targetHints":{"allow":["GET"]}}],"collection":[{"href":"https:\/\/xenum.com\/fr\/wp-json\/wp\/v2\/pages"}],"about":[{"href":"https:\/\/xenum.com\/fr\/wp-json\/wp\/v2\/types\/page"}],"author":[{"embeddable":true,"href":"https:\/\/xenum.com\/fr\/wp-json\/wp\/v2\/users\/9"}],"replies":[{"embeddable":true,"href":"https:\/\/xenum.com\/fr\/wp-json\/wp\/v2\/comments?post=9303"}],"version-history":[{"count":1,"href":"https:\/\/xenum.com\/fr\/wp-json\/wp\/v2\/pages\/9303\/revisions"}],"predecessor-version":[{"id":9304,"href":"https:\/\/xenum.com\/fr\/wp-json\/wp\/v2\/pages\/9303\/revisions\/9304"}],"up":[{"embeddable":true,"href":"https:\/\/xenum.com\/fr\/wp-json\/wp\/v2\/pages\/2445"}],"wp:featuredmedia":[{"embeddable":true,"href":"https:\/\/xenum.com\/fr\/wp-json\/wp\/v2\/media\/9294"}],"wp:attachment":[{"href":"https:\/\/xenum.com\/fr\/wp-json\/wp\/v2\/media?parent=9303"}],"curies":[{"name":"wp","href":"https:\/\/api.w.org\/{rel}","templated":true}]}}