{"id":8993,"date":"2019-06-24T16:10:22","date_gmt":"2019-06-24T16:10:22","guid":{"rendered":"https:\/\/xenum.com\/?page_id=8993"},"modified":"2023-03-02T15:01:53","modified_gmt":"2023-03-02T14:01:53","slug":"pro-dx-5w30","status":"publish","type":"page","link":"https:\/\/xenum.com\/fr\/accueil\/produits\/huiles\/moteur\/entierement-synthetique\/pro-dx-5w30\/","title":{"rendered":"PRO-DX 5W30"},"content":{"rendered":"<p>Huile moteur synth\u00e9tique universelle, \u00e9conomiseur de carburant, d\u00e9velopp\u00e9e suivant les techniques les plus r\u00e9centes et bas\u00e9e sur des huiles de base synth\u00e9tiques sp\u00e9cifiques auxquelles des additifs d\u2019avant-garde ont \u00e9t\u00e9 ajout\u00e9s. Assure une protection optimale et accroit la long\u00e9vit\u00e9 et la fiabilit\u00e9 du moteur. Combine la protection anti-usure exceptionnelle et la stabilit\u00e9 aux hautes temp\u00e9ratures avec d\u2019excellentes caract\u00e9ristiques de d\u00e9marrage \u00e0 froid. Assure une long\u00e9vit\u00e9 accrue des FAP.<\/p>\n<h2><strong>Avantages<\/strong><\/h2>\n<ul>\n<li>R\u00e9duction de la consommation de carburant.<\/li>\n<li>Moins de formation de r\u00e9sidus de combustion.<\/li>\n<li>D\u00e9marrage ais\u00e9 \u00e0 froid.<\/li>\n<li>Maintien d\u2019un film graisseux lors des hautes temp\u00e9ratures de fonctionnement.<\/li>\n<li>Application ais\u00e9e pour intervalles accrus de vidange.<\/li>\n<li>Excellent pouvoir d\u00e9tergent et dispersant.<\/li>\n<li>Grande r\u00e9sistance \u00e0 l\u2019usure, \u00e0 la corrosion et \u00e0 l\u2019encrassement.<\/li>\n<li>Compatible Mid SAPS \u2013 FAP.<\/li>\n<\/ul>\n<h2><strong>Application<\/strong><\/h2>\n<p>Une huile moteur synth\u00e9tique universelle convenant aux moteurs \u00e0 essence, GPL et diesel, tant avec que sans turbocompresseur. De plus, cette huile de lubrification est convenable pour moteurs diesel avec pompe de pulv\u00e9risation dans les voitures de tourisme. Comme cette huile satisfait aux exigences des diff\u00e9rents fabricants automobiles, ce produit a un large champ d'application.<\/p>\n<h2><strong>Specifications<\/strong><\/h2>\n<ul>\n<li>ACEA C2\/C3<\/li>\n<li>API SN\/CF<\/li>\n<li>BMW LONGLIFE-04<\/li>\n<li>GM DEXOS 2<\/li>\n<li>MB 229.51, 229.52<\/li>\n<li>Opel OV0401547<\/li>\n<li>VW 502.00, 505.00, 505.01<\/li>\n<li>RENAULT RN17 Level<\/li>\n<\/ul>\n<h3><strong>Conditionnement<\/strong><\/h3>\n<p>12X1L, 4X4L, 4X5L, 20L, 60L, 208L<\/p>\n","protected":false},"excerpt":{"rendered":"<p>Huile moteur synth\u00e9tique universelle, \u00e9conomiseur de carburant, d\u00e9velopp\u00e9e suivant les techniques les plus r\u00e9centes et bas\u00e9e sur des huiles de base synth\u00e9tiques sp\u00e9cifiques auxquelles des additifs d\u2019avant-garde ont \u00e9t\u00e9 ajout\u00e9s. Assure une protection optimale et accroit la long\u00e9vit\u00e9 et la fiabilit\u00e9 du moteur. Combine la protection anti-usure exceptionnelle et la stabilit\u00e9 aux hautes temp\u00e9ratures avec [&hellip;]<\/p>\n","protected":false},"author":1,"featured_media":8912,"parent":9474,"menu_order":11,"comment_status":"closed","ping_status":"closed","template":"product-page.php","meta":{"_acf_changed":false,"inline_featured_image":false,"footnotes":""},"class_list":["post-8993","page","type-page","status-publish","has-post-thumbnail","hentry"],"acf":[],"_links":{"self":[{"href":"https:\/\/xenum.com\/fr\/wp-json\/wp\/v2\/pages\/8993","targetHints":{"allow":["GET"]}}],"collection":[{"href":"https:\/\/xenum.com\/fr\/wp-json\/wp\/v2\/pages"}],"about":[{"href":"https:\/\/xenum.com\/fr\/wp-json\/wp\/v2\/types\/page"}],"author":[{"embeddable":true,"href":"https:\/\/xenum.com\/fr\/wp-json\/wp\/v2\/users\/1"}],"replies":[{"embeddable":true,"href":"https:\/\/xenum.com\/fr\/wp-json\/wp\/v2\/comments?post=8993"}],"version-history":[{"count":6,"href":"https:\/\/xenum.com\/fr\/wp-json\/wp\/v2\/pages\/8993\/revisions"}],"predecessor-version":[{"id":20731,"href":"https:\/\/xenum.com\/fr\/wp-json\/wp\/v2\/pages\/8993\/revisions\/20731"}],"up":[{"embeddable":true,"href":"https:\/\/xenum.com\/fr\/wp-json\/wp\/v2\/pages\/9474"}],"wp:featuredmedia":[{"embeddable":true,"href":"https:\/\/xenum.com\/fr\/wp-json\/wp\/v2\/media\/8912"}],"wp:attachment":[{"href":"https:\/\/xenum.com\/fr\/wp-json\/wp\/v2\/media?parent=8993"}],"curies":[{"name":"wp","href":"https:\/\/api.w.org\/{rel}","templated":true}]}}