{"id":8922,"date":"2019-06-21T16:33:04","date_gmt":"2019-06-21T16:33:04","guid":{"rendered":"https:\/\/xenum.com\/?page_id=8922"},"modified":"2024-09-12T10:08:00","modified_gmt":"2024-09-12T09:08:00","slug":"dpf-cleaner","status":"publish","type":"page","link":"https:\/\/xenum.com\/fr\/accueil\/produits\/entretien\/nettoyants\/dpf-cleaner\/","title":{"rendered":"DPF Cleaner"},"content":{"rendered":"<p class=\"p1\">DPF Cleaner est une solution puissante sp\u00e9cialement con\u00e7ue pour nettoyer en profondeur le filtre \u00e0 particules diesel sans n\u00e9cessiter de d\u00e9montage. Sa formule avanc\u00e9e \u00e9limine efficacement la suie, les cendres et autres contaminants, restaurant ainsi les performances et la fonctionnalit\u00e9 du DPF tout en prolongeant sa dur\u00e9e de vie.<\/p>\n<h2><strong>Avantages<\/strong><\/h2>\n<ul>\n<li>Nettoyage sans d\u00e9montage de FAP<\/li>\n<li>Pour \u00e9viter le perte de puissance<\/li>\n<li>Pour \u00e9viter les probl\u00e8mes a cause de la conduite de distances courtes.<\/li>\n<li>Prolonge la dur\u00e9e de vie du FAP<\/li>\n<\/ul>\n<h2><strong>Propri\u00e9t\u00e9s<\/strong><\/h2>\n<ul>\n<li>Sans m\u00e9tal<\/li>\n<li>Nettoyant de cendres<\/li>\n<\/ul>\n<h2><strong>Application<\/strong><\/h2>\n<p>Le temp\u00e9rature du FAP doit \u00eatre inf\u00e9rieur \u00e0 40 \u00b0 C est sup\u00e9rieur \u00e0 20 \u00b0 C avant d'utiliser ce produit.<\/p>\n<ul>\n<li>D\u00e9monter le capteur de temp\u00e9rature ou de pression sur le tuyau d'\u00e9chappement juste devant le FAP.<\/li>\n<li>Ins\u00e9rez le tube de la buse a\u00e9rosol dans l'ouverture avec la direction de pulv\u00e9risation vers le filtre.<\/li>\n<li>Vaporiser le contenu dans le filtre, d\u00e9placer la buse autour pendant la pulv\u00e9risation. Laisser tremper pendant au moins 30 minutes.<\/li>\n<li>Remonter le capteur de temp\u00e9rature ou de pression.<\/li>\n<li>D\u00e9marrer le moteur, l'eau sale (contamin\u00e9e par de la suie et les cendres) s\u2019estamperas via l'\u00e9chappement. Laissez le moteur tourner au ralenti jusqu'\u00e0 ce que l'\u00e9gouttement s'arr\u00eate.<\/li>\n<li>Commencez la r\u00e9g\u00e9n\u00e9ration en effectuant un essai de 20 \u00e0 30 minutes. \u00e0 une vitesse plus \u00e9lev\u00e9e (environ 100 km \/ h) et un r\u00e9gime \u00e9lev\u00e9 (3.000 t\/min).<\/li>\n<\/ul>\n<p>Si n\u00e9cessaire, lisez l'ordinateur de la voiture et effacez les messages d'erreur.<\/p>\n<h3><strong>Conditionnement<\/strong><\/h3>\n<p>400 ML \u2013 REF. 4274400<\/p>\n","protected":false},"excerpt":{"rendered":"<p>DPF Cleaner est une solution puissante sp\u00e9cialement con\u00e7ue pour nettoyer en profondeur le filtre \u00e0 particules diesel sans n\u00e9cessiter de d\u00e9montage. Sa formule avanc\u00e9e \u00e9limine efficacement la suie, les cendres et autres contaminants, restaurant ainsi les performances et la fonctionnalit\u00e9 du DPF tout en prolongeant sa dur\u00e9e de vie. Avantages Nettoyage sans d\u00e9montage de FAP [&hellip;]<\/p>\n","protected":false},"author":1,"featured_media":8919,"parent":2369,"menu_order":0,"comment_status":"closed","ping_status":"closed","template":"product-page.php","meta":{"_acf_changed":false,"inline_featured_image":false,"footnotes":""},"class_list":["post-8922","page","type-page","status-publish","has-post-thumbnail","hentry"],"acf":[],"_links":{"self":[{"href":"https:\/\/xenum.com\/fr\/wp-json\/wp\/v2\/pages\/8922","targetHints":{"allow":["GET"]}}],"collection":[{"href":"https:\/\/xenum.com\/fr\/wp-json\/wp\/v2\/pages"}],"about":[{"href":"https:\/\/xenum.com\/fr\/wp-json\/wp\/v2\/types\/page"}],"author":[{"embeddable":true,"href":"https:\/\/xenum.com\/fr\/wp-json\/wp\/v2\/users\/1"}],"replies":[{"embeddable":true,"href":"https:\/\/xenum.com\/fr\/wp-json\/wp\/v2\/comments?post=8922"}],"version-history":[{"count":5,"href":"https:\/\/xenum.com\/fr\/wp-json\/wp\/v2\/pages\/8922\/revisions"}],"predecessor-version":[{"id":25587,"href":"https:\/\/xenum.com\/fr\/wp-json\/wp\/v2\/pages\/8922\/revisions\/25587"}],"up":[{"embeddable":true,"href":"https:\/\/xenum.com\/fr\/wp-json\/wp\/v2\/pages\/2369"}],"wp:featuredmedia":[{"embeddable":true,"href":"https:\/\/xenum.com\/fr\/wp-json\/wp\/v2\/media\/8919"}],"wp:attachment":[{"href":"https:\/\/xenum.com\/fr\/wp-json\/wp\/v2\/media?parent=8922"}],"curies":[{"name":"wp","href":"https:\/\/api.w.org\/{rel}","templated":true}]}}