{"id":8845,"date":"2019-05-02T16:04:05","date_gmt":"2019-05-02T16:04:05","guid":{"rendered":"https:\/\/xenum.com\/?page_id=8845"},"modified":"2019-07-31T15:57:59","modified_gmt":"2019-07-31T15:57:59","slug":"eco-fuel","status":"publish","type":"page","link":"https:\/\/xenum.com\/fr\/accueil\/produits\/additifs\/carburant\/essence-nettoyants\/eco-fuel\/","title":{"rendered":"ECO Fuel"},"content":{"rendered":"<p>ECO FUEL est un additif diesel et essence multifonction assurant une bonne injection, ainsi qu\u2019une performance du moteur et une utilisation du carburant optimale.<\/p>\n<h2><strong>Avantages<\/strong><\/h2>\n<ul>\n<li>Nettoie, lubrifie les injecteurs et les syst\u00e8mes carburants.<\/li>\n<li>Maintient les syst\u00e8mes EGR et FAP propre.<\/li>\n<li>Neutralise l\u2019eau dans le r\u00e9servoir de carburant.<\/li>\n<li>Prot\u00e8ge le syst\u00e8me d\u2019alimentation en carburant contre la corrosion.<\/li>\n<li>Prot\u00e8ge le distributeur et la pompe d\u2019 injection contre l\u2019usure.<\/li>\n<li>Emp\u00eache le grippage des aiguilles d\u2019 injecteurs et la r\u00e9sinification.<\/li>\n<li>Permet une plus grande \u00e9conomie de carburant.<\/li>\n<li>Augmente la fiabilit\u00e9 du moteur.<\/li>\n<li>Diminue les \u00e9missions nocives et de fum\u00e9es.<\/li>\n<li>Prot\u00e8ge le carburant de l\u2019oxydation et de la degradation.<\/li>\n<\/ul>\n<h2><strong>Application<\/strong><\/h2>\n<p>A utiliser pour la pr\u00e9vention de probl\u00e8mes. Convient \u00e0 tous les moteurs diesel et essence.<\/p>\n<h2><strong>Recommandation<\/strong><\/h2>\n<p>Une fois que l\u2019\u00e9tat de votre moteur est am\u00e9lior\u00e9, nous vous recommandons d'utiliser l'additif de carburant Diesel Multi Conditioner (ref: 3185250) ou Petrol Multi Conditioner (ref: 3178250) lors d\u2019 utilisation quotidienne.<\/p>\n<h3><strong>Mode d'emploi<\/strong><\/h3>\n<p>Ajoutez un bidon au r\u00e9servoir avant de faire le plein. M\u00e9langez 250ml pour un maximum de 70 litres de carburant.<\/p>\n<h3><strong>Conditionnement<\/strong><\/h3>\n<p>1 carton de 12 bidons de 250ml<\/p>\n","protected":false},"excerpt":{"rendered":"<p>ECO FUEL est un additif diesel et essence multifonction assurant une bonne injection, ainsi qu\u2019une performance du moteur et une utilisation du carburant optimale. Avantages Nettoie, lubrifie les injecteurs et les syst\u00e8mes carburants. Maintient les syst\u00e8mes EGR et FAP propre. Neutralise l\u2019eau dans le r\u00e9servoir de carburant. Prot\u00e8ge le syst\u00e8me d\u2019alimentation en carburant contre la [&hellip;]<\/p>\n","protected":false},"author":1,"featured_media":9046,"parent":1244,"menu_order":0,"comment_status":"closed","ping_status":"closed","template":"product-page.php","meta":{"_acf_changed":false,"inline_featured_image":false,"footnotes":""},"class_list":["post-8845","page","type-page","status-publish","has-post-thumbnail","hentry"],"acf":[],"_links":{"self":[{"href":"https:\/\/xenum.com\/fr\/wp-json\/wp\/v2\/pages\/8845","targetHints":{"allow":["GET"]}}],"collection":[{"href":"https:\/\/xenum.com\/fr\/wp-json\/wp\/v2\/pages"}],"about":[{"href":"https:\/\/xenum.com\/fr\/wp-json\/wp\/v2\/types\/page"}],"author":[{"embeddable":true,"href":"https:\/\/xenum.com\/fr\/wp-json\/wp\/v2\/users\/1"}],"replies":[{"embeddable":true,"href":"https:\/\/xenum.com\/fr\/wp-json\/wp\/v2\/comments?post=8845"}],"version-history":[{"count":2,"href":"https:\/\/xenum.com\/fr\/wp-json\/wp\/v2\/pages\/8845\/revisions"}],"predecessor-version":[{"id":8853,"href":"https:\/\/xenum.com\/fr\/wp-json\/wp\/v2\/pages\/8845\/revisions\/8853"}],"up":[{"embeddable":true,"href":"https:\/\/xenum.com\/fr\/wp-json\/wp\/v2\/pages\/1244"}],"wp:featuredmedia":[{"embeddable":true,"href":"https:\/\/xenum.com\/fr\/wp-json\/wp\/v2\/media\/9046"}],"wp:attachment":[{"href":"https:\/\/xenum.com\/fr\/wp-json\/wp\/v2\/media?parent=8845"}],"curies":[{"name":"wp","href":"https:\/\/api.w.org\/{rel}","templated":true}]}}