{"id":8792,"date":"2019-04-22T11:13:28","date_gmt":"2019-04-22T11:13:28","guid":{"rendered":"https:\/\/xenum.com\/?page_id=8792"},"modified":"2019-07-22T09:12:25","modified_gmt":"2019-07-22T09:12:25","slug":"atfx-375","status":"publish","type":"page","link":"https:\/\/xenum.com\/fr\/accueil\/produits\/additifs\/transmission\/atfx-375\/","title":{"rendered":"ATFX 375"},"content":{"rendered":"<p>ATFX 375 est un additif synth\u00e9tique fluide ATF pour les transmissions automatiques et CVT. La synergie entre un fluide synth\u00e9tique de complexes d\u2019ester et des additifs high-tech tr\u00e8s performants, am\u00e9liorent les performances aussi bien que la stabilit\u00e9 thermique et oxydative du fluide hydraulique.<\/p>\n<h2><strong>Avantages<\/strong><\/h2>\n<ul>\n<li>Lisse l\u2019op\u00e9ration g\u00e9n\u00e9rale et am\u00e9liore le passage des vitesses.<\/li>\n<li>R\u00e9duit nettement le frottement et l\u2019usure sur tous les composants internes.<\/li>\n<li>Emp\u00eache les fuites en maintenant les joints en \u00e9tat optimal.<\/li>\n<li>Prot\u00e8ge l\u2019huile contre l\u2019oxydation et maintient la transmission int\u00e9rieurement propre.<\/li>\n<li>\u00c9vite la surchauffe.<\/li>\n<\/ul>\n<h2><strong>Application<\/strong><\/h2>\n<p>Compatible avec tous les fluides ATF recommand\u00e9s par les constructeurs, appliqu\u00e9s dans les syst\u00e8mes automatiques et les syst\u00e8mes de transmission CVT. Appropri\u00e9 pour les voitures, camions, motos et bateaux, aussi bien que pour les moteurs industriels.<\/p>\n<h2><strong>Mode d'emploi<\/strong><\/h2>\n<p>Ajoutez 1 flacon de 375 ml \u00e0 l\u2019huile du syst\u00e8me de transmission. Le dosage est suffisant jusqu'\u00e0 10 litres d'huile.<\/p>\n<p>D\u00e9marrez le moteur, changez les vitesses de haut en bas. V\u00e9rifiez le niveau d'huile de transmission.<\/p>\n<h3><strong>Conditionnement<\/strong><\/h3>\n<p>375 ml (12 x 375 ml\/bo\u00eete)<\/p>\n","protected":false},"excerpt":{"rendered":"<p>ATFX 375 est un additif synth\u00e9tique fluide ATF pour les transmissions automatiques et CVT. La synergie entre un fluide synth\u00e9tique de complexes d\u2019ester et des additifs high-tech tr\u00e8s performants, am\u00e9liorent les performances aussi bien que la stabilit\u00e9 thermique et oxydative du fluide hydraulique. Avantages Lisse l\u2019op\u00e9ration g\u00e9n\u00e9rale et am\u00e9liore le passage des vitesses. R\u00e9duit nettement [&hellip;]<\/p>\n","protected":false},"author":1,"featured_media":9037,"parent":1102,"menu_order":0,"comment_status":"closed","ping_status":"closed","template":"product-page.php","meta":{"_acf_changed":false,"inline_featured_image":false,"footnotes":""},"class_list":["post-8792","page","type-page","status-publish","has-post-thumbnail","hentry"],"acf":[],"_links":{"self":[{"href":"https:\/\/xenum.com\/fr\/wp-json\/wp\/v2\/pages\/8792","targetHints":{"allow":["GET"]}}],"collection":[{"href":"https:\/\/xenum.com\/fr\/wp-json\/wp\/v2\/pages"}],"about":[{"href":"https:\/\/xenum.com\/fr\/wp-json\/wp\/v2\/types\/page"}],"author":[{"embeddable":true,"href":"https:\/\/xenum.com\/fr\/wp-json\/wp\/v2\/users\/1"}],"replies":[{"embeddable":true,"href":"https:\/\/xenum.com\/fr\/wp-json\/wp\/v2\/comments?post=8792"}],"version-history":[{"count":3,"href":"https:\/\/xenum.com\/fr\/wp-json\/wp\/v2\/pages\/8792\/revisions"}],"predecessor-version":[{"id":8808,"href":"https:\/\/xenum.com\/fr\/wp-json\/wp\/v2\/pages\/8792\/revisions\/8808"}],"up":[{"embeddable":true,"href":"https:\/\/xenum.com\/fr\/wp-json\/wp\/v2\/pages\/1102"}],"wp:featuredmedia":[{"embeddable":true,"href":"https:\/\/xenum.com\/fr\/wp-json\/wp\/v2\/media\/9037"}],"wp:attachment":[{"href":"https:\/\/xenum.com\/fr\/wp-json\/wp\/v2\/media?parent=8792"}],"curies":[{"name":"wp","href":"https:\/\/api.w.org\/{rel}","templated":true}]}}