{"id":8739,"date":"2019-04-08T13:07:00","date_gmt":"2019-04-08T13:07:00","guid":{"rendered":"https:\/\/xenum.com\/?page_id=8739"},"modified":"2022-11-16T14:08:43","modified_gmt":"2022-11-16T13:08:43","slug":"visco-charge","status":"publish","type":"page","link":"https:\/\/xenum.com\/fr\/accueil\/produits\/additifs\/huile-moteur\/visco-charge\/","title":{"rendered":"Visco Charge"},"content":{"rendered":"<p>Additif d\u2019huile d\u00e9velopp\u00e9 pour des moteurs ayant d\u00e9j\u00e0 une usure interne et une consommation \u00e9lev\u00e9e d\u2019huile avec comme cons\u00e9quence des gaz d\u2019\u00e9chappement de teinte bleu\u00e2tre. Visco Charge accro\u00eet l\u2019index de viscosit\u00e9 de l\u2019huile ce qui rend le film d\u2019huile plus \u00e9pais.<\/p>\n<h2><strong>Avantages<\/strong><\/h2>\n<ul>\n<li>Diminue la consommation d\u2019huile.<\/li>\n<li>Diminue l\u2019\u00e9mission de fum\u00e9e par combustion de l\u2019huile.<\/li>\n<li>Diminue l\u2019appauvrissement de l\u2018huile d\u00fb \u00e0 des d\u00e9marrages r\u00e9p\u00e9t\u00e9s.<\/li>\n<li>Accro\u00eet le rapport de compression.<\/li>\n<\/ul>\n<h2>Propri\u00e9t\u00e9s<\/h2>\n<ul>\n<li>Accro\u00eet la viscosit\u00e9 et la pression de l\u2019huile<br \/>\n(viscosit\u00e9\u00a0<span lang=\"EN-US\">100\u00b0C : 250mm2\/S<\/span>).<\/li>\n<li>R\u00e9duit le bruit moteur et le bruit des soupapes hydrauliques.<\/li>\n<li>N\u2019endommage pas le catalyseur et le FAP.<\/li>\n<li>Renforce le film d\u2019huile lors des charges et des temp\u00e9ratures \u00e9lev\u00e9es.<\/li>\n<li>Prot\u00e8ge contre la corrosion, l\u2019oxydation, la suie et l\u2019usure.<\/li>\n<\/ul>\n<h2><strong>Application<\/strong><\/h2>\n<p>Convient pour tous les moteurs essence et diesel pr\u00e9sentant des signes d\u2019usure tels qu\u2019une r\u00e9duction de la pression d\u2019huile, une diminution de la compression, la consommation d\u2019huile ou les bruits m\u00e9caniques d\u00fb \u00e0 l\u2019usure. Convient aussi bien pour les huiles moteurs min\u00e9rales que synth\u00e9tiques. Ne r\u00e9sout pas les d\u00e9faillances m\u00e9caniques.<\/p>\n<p>MODE D\u2019EMPLOI<\/p>\n<p>Le produit peut \u00eatre ajout\u00e9 \u00e0 tout moment. Avant cela, faites tourner le moteur jusqu'\u00e0 ce qu'il soit chaud. Ajouter 1 bidon (325 ml) pour 3 \u00e0 5 litres d'huile moteur. Apr\u00e8s l'ajout d'huile anti-br\u00fblure, conduire la voiture pendant +10 km afin que le produit soit pr\u00e9sent de fa\u00e7on homog\u00e8ne dans le syst\u00e8me de lubrification. Utiliser \u00e0 chaque changement d'huile.<\/p>\n<h3><strong>Conditionnement<\/strong><\/h3>\n<p>325 ML CAN<\/p>\n","protected":false},"excerpt":{"rendered":"<p>Additif d\u2019huile d\u00e9velopp\u00e9 pour des moteurs ayant d\u00e9j\u00e0 une usure interne et une consommation \u00e9lev\u00e9e d\u2019huile avec comme cons\u00e9quence des gaz d\u2019\u00e9chappement de teinte bleu\u00e2tre. Visco Charge accro\u00eet l\u2019index de viscosit\u00e9 de l\u2019huile ce qui rend le film d\u2019huile plus \u00e9pais. Avantages Diminue la consommation d\u2019huile. Diminue l\u2019\u00e9mission de fum\u00e9e par combustion de l\u2019huile. Diminue [&hellip;]<\/p>\n","protected":false},"author":1,"featured_media":25279,"parent":895,"menu_order":0,"comment_status":"closed","ping_status":"closed","template":"product-page.php","meta":{"_acf_changed":false,"inline_featured_image":false,"footnotes":""},"class_list":["post-8739","page","type-page","status-publish","has-post-thumbnail","hentry"],"acf":[],"_links":{"self":[{"href":"https:\/\/xenum.com\/fr\/wp-json\/wp\/v2\/pages\/8739","targetHints":{"allow":["GET"]}}],"collection":[{"href":"https:\/\/xenum.com\/fr\/wp-json\/wp\/v2\/pages"}],"about":[{"href":"https:\/\/xenum.com\/fr\/wp-json\/wp\/v2\/types\/page"}],"author":[{"embeddable":true,"href":"https:\/\/xenum.com\/fr\/wp-json\/wp\/v2\/users\/1"}],"replies":[{"embeddable":true,"href":"https:\/\/xenum.com\/fr\/wp-json\/wp\/v2\/comments?post=8739"}],"version-history":[{"count":2,"href":"https:\/\/xenum.com\/fr\/wp-json\/wp\/v2\/pages\/8739\/revisions"}],"predecessor-version":[{"id":19692,"href":"https:\/\/xenum.com\/fr\/wp-json\/wp\/v2\/pages\/8739\/revisions\/19692"}],"up":[{"embeddable":true,"href":"https:\/\/xenum.com\/fr\/wp-json\/wp\/v2\/pages\/895"}],"wp:featuredmedia":[{"embeddable":true,"href":"https:\/\/xenum.com\/fr\/wp-json\/wp\/v2\/media\/25279"}],"wp:attachment":[{"href":"https:\/\/xenum.com\/fr\/wp-json\/wp\/v2\/media?parent=8739"}],"curies":[{"name":"wp","href":"https:\/\/api.w.org\/{rel}","templated":true}]}}