{"id":780,"date":"2017-07-18T20:49:17","date_gmt":"2017-07-18T20:49:17","guid":{"rendered":"https:\/\/xenum.com\/?page_id=780"},"modified":"2023-09-29T09:57:18","modified_gmt":"2023-09-29T08:57:18","slug":"gpr-10w60","status":"publish","type":"page","link":"https:\/\/xenum.com\/fr\/accueil\/produits\/huiles\/moteur\/huile-graphite\/gpr-10w60\/","title":{"rendered":"GPR 10W60"},"content":{"rendered":"<p>GPR 10W60 est une huile moteur synth\u00e9tique de premi\u00e8re cat\u00e9gorie contenant des particules de micro-carbone graphite donnant de meilleurs r\u00e9sultats que n\u2019importe quelle autre huile moteur traditionnelle. Diminue la friction entre les \u00e9l\u00e9ments mobiles du moteur qui gaspillent beaucoup d\u2019\u00e9nergie de carburant. Pr\u00e9vient efficacement le contact, ainsi que la friction entre surfaces in\u00e9gales, ce qui diminue la friction interne dans le moteur. Offrant une double r\u00e9duction de l\u2019usure par rapport \u00e0 des huiles moteur courantes synth\u00e9tiques, elle assure une diminution de la friction interne dans le moteur et engendre des \u00e9conomies substantielles de carburant. La formule d\u2019avant-garde rend cette huile id\u00e9ale pour les moteurs modernes \u00e0 haute puissance, mais elle convient \u00e9galement pour les moteurs de v\u00e9hicules plus anciens comme les mod\u00e8les ant\u00e9rieurs \u00e0 1990.<\/p>\n<h2><strong>Avantages<\/strong><\/h2>\n<ul>\n<li>Baisse de la consommation de carburant (-3 \u00e0 -5%).<\/li>\n<li>S\u00e9rieuse diminution de la friction interne.<\/li>\n<li>Puissance remarquablement accrue (+2 \u00e0 +5%).<\/li>\n<li>Importante diminution de la consommation d\u2019huile (jusqu\u2019\u00e0 -80%).<\/li>\n<li>Remarquable diminution des bruits du moteur.<\/li>\n<li>Garde le moteur plus propre.<\/li>\n<li>Meilleur d\u00e9marrage \u00e0 froid.<\/li>\n<\/ul>\n<h2><strong>Specifications<\/strong><\/h2>\n<ul>\n<li>ACEA C3<\/li>\n<li>API SN\/CF<\/li>\n<\/ul>\n<h3><strong>Conditionnement<\/strong><\/h3>\n<p>12X1L, 4X5L<\/p>\n","protected":false},"excerpt":{"rendered":"<p>GPR 10W60 est une huile moteur synth\u00e9tique de premi\u00e8re cat\u00e9gorie contenant des particules de micro-carbone graphite donnant de meilleurs r\u00e9sultats que n\u2019importe quelle autre huile moteur traditionnelle. Diminue la friction entre les \u00e9l\u00e9ments mobiles du moteur qui gaspillent beaucoup d\u2019\u00e9nergie de carburant. Pr\u00e9vient efficacement le contact, ainsi que la friction entre surfaces in\u00e9gales, ce qui [&hellip;]<\/p>\n","protected":false},"author":1,"featured_media":528,"parent":561,"menu_order":0,"comment_status":"closed","ping_status":"closed","template":"product-page.php","meta":{"_acf_changed":false,"inline_featured_image":false,"footnotes":""},"class_list":["post-780","page","type-page","status-publish","has-post-thumbnail","hentry"],"acf":[],"_links":{"self":[{"href":"https:\/\/xenum.com\/fr\/wp-json\/wp\/v2\/pages\/780","targetHints":{"allow":["GET"]}}],"collection":[{"href":"https:\/\/xenum.com\/fr\/wp-json\/wp\/v2\/pages"}],"about":[{"href":"https:\/\/xenum.com\/fr\/wp-json\/wp\/v2\/types\/page"}],"author":[{"embeddable":true,"href":"https:\/\/xenum.com\/fr\/wp-json\/wp\/v2\/users\/1"}],"replies":[{"embeddable":true,"href":"https:\/\/xenum.com\/fr\/wp-json\/wp\/v2\/comments?post=780"}],"version-history":[{"count":8,"href":"https:\/\/xenum.com\/fr\/wp-json\/wp\/v2\/pages\/780\/revisions"}],"predecessor-version":[{"id":24502,"href":"https:\/\/xenum.com\/fr\/wp-json\/wp\/v2\/pages\/780\/revisions\/24502"}],"up":[{"embeddable":true,"href":"https:\/\/xenum.com\/fr\/wp-json\/wp\/v2\/pages\/561"}],"wp:featuredmedia":[{"embeddable":true,"href":"https:\/\/xenum.com\/fr\/wp-json\/wp\/v2\/media\/528"}],"wp:attachment":[{"href":"https:\/\/xenum.com\/fr\/wp-json\/wp\/v2\/media?parent=780"}],"curies":[{"name":"wp","href":"https:\/\/api.w.org\/{rel}","templated":true}]}}