{"id":7794,"date":"2018-12-04T13:41:03","date_gmt":"2018-12-04T13:41:03","guid":{"rendered":"https:\/\/xenum.com\/?page_id=7794"},"modified":"2023-03-16T08:59:30","modified_gmt":"2023-03-16T07:59:30","slug":"pro-ll-5w30","status":"publish","type":"page","link":"https:\/\/xenum.com\/fr\/accueil\/produits\/huiles\/moteur\/entierement-synthetique\/pro-ll-5w30\/","title":{"rendered":"PRO LL 5W30"},"content":{"rendered":"<p>Huile moteur synth\u00e9tique universelle, \u00e9conomiseur de carburant, d\u00e9velopp\u00e9e suivant les techniques les plus r\u00e9centes et bas\u00e9e sur des huiles de base synth\u00e9tiques sp\u00e9cifiques auxquelles des additifs d\u2019avant-garde ont \u00e9t\u00e9 ajout\u00e9s. Assure une protection optimale et accroit la long\u00e9vit\u00e9 et la fiabilit\u00e9 du moteur. Combine la protection anti-usure exceptionnelle et la stabilit\u00e9 aux hautes temp\u00e9ratures avec d\u2019excellentes caract\u00e9ristiques de d\u00e9marrage \u00e0 froid. Assure une long\u00e9vit\u00e9 accrue des FAP.<\/p>\n<h2><strong>Avantages<\/strong><\/h2>\n<ul>\n<li>R\u00e9duction de la consommation de carburant.<\/li>\n<li>Moins de formation de r\u00e9sidus de combustion.<\/li>\n<li>D\u00e9marrage ais\u00e9 \u00e0 froid.<\/li>\n<li>Maintien d\u2019un film graisseux lors des hautes temp\u00e9ratures de fonctionnement.<\/li>\n<li>Application ais\u00e9e pour intervalles accrus de vidange.<\/li>\n<li>Excellent pouvoir d\u00e9tergent et dispersant.<\/li>\n<li>Grande r\u00e9sistance \u00e0 l\u2019usure, \u00e0 la corrosion et \u00e0 l\u2019encrassement.<\/li>\n<li>Compatible Low SAPS \u2013 FAP.<\/li>\n<\/ul>\n<h2><strong>Application<\/strong><\/h2>\n<p>Une huile moteur universelle, sp\u00e9cialement compos\u00e9e, permettant une \u00e9conomie de carburant, convenant aux moteurs \u00e0 essence, GPL et diesel, tant sans qu'avec turbocompresseur, de voitures personnelles et de camionnettes, pour lesquels des intervalles de vidange prolong\u00e9s sont possibles. Cette huile moteur contribue aussi \u00e0 l'allongement de la dur\u00e9e de vie des catalyseurs \u00e0 trois voies et des filtres \u00e0 particules, compte tenu du faible taux SAPS. Gr\u00e2ce \u00e0 sa composition sp\u00e9ciale, ce produit peut tout \u00e0 fait \u00eatre utilis\u00e9 pour la norme VW 504.00\/507.00, aussi appel\u00e9e en pratique VW Longlife III.<\/p>\n<h2><strong>Specifications<\/strong><\/h2>\n<ul>\n<li>ACEA C2, C3<\/li>\n<li>API SN<\/li>\n<li>BMW LL-04<\/li>\n<li>MB 229.51<\/li>\n<li>VW 504.00\/507.00<\/li>\n<li>Porsche C30<\/li>\n<li>FIAT 9.55535-S1<\/li>\n<li>GM DEXOS 2<\/li>\n<\/ul>\n<h3><strong>Conditionnement<\/strong><\/h3>\n<p>12X1L, 4X4L, 4X5L, 20L, 60L, 208L<\/p>\n","protected":false},"excerpt":{"rendered":"<p>Huile moteur synth\u00e9tique universelle, \u00e9conomiseur de carburant, d\u00e9velopp\u00e9e suivant les techniques les plus r\u00e9centes et bas\u00e9e sur des huiles de base synth\u00e9tiques sp\u00e9cifiques auxquelles des additifs d\u2019avant-garde ont \u00e9t\u00e9 ajout\u00e9s. Assure une protection optimale et accroit la long\u00e9vit\u00e9 et la fiabilit\u00e9 du moteur. Combine la protection anti-usure exceptionnelle et la stabilit\u00e9 aux hautes temp\u00e9ratures avec [&hellip;]<\/p>\n","protected":false},"author":1,"featured_media":7441,"parent":9474,"menu_order":9,"comment_status":"closed","ping_status":"closed","template":"product-page.php","meta":{"_acf_changed":false,"inline_featured_image":false,"footnotes":""},"class_list":["post-7794","page","type-page","status-publish","has-post-thumbnail","hentry"],"acf":[],"_links":{"self":[{"href":"https:\/\/xenum.com\/fr\/wp-json\/wp\/v2\/pages\/7794","targetHints":{"allow":["GET"]}}],"collection":[{"href":"https:\/\/xenum.com\/fr\/wp-json\/wp\/v2\/pages"}],"about":[{"href":"https:\/\/xenum.com\/fr\/wp-json\/wp\/v2\/types\/page"}],"author":[{"embeddable":true,"href":"https:\/\/xenum.com\/fr\/wp-json\/wp\/v2\/users\/1"}],"replies":[{"embeddable":true,"href":"https:\/\/xenum.com\/fr\/wp-json\/wp\/v2\/comments?post=7794"}],"version-history":[{"count":8,"href":"https:\/\/xenum.com\/fr\/wp-json\/wp\/v2\/pages\/7794\/revisions"}],"predecessor-version":[{"id":21030,"href":"https:\/\/xenum.com\/fr\/wp-json\/wp\/v2\/pages\/7794\/revisions\/21030"}],"up":[{"embeddable":true,"href":"https:\/\/xenum.com\/fr\/wp-json\/wp\/v2\/pages\/9474"}],"wp:featuredmedia":[{"embeddable":true,"href":"https:\/\/xenum.com\/fr\/wp-json\/wp\/v2\/media\/7441"}],"wp:attachment":[{"href":"https:\/\/xenum.com\/fr\/wp-json\/wp\/v2\/media?parent=7794"}],"curies":[{"name":"wp","href":"https:\/\/api.w.org\/{rel}","templated":true}]}}