{"id":7758,"date":"2018-11-30T17:27:09","date_gmt":"2018-11-30T17:27:09","guid":{"rendered":"https:\/\/xenum.com\/?page_id=7758"},"modified":"2025-06-26T10:05:52","modified_gmt":"2025-06-26T09:05:52","slug":"pro-v-0w20","status":"publish","type":"page","link":"https:\/\/xenum.com\/fr\/accueil\/produits\/huiles\/moteur\/entierement-synthetique\/pro-v-0w20\/","title":{"rendered":"PRO V 0W20"},"content":{"rendered":"<p>Huile moteur synth\u00e9tique universelle, \u00e9conomiseur de carburant, d\u00e9velopp\u00e9e suivant les techniques les plus r\u00e9centes et bas\u00e9e sur des huiles de base synth\u00e9tiques sp\u00e9cifiques auxquelles des additifs d\u2019avant-garde ont \u00e9t\u00e9 ajout\u00e9s. Assure une protection optimale et accroit la long\u00e9vit\u00e9 et la fiabilit\u00e9 du moteur. Combine la protection anti-usure exceptionnelle et la stabilit\u00e9 aux hautes temp\u00e9ratures avec d\u2019excellentes caract\u00e9ristiques de d\u00e9marrage \u00e0 froid.<\/p>\n<h2><strong>Propri\u00e9t\u00e9s<\/strong><\/h2>\n<ul>\n<li>R\u00e9duction de la consommation de carburant fort.<\/li>\n<li>Moins de formation de r\u00e9sidus de combustion.<\/li>\n<li>indice de viscosit\u00e9 \u00e9lev\u00e9 et stable<\/li>\n<li>D\u00e9marrage \u00e0 froid facile aussi chez des temp\u00e9ratures ext\u00e9rieure tr\u00e8s bas.<\/li>\n<li>Maintien d\u2019un film graisseux lors des hautes temp\u00e9ratures de fonctionnement.<\/li>\n<li>un tr\u00e8s bon effet d\u00e9tergent et dispersant.<\/li>\n<li>Grande r\u00e9sistance \u00e0 l\u2019usure, \u00e0 la corrosion et \u00e0 l\u2019encrassement.<\/li>\n<\/ul>\n<h2><strong>Application<\/strong><\/h2>\n<p>Une huile moteur permettant une \u00e9conomie de carburant adapt\u00e9 pour moteurs \u00e0 essence et diesel des voitures Volvo, o\u00f9 le fabricant prescrit un produit qui r\u00e9pond \u00e0 la sp\u00e9cification VCC RBS0-2AE avec viscosit\u00e9 SAE 0W20.<\/p>\n<h2><strong>Specifications<\/strong><\/h2>\n<ul>\n<li>ACEA C5<\/li>\n<li>API SP<\/li>\n<li>Fiat 9.55536-DSX<\/li>\n<li>VOLVO VCC RBS0-2AE<\/li>\n<\/ul>\n<h3><strong>Conditionnement<\/strong><\/h3>\n<p>12X1L, 4X4L, 4X5L, 20L, 60L, 208L<\/p>\n","protected":false},"excerpt":{"rendered":"<p>Huile moteur synth\u00e9tique universelle, \u00e9conomiseur de carburant, d\u00e9velopp\u00e9e suivant les techniques les plus r\u00e9centes et bas\u00e9e sur des huiles de base synth\u00e9tiques sp\u00e9cifiques auxquelles des additifs d\u2019avant-garde ont \u00e9t\u00e9 ajout\u00e9s. Assure une protection optimale et accroit la long\u00e9vit\u00e9 et la fiabilit\u00e9 du moteur. Combine la protection anti-usure exceptionnelle et la stabilit\u00e9 aux hautes temp\u00e9ratures avec [&hellip;]<\/p>\n","protected":false},"author":1,"featured_media":7439,"parent":9474,"menu_order":10,"comment_status":"closed","ping_status":"closed","template":"product-page.php","meta":{"_acf_changed":false,"inline_featured_image":false,"footnotes":""},"class_list":["post-7758","page","type-page","status-publish","has-post-thumbnail","hentry"],"acf":[],"_links":{"self":[{"href":"https:\/\/xenum.com\/fr\/wp-json\/wp\/v2\/pages\/7758","targetHints":{"allow":["GET"]}}],"collection":[{"href":"https:\/\/xenum.com\/fr\/wp-json\/wp\/v2\/pages"}],"about":[{"href":"https:\/\/xenum.com\/fr\/wp-json\/wp\/v2\/types\/page"}],"author":[{"embeddable":true,"href":"https:\/\/xenum.com\/fr\/wp-json\/wp\/v2\/users\/1"}],"replies":[{"embeddable":true,"href":"https:\/\/xenum.com\/fr\/wp-json\/wp\/v2\/comments?post=7758"}],"version-history":[{"count":9,"href":"https:\/\/xenum.com\/fr\/wp-json\/wp\/v2\/pages\/7758\/revisions"}],"predecessor-version":[{"id":25969,"href":"https:\/\/xenum.com\/fr\/wp-json\/wp\/v2\/pages\/7758\/revisions\/25969"}],"up":[{"embeddable":true,"href":"https:\/\/xenum.com\/fr\/wp-json\/wp\/v2\/pages\/9474"}],"wp:featuredmedia":[{"embeddable":true,"href":"https:\/\/xenum.com\/fr\/wp-json\/wp\/v2\/media\/7439"}],"wp:attachment":[{"href":"https:\/\/xenum.com\/fr\/wp-json\/wp\/v2\/media?parent=7758"}],"curies":[{"name":"wp","href":"https:\/\/api.w.org\/{rel}","templated":true}]}}