{"id":7705,"date":"2018-11-27T17:25:29","date_gmt":"2018-11-27T17:25:29","guid":{"rendered":"https:\/\/xenum.com\/?page_id=7705"},"modified":"2023-02-14T10:24:10","modified_gmt":"2023-02-14T09:24:10","slug":"nippon-runner-5w30","status":"publish","type":"page","link":"https:\/\/xenum.com\/fr\/accueil\/produits\/huiles\/moteur\/huile-classique\/nippon-runner-5w30\/","title":{"rendered":"NIPPON RUNNER 5W30"},"content":{"rendered":"<p>Huile moteur avanc\u00e9e, sp\u00e9cialement d\u00e9velopp\u00e9e pour prot\u00e9ger les pi\u00e8ces critiques du moteur des v\u00e9hicules \u00e0 kilom\u00e9trage \u00e9lev\u00e9 (plus de 120.000 km). La composition est bas\u00e9e sur des huiles de base sp\u00e9ciales avec des agents d'\u00e9tanch\u00e9it\u00e9 sp\u00e9ciaux et des additifs qui prolongent la dur\u00e9e de vie, r\u00e9duisent les boues et emp\u00eachent les d\u00e9p\u00f4ts dans le moteur. L'utilisation de conditionneurs d'\u00e9tanch\u00e9it\u00e9 sp\u00e9ciaux permet d'\u00e9viter les fuites dans les moteurs plus anciens et de r\u00e9duire la consommation d'huile. Cette huile moteur peut influencer positivement le vieillissement et la protection de votre moteur.<\/p>\n<h2><strong>Propri\u00e9t\u00e9s<\/strong><\/h2>\n<ul>\n<li>Ralentit le processus de vieillissement du moteur.<\/li>\n<li>Am\u00e9liore la protection contre l'usure.<\/li>\n<li>Offre une meilleure r\u00e9sistance \u00e0 l'oxydation.<\/li>\n<li>Tr\u00e8s bon pouvoir nettoyant.<\/li>\n<li>Assure de tr\u00e8s bonnes propri\u00e9t\u00e9s de d\u00e9marrage \u00e0 froid.<\/li>\n<li>Minimise la consommation d'huile.<\/li>\n<li>Am\u00e9liore l'\u00e9tat des joints et pr\u00e9vient les fuites d'huile.<\/li>\n<\/ul>\n<h2><strong>Aplication<\/strong><\/h2>\n<p>Convient \u00e0 tous les types de moteurs de voitures particuli\u00e8res et de v\u00e9hicules utilitaires l\u00e9gers de plus de 120.000 km.<\/p>\n<p>Appliquer la quantit\u00e9 correcte d'huile indiqu\u00e9e dans le mode d'emploi du constructeur du v\u00e9hicule et du moteur.<\/p>\n<h2><strong>Specifications<\/strong><\/h2>\n<ul>\n<li>ACEA A3 \/ B4<\/li>\n<li>API SN \/ CF<\/li>\n<li>MB 229.3 \/ 226.5<\/li>\n<li>BMW Longlife-01<\/li>\n<li>VW 502.00 \/ 505.00<\/li>\n<li>OPEL GM-LL-B-25<\/li>\n<li>RENAULT 0700<\/li>\n<\/ul>\n<h3><strong>Conditionnement<\/strong><\/h3>\n<p>12X1L, 4X4L, 4X5L, 20L, 60L, 208L<\/p>\n","protected":false},"excerpt":{"rendered":"<p>Huile moteur avanc\u00e9e, sp\u00e9cialement d\u00e9velopp\u00e9e pour prot\u00e9ger les pi\u00e8ces critiques du moteur des v\u00e9hicules \u00e0 kilom\u00e9trage \u00e9lev\u00e9 (plus de 120.000 km). La composition est bas\u00e9e sur des huiles de base sp\u00e9ciales avec des agents d'\u00e9tanch\u00e9it\u00e9 sp\u00e9ciaux et des additifs qui prolongent la dur\u00e9e de vie, r\u00e9duisent les boues et emp\u00eachent les d\u00e9p\u00f4ts dans le moteur. [&hellip;]<\/p>\n","protected":false},"author":1,"featured_media":7699,"parent":621,"menu_order":13,"comment_status":"closed","ping_status":"closed","template":"product-page.php","meta":{"_acf_changed":false,"inline_featured_image":false,"footnotes":""},"class_list":["post-7705","page","type-page","status-publish","has-post-thumbnail","hentry"],"acf":[],"_links":{"self":[{"href":"https:\/\/xenum.com\/fr\/wp-json\/wp\/v2\/pages\/7705","targetHints":{"allow":["GET"]}}],"collection":[{"href":"https:\/\/xenum.com\/fr\/wp-json\/wp\/v2\/pages"}],"about":[{"href":"https:\/\/xenum.com\/fr\/wp-json\/wp\/v2\/types\/page"}],"author":[{"embeddable":true,"href":"https:\/\/xenum.com\/fr\/wp-json\/wp\/v2\/users\/1"}],"replies":[{"embeddable":true,"href":"https:\/\/xenum.com\/fr\/wp-json\/wp\/v2\/comments?post=7705"}],"version-history":[{"count":5,"href":"https:\/\/xenum.com\/fr\/wp-json\/wp\/v2\/pages\/7705\/revisions"}],"predecessor-version":[{"id":20472,"href":"https:\/\/xenum.com\/fr\/wp-json\/wp\/v2\/pages\/7705\/revisions\/20472"}],"up":[{"embeddable":true,"href":"https:\/\/xenum.com\/fr\/wp-json\/wp\/v2\/pages\/621"}],"wp:featuredmedia":[{"embeddable":true,"href":"https:\/\/xenum.com\/fr\/wp-json\/wp\/v2\/media\/7699"}],"wp:attachment":[{"href":"https:\/\/xenum.com\/fr\/wp-json\/wp\/v2\/media?parent=7705"}],"curies":[{"name":"wp","href":"https:\/\/api.w.org\/{rel}","templated":true}]}}