{"id":7686,"date":"2018-11-26T16:24:13","date_gmt":"2018-11-26T16:24:13","guid":{"rendered":"https:\/\/xenum.com\/?page_id=7686"},"modified":"2023-02-10T14:30:00","modified_gmt":"2023-02-10T13:30:00","slug":"x1-5w50","status":"publish","type":"page","link":"https:\/\/xenum.com\/fr\/accueil\/produits\/huiles\/moteur\/esther-hybrid\/x1-5w50\/","title":{"rendered":"X1 5W50"},"content":{"rendered":"<p>Huile moteur synth\u00e9tique haute performance \u00e0 base d'ester qui offre une protection optimale et une dur\u00e9e de vie et une fiabilit\u00e9 accrues du moteur. Il d\u00e9passe les exigences de performance de pratiquement tous les constructeurs de moteurs. Combine des performances anti-usure exceptionnelles et une protection exceptionnelle contre les hautes temp\u00e9ratures. Cette huile se caract\u00e9rise par une excellente fluidit\u00e9 \u00e0 faible temp\u00e9rature, permettant un d\u00e9marrage \u00e0 froid parfait, ainsi qu'une viscosit\u00e9 \u00e9lev\u00e9e lorsque le moteur est chaud.<\/p>\n<h2><strong>Avantages<\/strong><\/h2>\n<ul>\n<li>Indice de viscosit\u00e9 tr\u00e8s \u00e9lev\u00e9 et stable<\/li>\n<li>Grande r\u00e9sistance au \"shearing\"<\/li>\n<li>D\u00e9part \u00e0 froid fluide<\/li>\n<li>Pellicule de lubrification s\u00fbre en cas de tr\u00e8s hautes temp\u00e9ratures de fonctionnement<\/li>\n<li>Tr\u00e8s bon effet d\u00e9tergent et dispersant<\/li>\n<li>Tr\u00e8s grande puissance anti-usure, anticorrosion et antimousse<\/li>\n<\/ul>\n<h2><strong>Specifications<\/strong><\/h2>\n<ul>\n<li>ACEA A3\/B4<\/li>\n<li>API SN\/CF<\/li>\n<li>BMW Longlife-01<\/li>\n<li>PORSCHE A40<\/li>\n<li>MB 229.3<\/li>\n<li>VW 500.00\/505.00<\/li>\n<\/ul>\n<h3><strong>Conditionnement<\/strong><\/h3>\n<p>12X1L, 4X4L, 4X5L, 20L, 60L, 208L<\/p>\n","protected":false},"excerpt":{"rendered":"<p>Huile moteur synth\u00e9tique haute performance \u00e0 base d'ester qui offre une protection optimale et une dur\u00e9e de vie et une fiabilit\u00e9 accrues du moteur. Il d\u00e9passe les exigences de performance de pratiquement tous les constructeurs de moteurs. Combine des performances anti-usure exceptionnelles et une protection exceptionnelle contre les hautes temp\u00e9ratures. Cette huile se caract\u00e9rise par [&hellip;]<\/p>\n","protected":false},"author":1,"featured_media":10109,"parent":9329,"menu_order":5,"comment_status":"closed","ping_status":"closed","template":"product-page.php","meta":{"_acf_changed":false,"inline_featured_image":false,"footnotes":""},"class_list":["post-7686","page","type-page","status-publish","has-post-thumbnail","hentry"],"acf":[],"_links":{"self":[{"href":"https:\/\/xenum.com\/fr\/wp-json\/wp\/v2\/pages\/7686","targetHints":{"allow":["GET"]}}],"collection":[{"href":"https:\/\/xenum.com\/fr\/wp-json\/wp\/v2\/pages"}],"about":[{"href":"https:\/\/xenum.com\/fr\/wp-json\/wp\/v2\/types\/page"}],"author":[{"embeddable":true,"href":"https:\/\/xenum.com\/fr\/wp-json\/wp\/v2\/users\/1"}],"replies":[{"embeddable":true,"href":"https:\/\/xenum.com\/fr\/wp-json\/wp\/v2\/comments?post=7686"}],"version-history":[{"count":4,"href":"https:\/\/xenum.com\/fr\/wp-json\/wp\/v2\/pages\/7686\/revisions"}],"predecessor-version":[{"id":20350,"href":"https:\/\/xenum.com\/fr\/wp-json\/wp\/v2\/pages\/7686\/revisions\/20350"}],"up":[{"embeddable":true,"href":"https:\/\/xenum.com\/fr\/wp-json\/wp\/v2\/pages\/9329"}],"wp:featuredmedia":[{"embeddable":true,"href":"https:\/\/xenum.com\/fr\/wp-json\/wp\/v2\/media\/10109"}],"wp:attachment":[{"href":"https:\/\/xenum.com\/fr\/wp-json\/wp\/v2\/media?parent=7686"}],"curies":[{"name":"wp","href":"https:\/\/api.w.org\/{rel}","templated":true}]}}