{"id":7628,"date":"2018-11-22T16:35:34","date_gmt":"2018-11-22T16:35:34","guid":{"rendered":"https:\/\/xenum.com\/?page_id=7628"},"modified":"2023-02-14T10:58:24","modified_gmt":"2023-02-14T09:58:24","slug":"pro-ll-0w20","status":"publish","type":"page","link":"https:\/\/xenum.com\/fr\/accueil\/produits\/huiles\/moteur\/entierement-synthetique\/pro-ll-0w20\/","title":{"rendered":"PRO LL 0W20"},"content":{"rendered":"<p>Huile moteur synth\u00e9tique universelle, \u00e9conomiseur de carburant, d\u00e9velopp\u00e9e suivant les techniques les plus r\u00e9centes et bas\u00e9e sur des huiles de base synth\u00e9tiques sp\u00e9cifiques auxquelles des additifs d\u2019avant-garde ont \u00e9t\u00e9 ajout\u00e9s. Assure une protection optimale et accroit la long\u00e9vit\u00e9 et la fiabilit\u00e9 du moteur. Combine la protection anti-usure exceptionnelle et la stabilit\u00e9 aux hautes<br \/>\ntemp\u00e9ratures avec d\u2019excellentes caract\u00e9ristiques de d\u00e9marrage \u00e0 froid. Assure une long\u00e9vit\u00e9 accrue des FAP.<\/p>\n<h2><strong>Propi\u00e9t\u00e9s<\/strong><\/h2>\n<p>\u2022 R\u00e9duction de la consommation de carburant.<br \/>\n\u2022 Moins de formation de r\u00e9sidus de combustion.<br \/>\n\u2022 D\u00e9marrage ais\u00e9 \u00e0 froid.<br \/>\n\u2022 Maintien d\u2019un film graisseux lors des hautes temp\u00e9ratures de<br \/>\nfonctionnement.<br \/>\n\u2022 Application ais\u00e9e pour intervalles accrus de vidange.<br \/>\n\u2022 Grande r\u00e9sistance \u00e0 l\u2019usure, \u00e0 la corrosion et \u00e0 l\u2019encrassement.<br \/>\n\u2022 Compatible Mid SAPS \u2013 FAP.<\/p>\n<h2><strong>Aplication<\/strong><\/h2>\n<p>Une huile moteur universelle, sp\u00e9cialement compos\u00e9e, permettant une \u00e9conomie de carburant, convenant aux moteurs \u00e0 essence, GPL et diesel, tant sans qu'avec turbocompresseur, de voitures personnelles et de camionnettes, pour lesquels des intervalles de vidange prolong\u00e9s sont possibles. Cette huile moteur contribue aussi \u00e0 l'allongement de la dur\u00e9e de vie des catalyseurs \u00e0 trois<br \/>\nvoies et des filtres \u00e0 particules, compte tenu du faible taux SAPS. Gr\u00e2ce \u00e0 sa composition sp\u00e9ciale, ce produit peut tout \u00e0 fait \u00eatre utilis\u00e9 pour la norme VW 508.00\/509.00.<\/p>\n<h2><strong>Specifications<\/strong><\/h2>\n<ul>\n<li>ACEA C5<\/li>\n<li>API SN\/SN+<\/li>\n<li>FIAT 9.55535-DM1<\/li>\n<li>VW 508.00\/509.00<\/li>\n<li>Porsche C20<\/li>\n<\/ul>\n<h3><strong>Conditionnement<\/strong><\/h3>\n<p>12X1L, 4X4L, 4X5L, 20L, 60L, 208L<\/p>\n","protected":false},"excerpt":{"rendered":"<p>Huile moteur synth\u00e9tique universelle, \u00e9conomiseur de carburant, d\u00e9velopp\u00e9e suivant les techniques les plus r\u00e9centes et bas\u00e9e sur des huiles de base synth\u00e9tiques sp\u00e9cifiques auxquelles des additifs d\u2019avant-garde ont \u00e9t\u00e9 ajout\u00e9s. Assure une protection optimale et accroit la long\u00e9vit\u00e9 et la fiabilit\u00e9 du moteur. Combine la protection anti-usure exceptionnelle et la stabilit\u00e9 aux hautes temp\u00e9ratures avec [&hellip;]<\/p>\n","protected":false},"author":1,"featured_media":25503,"parent":9474,"menu_order":8,"comment_status":"closed","ping_status":"closed","template":"product-page.php","meta":{"_acf_changed":false,"inline_featured_image":false,"footnotes":""},"class_list":["post-7628","page","type-page","status-publish","has-post-thumbnail","hentry"],"acf":[],"_links":{"self":[{"href":"https:\/\/xenum.com\/fr\/wp-json\/wp\/v2\/pages\/7628","targetHints":{"allow":["GET"]}}],"collection":[{"href":"https:\/\/xenum.com\/fr\/wp-json\/wp\/v2\/pages"}],"about":[{"href":"https:\/\/xenum.com\/fr\/wp-json\/wp\/v2\/types\/page"}],"author":[{"embeddable":true,"href":"https:\/\/xenum.com\/fr\/wp-json\/wp\/v2\/users\/1"}],"replies":[{"embeddable":true,"href":"https:\/\/xenum.com\/fr\/wp-json\/wp\/v2\/comments?post=7628"}],"version-history":[{"count":7,"href":"https:\/\/xenum.com\/fr\/wp-json\/wp\/v2\/pages\/7628\/revisions"}],"predecessor-version":[{"id":20486,"href":"https:\/\/xenum.com\/fr\/wp-json\/wp\/v2\/pages\/7628\/revisions\/20486"}],"up":[{"embeddable":true,"href":"https:\/\/xenum.com\/fr\/wp-json\/wp\/v2\/pages\/9474"}],"wp:featuredmedia":[{"embeddable":true,"href":"https:\/\/xenum.com\/fr\/wp-json\/wp\/v2\/media\/25503"}],"wp:attachment":[{"href":"https:\/\/xenum.com\/fr\/wp-json\/wp\/v2\/media?parent=7628"}],"curies":[{"name":"wp","href":"https:\/\/api.w.org\/{rel}","templated":true}]}}