{"id":7605,"date":"2018-11-21T16:40:48","date_gmt":"2018-11-21T16:40:48","guid":{"rendered":"https:\/\/xenum.com\/?page_id=7605"},"modified":"2023-02-09T15:11:41","modified_gmt":"2023-02-09T14:11:41","slug":"x1-10w60","status":"publish","type":"page","link":"https:\/\/xenum.com\/fr\/accueil\/produits\/huiles\/moteur\/esther-hybrid\/x1-10w60\/","title":{"rendered":"X1 10W60"},"content":{"rendered":"<p>Huile moteur synth\u00e9tique haute performance \u00e0 base d'ester qui offre une protection optimale et une dur\u00e9e de vie et une fiabilit\u00e9 accrues du moteur. Il d\u00e9passe les exigences de performance de pratiquement tous les constructeurs de moteurs. Combine des performances anti-usure exceptionnelles et une protection exceptionnelle contre les hautes temp\u00e9ratures. Gr\u00e2ce \u00e0 l'utilisation d'additifs avanc\u00e9s et \u00e0 sa viscosit\u00e9 \u00e9lev\u00e9e, cette huile est \u00e9galement adapt\u00e9e \u00e0 un environnement de course.<\/p>\n<h2><strong>Propri\u00e9t\u00e9s<\/strong><\/h2>\n<ul>\n<li>Un indice de viscosit\u00e9 \u00e9lev\u00e9 et tr\u00e8s stable<\/li>\n<li>Une grande r\u00e9sistance au cisaillement<\/li>\n<li>Un d\u00e9marrage \u00e0 froid rapide<\/li>\n<li>Un film lubrifiant s\u00fbr \u00e0 tr\u00e8s haute temp\u00e9rature<\/li>\n<li>R\u00e9duction de la formation de cendres de combustion<\/li>\n<li>Une tr\u00e8s bonne d\u00e9tergence et dispersion<\/li>\n<li>Une tr\u00e8s forte protection contre l'usure, la corrosion et le moussage<\/li>\n<\/ul>\n<h2><strong>Specifications<\/strong><\/h2>\n<ul>\n<li>ACEA C3<\/li>\n<li>API SN\/CF<\/li>\n<li>BMW M-Engines \/ LL-01<\/li>\n<li>PORSCHE A 40<\/li>\n<\/ul>\n<h3><strong>Conditionnement<\/strong><\/h3>\n<p>1 L,\u00a05 L,\u00a060 L,\u00a0208 L<\/p>\n","protected":false},"excerpt":{"rendered":"<p>Huile moteur synth\u00e9tique haute performance \u00e0 base d'ester qui offre une protection optimale et une dur\u00e9e de vie et une fiabilit\u00e9 accrues du moteur. Il d\u00e9passe les exigences de performance de pratiquement tous les constructeurs de moteurs. Combine des performances anti-usure exceptionnelles et une protection exceptionnelle contre les hautes temp\u00e9ratures. Gr\u00e2ce \u00e0 l'utilisation d'additifs avanc\u00e9s [&hellip;]<\/p>\n","protected":false},"author":1,"featured_media":10110,"parent":9329,"menu_order":8,"comment_status":"closed","ping_status":"closed","template":"product-page.php","meta":{"_acf_changed":false,"inline_featured_image":false,"footnotes":""},"class_list":["post-7605","page","type-page","status-publish","has-post-thumbnail","hentry"],"acf":[],"_links":{"self":[{"href":"https:\/\/xenum.com\/fr\/wp-json\/wp\/v2\/pages\/7605","targetHints":{"allow":["GET"]}}],"collection":[{"href":"https:\/\/xenum.com\/fr\/wp-json\/wp\/v2\/pages"}],"about":[{"href":"https:\/\/xenum.com\/fr\/wp-json\/wp\/v2\/types\/page"}],"author":[{"embeddable":true,"href":"https:\/\/xenum.com\/fr\/wp-json\/wp\/v2\/users\/1"}],"replies":[{"embeddable":true,"href":"https:\/\/xenum.com\/fr\/wp-json\/wp\/v2\/comments?post=7605"}],"version-history":[{"count":4,"href":"https:\/\/xenum.com\/fr\/wp-json\/wp\/v2\/pages\/7605\/revisions"}],"predecessor-version":[{"id":20188,"href":"https:\/\/xenum.com\/fr\/wp-json\/wp\/v2\/pages\/7605\/revisions\/20188"}],"up":[{"embeddable":true,"href":"https:\/\/xenum.com\/fr\/wp-json\/wp\/v2\/pages\/9329"}],"wp:featuredmedia":[{"embeddable":true,"href":"https:\/\/xenum.com\/fr\/wp-json\/wp\/v2\/media\/10110"}],"wp:attachment":[{"href":"https:\/\/xenum.com\/fr\/wp-json\/wp\/v2\/media?parent=7605"}],"curies":[{"name":"wp","href":"https:\/\/api.w.org\/{rel}","templated":true}]}}