{"id":7480,"date":"2018-11-13T16:23:41","date_gmt":"2018-11-13T16:23:41","guid":{"rendered":"https:\/\/xenum.com\/?page_id=7480"},"modified":"2023-02-10T14:48:49","modified_gmt":"2023-02-10T13:48:49","slug":"x1-0w40","status":"publish","type":"page","link":"https:\/\/xenum.com\/fr\/accueil\/produits\/huiles\/moteur\/esther-hybrid\/x1-0w40\/","title":{"rendered":"X1 0W40"},"content":{"rendered":"<p>Huile moteur synth\u00e9tique haute performance, dot\u00e9e de la technologie Esther Hybrid. Procure une protection maximale, allongeant la vie du moteur et sa fiabilit\u00e9. D\u00e9passe les exigences des constructeurs en termes de performances, offrant alors une large palette d\u2019applications. Combine performance anti-usure et protection \u00e0 haute temp\u00e9rature avec d\u2019excellentes caract\u00e9ristiques de d\u00e9marrage \u00e0 froid.<\/p>\n<h2><strong>Propri\u00e9t\u00e9s<\/strong><\/h2>\n<ul>\n<li>Une grande r\u00e9sistance au \u201cshearing\u201d.<\/li>\n<li>Un indice de viscosit\u00e9 \u00e9lev\u00e9 et stable.<\/li>\n<li>Un d\u00e9part \u00e0 froid fluide.<\/li>\n<li>Une tr\u00e8s grande r\u00e9sistance \u00e0 l'oxydation.<\/li>\n<li>R\u00e9duction de la formation de cendres de combustion.<\/li>\n<li>Une pellicule de lubrification s\u00fbre en cas de temp\u00e9ratures de fonctionnement \u00e9lev\u00e9es.<\/li>\n<li>Un tr\u00e8s bon effet d\u00e9tergent et dispersant.<\/li>\n<li>Une tr\u00e8s grande puissance anti-usure, anticorrosion et antimousse.<\/li>\n<\/ul>\n<h2><strong>Application<\/strong><\/h2>\n<p>Une huile moteur synth\u00e9tique universelle convenant aux moteurs \u00e0 essence, GPL et diesel, tant avec que sans turbocompresseur. Comme cette huile satisfait aux exigences des diff\u00e9rents fabricants automobiles, ce produit a un large champ d\u2019application.<\/p>\n<h2><strong>Application<\/strong><\/h2>\n<ul>\n<li>ACEA C3-12<\/li>\n<li>API SN\/CF<\/li>\n<li>BMW Longlife-04<\/li>\n<li>MB 229.31\/229.51<\/li>\n<li>Dexos 2<\/li>\n<\/ul>\n<h3><strong>Emballage<\/strong><\/h3>\n<p>12X1L, 4X4L, 4X5L, 20L, 60L, 208L<\/p>\n","protected":false},"excerpt":{"rendered":"<p>Huile moteur synth\u00e9tique haute performance, dot\u00e9e de la technologie Esther Hybrid. Procure une protection maximale, allongeant la vie du moteur et sa fiabilit\u00e9. D\u00e9passe les exigences des constructeurs en termes de performances, offrant alors une large palette d\u2019applications. Combine performance anti-usure et protection \u00e0 haute temp\u00e9rature avec d\u2019excellentes caract\u00e9ristiques de d\u00e9marrage \u00e0 froid. Propri\u00e9t\u00e9s Une [&hellip;]<\/p>\n","protected":false},"author":1,"featured_media":10106,"parent":9329,"menu_order":2,"comment_status":"closed","ping_status":"closed","template":"product-page.php","meta":{"_acf_changed":false,"inline_featured_image":false,"footnotes":""},"class_list":["post-7480","page","type-page","status-publish","has-post-thumbnail","hentry"],"acf":[],"_links":{"self":[{"href":"https:\/\/xenum.com\/fr\/wp-json\/wp\/v2\/pages\/7480","targetHints":{"allow":["GET"]}}],"collection":[{"href":"https:\/\/xenum.com\/fr\/wp-json\/wp\/v2\/pages"}],"about":[{"href":"https:\/\/xenum.com\/fr\/wp-json\/wp\/v2\/types\/page"}],"author":[{"embeddable":true,"href":"https:\/\/xenum.com\/fr\/wp-json\/wp\/v2\/users\/1"}],"replies":[{"embeddable":true,"href":"https:\/\/xenum.com\/fr\/wp-json\/wp\/v2\/comments?post=7480"}],"version-history":[{"count":5,"href":"https:\/\/xenum.com\/fr\/wp-json\/wp\/v2\/pages\/7480\/revisions"}],"predecessor-version":[{"id":20380,"href":"https:\/\/xenum.com\/fr\/wp-json\/wp\/v2\/pages\/7480\/revisions\/20380"}],"up":[{"embeddable":true,"href":"https:\/\/xenum.com\/fr\/wp-json\/wp\/v2\/pages\/9329"}],"wp:featuredmedia":[{"embeddable":true,"href":"https:\/\/xenum.com\/fr\/wp-json\/wp\/v2\/media\/10106"}],"wp:attachment":[{"href":"https:\/\/xenum.com\/fr\/wp-json\/wp\/v2\/media?parent=7480"}],"curies":[{"name":"wp","href":"https:\/\/api.w.org\/{rel}","templated":true}]}}