{"id":7456,"date":"2018-11-12T15:21:39","date_gmt":"2018-11-12T15:21:39","guid":{"rendered":"https:\/\/xenum.com\/?page_id=7456"},"modified":"2023-09-29T10:02:09","modified_gmt":"2023-09-29T09:02:09","slug":"x1-0w30","status":"publish","type":"page","link":"https:\/\/xenum.com\/fr\/accueil\/produits\/huiles\/moteur\/esther-hybrid\/x1-0w30\/","title":{"rendered":"X1 0W30"},"content":{"rendered":"<p>Huile moteur synth\u00e9tique haute performance, dot\u00e9e de la technologie Esther Hybrid. Procure une protection maximale, allongeant la vie du moteur et sa fiabilit\u00e9. D\u00e9passe les exigences des constructeurs en termes de performances, offrant alors une large palette d\u2019applications. Combine performance anti-usure et protection \u00e0 haute temp\u00e9rature avec d\u2019excellentes caract\u00e9ristiques de d\u00e9marrage \u00e0 froid.<\/p>\n<h2><strong>Propri\u00e9t\u00e9s<\/strong><\/h2>\n<ul>\n<li>Economie de combustible et r\u00e9ductions d\u2019\u00e9missions ce CO\u00b2.<\/li>\n<li>Une grande r\u00e9sistance au \u201cshearing\u201d.<\/li>\n<li>Un indice de viscosit\u00e9 \u00e9lev\u00e9 et stable.<\/li>\n<li>Un d\u00e9part \u00e0 froid fluide.<\/li>\n<li>Une tr\u00e8s grande r\u00e9sistance \u00e0 l'oxydation.<\/li>\n<li>Une pellicule de lubrification s\u00fbre en cas de temp\u00e9ratures de fonctionnement \u00e9lev\u00e9es.<\/li>\n<li>Un tr\u00e8s bon effet d\u00e9tergent et dispersant.<\/li>\n<li>Une tr\u00e8s grande puissance anti-usure, anticorrosion et antimousse.<\/li>\n<\/ul>\n<h2><strong>Application<\/strong><\/h2>\n<p>Cette huile moteur permettant une \u00e9conomie de carburant convient aux moteurs \u00e0 essence, GPL et diesel, tant sans qu\u2019avec turbocompresseur, de voitures personnelles et de camionnettes.<\/p>\n<h2><strong>Specifications<\/strong><\/h2>\n<ul>\n<li>ACEA C2\/C3<\/li>\n<li>API SN\/CF<\/li>\n<li>VW 504.00\/507.00<\/li>\n<li>BMW Longlife-04<\/li>\n<li>Porsche C30<\/li>\n<li>MB 229.31 \/ 229.51 \/ 229.52<\/li>\n<li>Fiat 955535.GS1\/955535.DS1<\/li>\n<\/ul>\n<h3><strong>Emballage<\/strong><\/h3>\n<p>12X1L, 4X4L, 4X5L<\/p>\n","protected":false},"excerpt":{"rendered":"<p>Huile moteur synth\u00e9tique haute performance, dot\u00e9e de la technologie Esther Hybrid. Procure une protection maximale, allongeant la vie du moteur et sa fiabilit\u00e9. D\u00e9passe les exigences des constructeurs en termes de performances, offrant alors une large palette d\u2019applications. Combine performance anti-usure et protection \u00e0 haute temp\u00e9rature avec d\u2019excellentes caract\u00e9ristiques de d\u00e9marrage \u00e0 froid. Propri\u00e9t\u00e9s Economie [&hellip;]<\/p>\n","protected":false},"author":1,"featured_media":10105,"parent":9329,"menu_order":1,"comment_status":"closed","ping_status":"closed","template":"product-page.php","meta":{"_acf_changed":false,"inline_featured_image":false,"footnotes":""},"class_list":["post-7456","page","type-page","status-publish","has-post-thumbnail","hentry"],"acf":[],"_links":{"self":[{"href":"https:\/\/xenum.com\/fr\/wp-json\/wp\/v2\/pages\/7456","targetHints":{"allow":["GET"]}}],"collection":[{"href":"https:\/\/xenum.com\/fr\/wp-json\/wp\/v2\/pages"}],"about":[{"href":"https:\/\/xenum.com\/fr\/wp-json\/wp\/v2\/types\/page"}],"author":[{"embeddable":true,"href":"https:\/\/xenum.com\/fr\/wp-json\/wp\/v2\/users\/1"}],"replies":[{"embeddable":true,"href":"https:\/\/xenum.com\/fr\/wp-json\/wp\/v2\/comments?post=7456"}],"version-history":[{"count":6,"href":"https:\/\/xenum.com\/fr\/wp-json\/wp\/v2\/pages\/7456\/revisions"}],"predecessor-version":[{"id":24511,"href":"https:\/\/xenum.com\/fr\/wp-json\/wp\/v2\/pages\/7456\/revisions\/24511"}],"up":[{"embeddable":true,"href":"https:\/\/xenum.com\/fr\/wp-json\/wp\/v2\/pages\/9329"}],"wp:featuredmedia":[{"embeddable":true,"href":"https:\/\/xenum.com\/fr\/wp-json\/wp\/v2\/media\/10105"}],"wp:attachment":[{"href":"https:\/\/xenum.com\/fr\/wp-json\/wp\/v2\/media?parent=7456"}],"curies":[{"name":"wp","href":"https:\/\/api.w.org\/{rel}","templated":true}]}}