{"id":7420,"date":"2018-11-08T13:44:40","date_gmt":"2018-11-08T13:44:40","guid":{"rendered":"https:\/\/xenum.com\/?page_id=7420"},"modified":"2019-01-17T16:07:04","modified_gmt":"2019-01-17T16:07:04","slug":"xtreme-polish","status":"publish","type":"page","link":"https:\/\/xenum.com\/fr\/accueil\/produits\/entretien\/auto-detaillering\/xtreme-polish\/","title":{"rendered":"Xtreme Polish"},"content":{"rendered":"<p>Xtreme Polish\u2122 polit et prot\u00e8ge la peinture en formant une couche protectrice brillante, stable et tres durable. Assure une douceur extr\u00e8me, un brillant profond et un excellent effet de perlage. Grace \u00e0 la formule EASY-TO-CLEAN, l'entretien futur sera beaucoup plus facile. La technologie innovante NANOPUR\u00ae-HYBRID assure une protection et un effet miroir long terme pendant des mois. Particuli\u00e8rement facile \u00e0 utiliser. Ne laisse pas de taches blanches tenaces sur les parties en plastique.<\/p>\n<h2><strong>Propi\u00e9t\u00e9s<\/strong><\/h2>\n<ul>\n<li>Protection longue dur\u00e9e.<\/li>\n<li>Couche profonde brillante et durable.<\/li>\n<li>Imperm\u00e9able \u00e0 l'eau.<\/li>\n<li>Protection UV.<\/li>\n<li>Finition facile \u00e0 nettoyer.<\/li>\n<li>Chiffon en microfibre polie inclus.<\/li>\n<li>Formule professionnelle<\/li>\n<li>Flacon ecologique et ergonomique.<\/li>\n<\/ul>\n<h2><strong>Application<\/strong><\/h2>\n<p>Lavez et s\u00e9chez la peinture. Bien agiter avant utilisation. Vaporiser directement sur la peinture du v\u00e9hicule, r\u00e9partir uniform\u00e9ment \u00e0 l'aide d'un chiffon doux. Ensuite, polir imm\u00e9diatement \u00e0 l'aide d'un chiffon doux ou microfibre jusqu'\u00e0 obtention d'une brillance extr\u00eame. Ne pas utiliser sur la peinture chaude. Prot\u00e9ger du gel.<\/p>\n<h3>Conditionnement<\/h3>\n<p>500 ml flacon + microfibre (6 x 500 ml + 6x microfibre\/carton) - REF.\u00a06032500<\/p>\n","protected":false},"excerpt":{"rendered":"<p>Xtreme Polish\u2122 polit et prot\u00e8ge la peinture en formant une couche protectrice brillante, stable et tres durable. Assure une douceur extr\u00e8me, un brillant profond et un excellent effet de perlage. Grace \u00e0 la formule EASY-TO-CLEAN, l'entretien futur sera beaucoup plus facile. La technologie innovante NANOPUR\u00ae-HYBRID assure une protection et un effet miroir long terme pendant [&hellip;]<\/p>\n","protected":false},"author":1,"featured_media":7305,"parent":7260,"menu_order":0,"comment_status":"closed","ping_status":"closed","template":"product-page.php","meta":{"_acf_changed":false,"inline_featured_image":false,"footnotes":""},"class_list":["post-7420","page","type-page","status-publish","has-post-thumbnail","hentry"],"acf":[],"_links":{"self":[{"href":"https:\/\/xenum.com\/fr\/wp-json\/wp\/v2\/pages\/7420","targetHints":{"allow":["GET"]}}],"collection":[{"href":"https:\/\/xenum.com\/fr\/wp-json\/wp\/v2\/pages"}],"about":[{"href":"https:\/\/xenum.com\/fr\/wp-json\/wp\/v2\/types\/page"}],"author":[{"embeddable":true,"href":"https:\/\/xenum.com\/fr\/wp-json\/wp\/v2\/users\/1"}],"replies":[{"embeddable":true,"href":"https:\/\/xenum.com\/fr\/wp-json\/wp\/v2\/comments?post=7420"}],"version-history":[{"count":3,"href":"https:\/\/xenum.com\/fr\/wp-json\/wp\/v2\/pages\/7420\/revisions"}],"predecessor-version":[{"id":8708,"href":"https:\/\/xenum.com\/fr\/wp-json\/wp\/v2\/pages\/7420\/revisions\/8708"}],"up":[{"embeddable":true,"href":"https:\/\/xenum.com\/fr\/wp-json\/wp\/v2\/pages\/7260"}],"wp:featuredmedia":[{"embeddable":true,"href":"https:\/\/xenum.com\/fr\/wp-json\/wp\/v2\/media\/7305"}],"wp:attachment":[{"href":"https:\/\/xenum.com\/fr\/wp-json\/wp\/v2\/media?parent=7420"}],"curies":[{"name":"wp","href":"https:\/\/api.w.org\/{rel}","templated":true}]}}