{"id":7382,"date":"2018-11-06T09:04:25","date_gmt":"2018-11-06T09:04:25","guid":{"rendered":"https:\/\/xenum.com\/?page_id=7382"},"modified":"2019-03-13T13:27:23","modified_gmt":"2019-03-13T13:27:23","slug":"x-shine-polish","status":"publish","type":"page","link":"https:\/\/xenum.com\/fr\/accueil\/produits\/entretien\/auto-detaillering\/x-shine-polish\/","title":{"rendered":"X-Shine Polish"},"content":{"rendered":"<p>X-Shine Polish\u2122 est un polish de finition qui nettoie votre peinture en profondeur tout en obtenant un r\u00e9sultat \u00e9clatant. Elimine\u00a0 les r\u00e9sidus de pollution, de r\u00e9sines et assure une finition ultra brillante. Les cires de haute qualit\u00e9 offrent une protection durable.<\/p>\n<h2><strong>Propi\u00e9t\u00e9s<\/strong><\/h2>\n<ul>\n<li>Protection longue dur\u00e9e.<\/li>\n<li>Nettoie d\u00e9licatement.<\/li>\n<li>Couche brillant.<\/li>\n<li>Ultra brillant.<\/li>\n<li>Formule professionnelle<\/li>\n<li>Flacon ecologique.<\/li>\n<\/ul>\n<h2><strong>Application<\/strong><\/h2>\n<p>Appliquer uniform\u00e9ment et effectu\u00e9\u00a0 des petits mouvements circulaires. R\u00e9p\u00e9ter l\u2019op\u00e9ration jusqu\u2019\u00e0 obtention du r\u00e9sultat d\u00e9sir\u00e9. Lustrer avec un chiffon microfibre doux.<\/p>\n<p>Peut \u00eatre appliqu\u00e9 manuellement ou \u00e0 la machine. Ne pas utiliser \u00e0 la lumi\u00e8re directe du soleil ou sur de la peinture chaude.<\/p>\n<h3>Conditionnement<\/h3>\n<p>500 ml flacon (6 x 500 ml\/carton) - REF.\u00a01938500<\/p>\n","protected":false},"excerpt":{"rendered":"<p>X-Shine Polish\u2122 est un polish de finition qui nettoie votre peinture en profondeur tout en obtenant un r\u00e9sultat \u00e9clatant. Elimine\u00a0 les r\u00e9sidus de pollution, de r\u00e9sines et assure une finition ultra brillante. Les cires de haute qualit\u00e9 offrent une protection durable. Propi\u00e9t\u00e9s Protection longue dur\u00e9e. Nettoie d\u00e9licatement. Couche brillant. Ultra brillant. Formule professionnelle Flacon ecologique. [&hellip;]<\/p>\n","protected":false},"author":1,"featured_media":7306,"parent":7260,"menu_order":1,"comment_status":"closed","ping_status":"closed","template":"product-page.php","meta":{"_acf_changed":false,"inline_featured_image":false,"footnotes":""},"class_list":["post-7382","page","type-page","status-publish","has-post-thumbnail","hentry"],"acf":[],"_links":{"self":[{"href":"https:\/\/xenum.com\/fr\/wp-json\/wp\/v2\/pages\/7382","targetHints":{"allow":["GET"]}}],"collection":[{"href":"https:\/\/xenum.com\/fr\/wp-json\/wp\/v2\/pages"}],"about":[{"href":"https:\/\/xenum.com\/fr\/wp-json\/wp\/v2\/types\/page"}],"author":[{"embeddable":true,"href":"https:\/\/xenum.com\/fr\/wp-json\/wp\/v2\/users\/1"}],"replies":[{"embeddable":true,"href":"https:\/\/xenum.com\/fr\/wp-json\/wp\/v2\/comments?post=7382"}],"version-history":[{"count":2,"href":"https:\/\/xenum.com\/fr\/wp-json\/wp\/v2\/pages\/7382\/revisions"}],"predecessor-version":[{"id":8330,"href":"https:\/\/xenum.com\/fr\/wp-json\/wp\/v2\/pages\/7382\/revisions\/8330"}],"up":[{"embeddable":true,"href":"https:\/\/xenum.com\/fr\/wp-json\/wp\/v2\/pages\/7260"}],"wp:featuredmedia":[{"embeddable":true,"href":"https:\/\/xenum.com\/fr\/wp-json\/wp\/v2\/media\/7306"}],"wp:attachment":[{"href":"https:\/\/xenum.com\/fr\/wp-json\/wp\/v2\/media?parent=7382"}],"curies":[{"name":"wp","href":"https:\/\/api.w.org\/{rel}","templated":true}]}}