{"id":7374,"date":"2018-11-06T08:41:24","date_gmt":"2018-11-06T08:41:24","guid":{"rendered":"https:\/\/xenum.com\/?page_id=7374"},"modified":"2019-03-13T13:28:40","modified_gmt":"2019-03-13T13:28:40","slug":"wash-shine","status":"publish","type":"page","link":"https:\/\/xenum.com\/fr\/accueil\/produits\/entretien\/auto-detaillering\/wash-shine\/","title":{"rendered":"Wash &#038; Shine"},"content":{"rendered":"<p>Wash &amp; Shine est d\u00e9velopp\u00e9 pour que vous puissiez laver votre voiture et lui donner un bel \u00e9clat et une couche protectrice en une seule \u00e9tape. La cire de carnauba de haute qualit\u00e9 assure une brillance durable ainsi qu'une protection extr\u00eame, tandis que les agents nettoyants dissolvent toutes sortes de salet\u00e9s.<\/p>\n<h2><strong>Propi\u00e9t\u00e9s<\/strong><\/h2>\n<ul>\n<li>Nettoyage et rev\u00eatement en une \u00e9tape.<\/li>\n<li>Cire de carnauba<\/li>\n<li>Brillance durable.<\/li>\n<li>Excellente protection.<\/li>\n<li>Dissout toutes sortes de salet\u00e9s.<\/li>\n<li>Parfum agr\u00e9able et sp\u00e9cifique.<\/li>\n<li>Formule professionnelle.<\/li>\n<li>Flacon ecologique et ergonomique.<\/li>\n<\/ul>\n<h2><strong>Application<\/strong><\/h2>\n<p>Rincez votre v\u00e9hicule \u00e0 l'eau. Ajouter 50 ml dans un seau et le remplir d'eau. Lavez votre v\u00e9hicule avec un gant de lavage comme notre gant X-glove. Rincez soigneusement la surface lav\u00e9e et s\u00e9chez-la avec notre Super Absorp. Ne l'utilisez pas sur une voiture chaude ou sous la lumi\u00e8re directe du soleil.<\/p>\n<h3>Conditionnement<\/h3>\n<p>1 L flacon (6 x 1L\/carton) - REF.\u00a01921001<\/p>\n","protected":false},"excerpt":{"rendered":"<p>Wash &amp; Shine est d\u00e9velopp\u00e9 pour que vous puissiez laver votre voiture et lui donner un bel \u00e9clat et une couche protectrice en une seule \u00e9tape. La cire de carnauba de haute qualit\u00e9 assure une brillance durable ainsi qu'une protection extr\u00eame, tandis que les agents nettoyants dissolvent toutes sortes de salet\u00e9s. Propi\u00e9t\u00e9s Nettoyage et rev\u00eatement [&hellip;]<\/p>\n","protected":false},"author":1,"featured_media":7765,"parent":7260,"menu_order":4,"comment_status":"closed","ping_status":"closed","template":"product-page.php","meta":{"_acf_changed":false,"inline_featured_image":false,"footnotes":""},"class_list":["post-7374","page","type-page","status-publish","has-post-thumbnail","hentry"],"acf":[],"_links":{"self":[{"href":"https:\/\/xenum.com\/fr\/wp-json\/wp\/v2\/pages\/7374","targetHints":{"allow":["GET"]}}],"collection":[{"href":"https:\/\/xenum.com\/fr\/wp-json\/wp\/v2\/pages"}],"about":[{"href":"https:\/\/xenum.com\/fr\/wp-json\/wp\/v2\/types\/page"}],"author":[{"embeddable":true,"href":"https:\/\/xenum.com\/fr\/wp-json\/wp\/v2\/users\/1"}],"replies":[{"embeddable":true,"href":"https:\/\/xenum.com\/fr\/wp-json\/wp\/v2\/comments?post=7374"}],"version-history":[{"count":4,"href":"https:\/\/xenum.com\/fr\/wp-json\/wp\/v2\/pages\/7374\/revisions"}],"predecessor-version":[{"id":7376,"href":"https:\/\/xenum.com\/fr\/wp-json\/wp\/v2\/pages\/7374\/revisions\/7376"}],"up":[{"embeddable":true,"href":"https:\/\/xenum.com\/fr\/wp-json\/wp\/v2\/pages\/7260"}],"wp:featuredmedia":[{"embeddable":true,"href":"https:\/\/xenum.com\/fr\/wp-json\/wp\/v2\/media\/7765"}],"wp:attachment":[{"href":"https:\/\/xenum.com\/fr\/wp-json\/wp\/v2\/media?parent=7374"}],"curies":[{"name":"wp","href":"https:\/\/api.w.org\/{rel}","templated":true}]}}