{"id":7353,"date":"2018-11-05T08:24:37","date_gmt":"2018-11-05T08:24:37","guid":{"rendered":"https:\/\/xenum.com\/?page_id=7353"},"modified":"2019-03-13T13:27:46","modified_gmt":"2019-03-13T13:27:46","slug":"rapid-shine","status":"publish","type":"page","link":"https:\/\/xenum.com\/fr\/accueil\/produits\/entretien\/auto-detaillering\/rapid-shine\/","title":{"rendered":"Rapid Shine"},"content":{"rendered":"<p>Cire rapide pour un effet brillant miroitant pour les peintures normales et m\u00e9talliques. Ne laisse pas de r\u00e9sidus blancs sur les pi\u00e8ces en plastique. Rafra\u00eechissement de couleur brillante. Application facile.<\/p>\n<h2><strong>Propi\u00e9t\u00e9s<\/strong><\/h2>\n<ul>\n<li>Rapide.<\/li>\n<li>Haute brillance.<\/li>\n<li>Doucement sur la peinture.<\/li>\n<li>Pas de traces blanches.<\/li>\n<li>Facile \u00e0 appliquer.<\/li>\n<li>Formule professionnelle<\/li>\n<li>Flacon ecologique.<\/li>\n<\/ul>\n<h2><strong>Application<\/strong><\/h2>\n<p>Agiter avant utilisation. Appliquer uniform\u00e9ment et frotter avec un chiffon microfibre et polir en m\u00eame temps. V\u00e9rifier la compatibilit\u00e9 avant l'utilisation. Ne pas utiliser sur des surfaces chaudes ou en plein soleil.<\/p>\n<h3>Conditionnement<\/h3>\n<p>500 ml flacon (6 x 500 ml\/carton) - REF.\u00a01914500<\/p>\n","protected":false},"excerpt":{"rendered":"<p>Cire rapide pour un effet brillant miroitant pour les peintures normales et m\u00e9talliques. Ne laisse pas de r\u00e9sidus blancs sur les pi\u00e8ces en plastique. Rafra\u00eechissement de couleur brillante. Application facile. Propi\u00e9t\u00e9s Rapide. Haute brillance. Doucement sur la peinture. Pas de traces blanches. Facile \u00e0 appliquer. Formule professionnelle Flacon ecologique. Application Agiter avant utilisation. Appliquer uniform\u00e9ment [&hellip;]<\/p>\n","protected":false},"author":1,"featured_media":7256,"parent":7260,"menu_order":2,"comment_status":"closed","ping_status":"closed","template":"product-page.php","meta":{"_acf_changed":false,"inline_featured_image":false,"footnotes":""},"class_list":["post-7353","page","type-page","status-publish","has-post-thumbnail","hentry"],"acf":[],"_links":{"self":[{"href":"https:\/\/xenum.com\/fr\/wp-json\/wp\/v2\/pages\/7353","targetHints":{"allow":["GET"]}}],"collection":[{"href":"https:\/\/xenum.com\/fr\/wp-json\/wp\/v2\/pages"}],"about":[{"href":"https:\/\/xenum.com\/fr\/wp-json\/wp\/v2\/types\/page"}],"author":[{"embeddable":true,"href":"https:\/\/xenum.com\/fr\/wp-json\/wp\/v2\/users\/1"}],"replies":[{"embeddable":true,"href":"https:\/\/xenum.com\/fr\/wp-json\/wp\/v2\/comments?post=7353"}],"version-history":[{"count":2,"href":"https:\/\/xenum.com\/fr\/wp-json\/wp\/v2\/pages\/7353\/revisions"}],"predecessor-version":[{"id":8342,"href":"https:\/\/xenum.com\/fr\/wp-json\/wp\/v2\/pages\/7353\/revisions\/8342"}],"up":[{"embeddable":true,"href":"https:\/\/xenum.com\/fr\/wp-json\/wp\/v2\/pages\/7260"}],"wp:featuredmedia":[{"embeddable":true,"href":"https:\/\/xenum.com\/fr\/wp-json\/wp\/v2\/media\/7256"}],"wp:attachment":[{"href":"https:\/\/xenum.com\/fr\/wp-json\/wp\/v2\/media?parent=7353"}],"curies":[{"name":"wp","href":"https:\/\/api.w.org\/{rel}","templated":true}]}}