{"id":7346,"date":"2018-11-05T08:03:48","date_gmt":"2018-11-05T08:03:48","guid":{"rendered":"https:\/\/xenum.com\/?page_id=7346"},"modified":"2019-03-13T13:30:38","modified_gmt":"2019-03-13T13:30:38","slug":"leather-balm","status":"publish","type":"page","link":"https:\/\/xenum.com\/fr\/accueil\/produits\/entretien\/auto-detaillering\/leather-balm\/","title":{"rendered":"Leather Balm"},"content":{"rendered":"<p>\u00c9mulsion de nettoyage et d'entretien pour tous les cuirs lisses et imitation cuir, par ex. int\u00e9rieurs de voitures, combinaisons moto, sacs, meubles, etc. Convient pour toutes les couleurs de cuir. Enl\u00e8ve facilement la salet\u00e9, l'huile, la graisse et rafra\u00eechit les couleurs. Garde le cuir souple et antid\u00e9rapant, ne glisse pas, avec protection UV.<\/p>\n<h2><strong>Propi\u00e9t\u00e9s<\/strong><\/h2>\n<ul>\n<li>R\u00e9parations.<\/li>\n<li>Prot\u00e8ge.<\/li>\n<li>Conserve sa souplesse.<\/li>\n<li>Pour cuir lisse et imitation cuir.<\/li>\n<li>Soins et protection antid\u00e9rapants.<\/li>\n<li>Formule professionnelle.<\/li>\n<li>Flacon ecologique.<\/li>\n<\/ul>\n<h2><strong>Application<\/strong><\/h2>\n<p>Bien agiter le flacon avant utilisation. Appliquer circulairement avec un chiffon non pelucheux, laisser agir quelques minutes, essuyer avec un chiffon frais.<\/p>\n<p>Consignes de s\u00e9curit\u00e9 : Garder hors de la port\u00e9e des enfants. \u00c9viter le contact avec les yeux.<\/p>\n<h3>Conditionnement<\/h3>\n<p>Boite\u00a0: 250 ml flacon , microfibre, 2 pad polish(6 boites\/carton) - REF. 6063250<\/p>\n","protected":false},"excerpt":{"rendered":"<p>\u00c9mulsion de nettoyage et d'entretien pour tous les cuirs lisses et imitation cuir, par ex. int\u00e9rieurs de voitures, combinaisons moto, sacs, meubles, etc. Convient pour toutes les couleurs de cuir. Enl\u00e8ve facilement la salet\u00e9, l'huile, la graisse et rafra\u00eechit les couleurs. Garde le cuir souple et antid\u00e9rapant, ne glisse pas, avec protection UV. Propi\u00e9t\u00e9s R\u00e9parations. [&hellip;]<\/p>\n","protected":false},"author":1,"featured_media":7309,"parent":7260,"menu_order":11,"comment_status":"closed","ping_status":"closed","template":"product-page.php","meta":{"_acf_changed":false,"inline_featured_image":false,"footnotes":""},"class_list":["post-7346","page","type-page","status-publish","has-post-thumbnail","hentry"],"acf":[],"_links":{"self":[{"href":"https:\/\/xenum.com\/fr\/wp-json\/wp\/v2\/pages\/7346","targetHints":{"allow":["GET"]}}],"collection":[{"href":"https:\/\/xenum.com\/fr\/wp-json\/wp\/v2\/pages"}],"about":[{"href":"https:\/\/xenum.com\/fr\/wp-json\/wp\/v2\/types\/page"}],"author":[{"embeddable":true,"href":"https:\/\/xenum.com\/fr\/wp-json\/wp\/v2\/users\/1"}],"replies":[{"embeddable":true,"href":"https:\/\/xenum.com\/fr\/wp-json\/wp\/v2\/comments?post=7346"}],"version-history":[{"count":3,"href":"https:\/\/xenum.com\/fr\/wp-json\/wp\/v2\/pages\/7346\/revisions"}],"predecessor-version":[{"id":8345,"href":"https:\/\/xenum.com\/fr\/wp-json\/wp\/v2\/pages\/7346\/revisions\/8345"}],"up":[{"embeddable":true,"href":"https:\/\/xenum.com\/fr\/wp-json\/wp\/v2\/pages\/7260"}],"wp:featuredmedia":[{"embeddable":true,"href":"https:\/\/xenum.com\/fr\/wp-json\/wp\/v2\/media\/7309"}],"wp:attachment":[{"href":"https:\/\/xenum.com\/fr\/wp-json\/wp\/v2\/media?parent=7346"}],"curies":[{"name":"wp","href":"https:\/\/api.w.org\/{rel}","templated":true}]}}