{"id":734,"date":"2017-07-18T20:40:34","date_gmt":"2017-07-18T20:40:34","guid":{"rendered":"https:\/\/xenum.com\/?page_id=734"},"modified":"2025-05-28T13:53:01","modified_gmt":"2025-05-28T12:53:01","slug":"gpx-5w40","status":"publish","type":"page","link":"https:\/\/xenum.com\/fr\/accueil\/produits\/huiles\/moteur\/huile-graphite\/gpx-5w40\/","title":{"rendered":"GPX 5W40"},"content":{"rendered":"<p>GPX 5W40 est une huile moteur synth\u00e9tique de premi\u00e8re cat\u00e9gorie avec des particules de micro-carbone graphite. Ce lubrifiant donne de meilleurs r\u00e9sultats que n\u2019importe quelle autre huile moteur traditionnelle gr\u00e2ce \u00e0 sa composition unique en son genre. Ce lubrifiant diminue la friction entre les \u00e9l\u00e9ments en mouvement du moteur qui gaspillent beaucoup d\u2019\u00e9nergie et augmentent la consommation de carburant. Il pr\u00e9vient efficacement le contact, ainsi que la friction entre des surfaces in\u00e9gales. Par rapport \u00e0 des huiles moteur courantes synth\u00e9tiques, il assure une diminution de la friction interne dans le moteur et engendre des \u00e9conomies substantielles de carburant et offre une double r\u00e9duction de l\u2019usure. La formule d\u2019avant-garde rend cette huile id\u00e9ale pour les moteurs modernes \u00e0 haute puissance, mais elle convient \u00e9galement pour les moteurs de v\u00e9hicules plus anciens, tels les mod\u00e8les ant\u00e9rieurs \u00e0 1990.<\/p>\n<h2><strong>Avantages<\/strong><\/h2>\n<ul>\n<li>Baisse de la consommation de carburant (-3 \u00e0 -5%).<\/li>\n<li>Importante diminution de la friction interne.<\/li>\n<li>Puissance remarquablement accrue (+2 \u00e0 +5%).<\/li>\n<li>Importante diminution de la consommation d\u2019huile (jusqu\u2019\u00e0 -80%).<\/li>\n<li>Diminution notable des bruits du moteur.<\/li>\n<li>Meilleur d\u00e9marrage \u00e0 froid.<\/li>\n<li>Garde le moteur plus propre.<\/li>\n<\/ul>\n<h2><strong>Specifications<\/strong><\/h2>\n<ul>\n<li>ACEA C3<\/li>\n<li>API SN\/CF<\/li>\n<\/ul>\n<h3><strong>Conditionnement<\/strong><\/h3>\n<p>12X1L, 4X5L<\/p>\n","protected":false},"excerpt":{"rendered":"<p>GPX 5W40 est une huile moteur synth\u00e9tique de premi\u00e8re cat\u00e9gorie avec des particules de micro-carbone graphite. Ce lubrifiant donne de meilleurs r\u00e9sultats que n\u2019importe quelle autre huile moteur traditionnelle gr\u00e2ce \u00e0 sa composition unique en son genre. Ce lubrifiant diminue la friction entre les \u00e9l\u00e9ments en mouvement du moteur qui gaspillent beaucoup d\u2019\u00e9nergie et augmentent [&hellip;]<\/p>\n","protected":false},"author":1,"featured_media":529,"parent":561,"menu_order":0,"comment_status":"closed","ping_status":"closed","template":"product-page.php","meta":{"_acf_changed":false,"inline_featured_image":false,"footnotes":""},"class_list":["post-734","page","type-page","status-publish","has-post-thumbnail","hentry"],"acf":[],"_links":{"self":[{"href":"https:\/\/xenum.com\/fr\/wp-json\/wp\/v2\/pages\/734","targetHints":{"allow":["GET"]}}],"collection":[{"href":"https:\/\/xenum.com\/fr\/wp-json\/wp\/v2\/pages"}],"about":[{"href":"https:\/\/xenum.com\/fr\/wp-json\/wp\/v2\/types\/page"}],"author":[{"embeddable":true,"href":"https:\/\/xenum.com\/fr\/wp-json\/wp\/v2\/users\/1"}],"replies":[{"embeddable":true,"href":"https:\/\/xenum.com\/fr\/wp-json\/wp\/v2\/comments?post=734"}],"version-history":[{"count":9,"href":"https:\/\/xenum.com\/fr\/wp-json\/wp\/v2\/pages\/734\/revisions"}],"predecessor-version":[{"id":24494,"href":"https:\/\/xenum.com\/fr\/wp-json\/wp\/v2\/pages\/734\/revisions\/24494"}],"up":[{"embeddable":true,"href":"https:\/\/xenum.com\/fr\/wp-json\/wp\/v2\/pages\/561"}],"wp:featuredmedia":[{"embeddable":true,"href":"https:\/\/xenum.com\/fr\/wp-json\/wp\/v2\/media\/529"}],"wp:attachment":[{"href":"https:\/\/xenum.com\/fr\/wp-json\/wp\/v2\/media?parent=734"}],"curies":[{"name":"wp","href":"https:\/\/api.w.org\/{rel}","templated":true}]}}